{"id":26150,"date":"2015-01-05T10:24:17","date_gmt":"2015-01-05T10:24:17","guid":{"rendered":"http:\/\/bohotravels.canarias.com\/package\/medical-spa\/"},"modified":"2018-07-16T10:57:53","modified_gmt":"2018-07-16T10:57:53","slug":"7-dagars-f-x-mayr-detox-i-carlsbad","status":"publish","type":"product","link":"https:\/\/www.bohotravels.com\/sv\/package\/7-dagars-f-x-mayr-detox-i-carlsbad\/","title":{"rendered":"7 DAGARS  F. X. MAYR DETOX I CARLSBAD"},"content":{"rendered":"<p>F. X. Mayr detox behandling med \u00f6vervakning av en specialiserad spa l\u00e4kare. F. X. Mayr-programmet tar effektivt bort skadliga eller giftiga \u00e4mnen fr\u00e5n kroppen och hj\u00e4lper till att minska kroppens vikt.<\/p>\n<p>F. X. Mayr-behandling, som namnges efter den \u00f6sterrikiska doktorn och forskaren Dr Franz Xaver Mayr (1875-1965), \u00e4r ett botemedel som best\u00e5r av fasta f\u00f6ljt av en individuellt doserad diet. Viktminskning \u00e4r en positiv och trevlig bieffekt.<\/p>\n<p>F. X. Mayr-terapin utg\u00f6r att man p\u00e5 ett naturligt s\u00e4tt \u00e5terh\u00e4mtar sig och bygger upp h\u00e4lsan i hela kroppen. Du kommer att k\u00e4nna dig friskare, energisk och du kommer k\u00e4nna mer njutning av livet. Vila och avkoppling \u00e4r ett m\u00e5ste p\u00e5 v\u00e4gen till b\u00e4ttre h\u00e4lsa!<\/p>\n<p>Vistelsetid: minst 7 n\u00e4tter<\/p>\n","protected":false},"excerpt":{"rendered":"<h5>En absolut avgiftning f\u00f6r din kropp och sj\u00e4l i Carlsbad<\/h5>\n","protected":false},"featured_media":26526,"template":"","meta":[],"_links":{"self":[{"href":"https:\/\/www.bohotravels.com\/sv\/wp-json\/wp\/v2\/product\/26150"}],"collection":[{"href":"https:\/\/www.bohotravels.com\/sv\/wp-json\/wp\/v2\/product"}],"about":[{"href":"https:\/\/www.bohotravels.com\/sv\/wp-json\/wp\/v2\/types\/product"}],"wp:featuredmedia":[{"embeddable":true,"href":"https:\/\/www.bohotravels.com\/sv\/wp-json\/wp\/v2\/media\/26526"}],"wp:attachment":[{"href":"https:\/\/www.bohotravels.com\/sv\/wp-json\/wp\/v2\/media?parent=26150"}],"curies":[{"name":"wp","href":"https:\/\/api.w.org\/{rel}","templated":true}]}}