{"id":26134,"date":"2018-03-28T13:22:41","date_gmt":"2018-03-28T13:22:41","guid":{"rendered":"http:\/\/bohotravels.canarias.com\/package\/face\/"},"modified":"2018-07-15T22:14:34","modified_gmt":"2018-07-15T22:14:34","slug":"ansikte","status":"publish","type":"product","link":"https:\/\/www.bohotravels.com\/sv\/package\/ansikte\/","title":{"rendered":"Ansikte"},"content":{"rendered":"<h3 style=\"text-align: center;\"><\/h3>\n<h3 style=\"text-align: center;\">Sl\u00e4tare hud<\/h3>\n<p style=\"text-align: center;\">3 ESTETISKA PROCEDURER F\u00d6R 1 PRIS<\/p>\n<p style=\"text-align: center;\">Slankare mage, sl\u00e4tare hud i ansiktet och fettfyllning i en applicering av stamcells behandling.<\/p>\n<p style=\"text-align: center;\">Huden i ditt ansikte \u00e4r det partiet som uts\u00e4tts mest f\u00f6r solljus och andra faktorer genom livet. F\u00f6r att sl\u00e4ta ut huden erbjuder vi en utm\u00e4rkt behandling som regenererar din hud i endast en applikation.<\/p>\n<p style=\"text-align: center;\">Stamcells anti-aging \u00e4r det senaste medicinska s\u00e4ttet att f\u00f6ryngra ditt ansikte, 100% naturligt eftersom det \u00e4r en del av ditt egna biomaterial som injiceras in i det mellersta lagret av din hud. Den kommer inte bara \u00e5terst\u00e4lla din hud utan hela din v\u00e4vnadsstruktur i ansiktet. Den ger inga \u00e4rr och kr\u00e4ver ingen l\u00e5ng l\u00e4kningsprocess. Effekten visas direkt efter applikationen av stamcellerna. De slutgiltiga resultatet b\u00f6rjar visas redan inom n\u00e5gra m\u00e5nader och det passar \u00e4ven alla \u00e5ldrar.<\/p>\n<p style=\"text-align: center;\"><strong>Du ska \u00e4ven veta att det \u00e4r n\u00f6dv\u00e4ndigt att ha fett p\u00e5 magen f\u00f6r processen.<\/strong><\/p>\n<h5 style=\"text-align: center;\">Med oss kommer du bli behandlad p\u00e5 b\u00e4sta s\u00e4tt under ditt bes\u00f6k i v\u00e5rt vackra Prag.<\/h5>\n","protected":false},"excerpt":{"rendered":"<h5><\/h5>\n<p>Sl\u00e4ta ut din hud i anskiktet med stamceller och naturliga fillers<\/p>\n","protected":false},"featured_media":26222,"template":"","meta":[],"_links":{"self":[{"href":"https:\/\/www.bohotravels.com\/sv\/wp-json\/wp\/v2\/product\/26134"}],"collection":[{"href":"https:\/\/www.bohotravels.com\/sv\/wp-json\/wp\/v2\/product"}],"about":[{"href":"https:\/\/www.bohotravels.com\/sv\/wp-json\/wp\/v2\/types\/product"}],"wp:featuredmedia":[{"embeddable":true,"href":"https:\/\/www.bohotravels.com\/sv\/wp-json\/wp\/v2\/media\/26222"}],"wp:attachment":[{"href":"https:\/\/www.bohotravels.com\/sv\/wp-json\/wp\/v2\/media?parent=26134"}],"curies":[{"name":"wp","href":"https:\/\/api.w.org\/{rel}","templated":true}]}}