{"id":25890,"date":"2017-11-24T11:02:49","date_gmt":"2017-11-24T11:02:49","guid":{"rendered":"http:\/\/bohotravels.canarias.com\/package\/package-1\/"},"modified":"2018-07-19T11:58:36","modified_gmt":"2018-07-19T11:58:36","slug":"ansikte-hals-och-hander","status":"publish","type":"product","link":"https:\/\/www.bohotravels.com\/sv\/package\/ansikte-hals-och-hander\/","title":{"rendered":"Ansikte, Hals och H\u00e4nder"},"content":{"rendered":"<h1 style=\"text-align: center;\"><\/h1>\n<h3 style=\"text-align: center;\">Detta f\u00f6rdelaktiga paket \u00e4r en absolut tr\u00e4ff<\/h3>\n<h5 style=\"text-align: center;\">spara pengar och tid<br \/>\n5 ESTHETISKA PROCEDURER F\u00d6R 1 PRIS<\/h5>\n<p>Slankare mage, glatt ansikte, hals och h\u00e4nder, fettfyllmedel under en applicering av stamcellerna.<\/p>\n<p style=\"text-align: center;\">Sl\u00e4ta ut ansikte, hals och h\u00e4nder med endast en applicering av stamcells behandlingen. Huden p\u00e5 ansiktet, halsen och h\u00e4nderna \u00e4r mest utsatt f\u00f6r solljus och olika negativa faktorer under livets g\u00e5ng. F\u00f6r att sl\u00e4ta ut huden i dessa omr\u00e5den erbjuder vi en enast\u00e5ende behandling som \u00e5terbygger huden i endast en applikation.<\/p>\n<p>Naturlig anti-aging \u00e4r senaste medicinska s\u00e4ttet att f\u00f6ryngra ditt ansikte 100% naturligt, stamceller blandas med din egen biomassa och injiceras i det mellanliggande lagret av huden.Det kommer att \u00e5terst\u00e4lla inte bara huden, utan den totala strukturen i v\u00e4vnaden. Det orsakar inte \u00e4rr och kr\u00e4ver ingen l\u00e5ng l\u00e4kningsprocess.Effekten uppst\u00e5r omedelbart efter endast en applicering av stamcellerna.Resultatet visas redan under de kommande m\u00e5naderna. Passar f\u00f6r alla \u00e5ldrar.<\/p>\n<p>&nbsp;<\/p>\n<p>Naturlig anti-aging \u00e4r senaste medicinska s\u00e4ttet att f\u00f6ryngra ditt ansikte 100% naturligt, stamceller blandas med din egen biomassa och injiceras i det mellanliggande lagret av huden.Det kommer att \u00e5terst\u00e4lla inte bara huden, utan den totala strukturen i v\u00e4vnaden. Det orsakar inte \u00e4rr och kr\u00e4ver ingen l\u00e5ng l\u00e4kningsprocess.Resultatet visas redan under de kommande m\u00e5naderna. Passar f\u00f6r alla \u00e5ldrar.<\/p>\n<p>&nbsp;<\/p>\n","protected":false},"excerpt":{"rendered":"<h5>B\u00e4sta sk\u00f6nhetspaketet som sparar b\u00e5de pengar och tid<\/h5>\n<p>&nbsp;<\/p>\n","protected":false},"featured_media":26891,"template":"","meta":[],"_links":{"self":[{"href":"https:\/\/www.bohotravels.com\/sv\/wp-json\/wp\/v2\/product\/25890"}],"collection":[{"href":"https:\/\/www.bohotravels.com\/sv\/wp-json\/wp\/v2\/product"}],"about":[{"href":"https:\/\/www.bohotravels.com\/sv\/wp-json\/wp\/v2\/types\/product"}],"wp:featuredmedia":[{"embeddable":true,"href":"https:\/\/www.bohotravels.com\/sv\/wp-json\/wp\/v2\/media\/26891"}],"wp:attachment":[{"href":"https:\/\/www.bohotravels.com\/sv\/wp-json\/wp\/v2\/media?parent=25890"}],"curies":[{"name":"wp","href":"https:\/\/api.w.org\/{rel}","templated":true}]}}