{"id":25907,"date":"2017-12-29T12:06:59","date_gmt":"2017-12-29T12:06:59","guid":{"rendered":"http:\/\/bohotravels.canarias.com\/medical-spa-czech-republic-healthy-holidays\/"},"modified":"2018-04-30T08:40:29","modified_gmt":"2018-04-30T08:40:29","slug":"medical-spa-czech-republic-healthy-holidays","status":"publish","type":"page","link":"https:\/\/www.bohotravels.com\/sv\/medical-spa-czech-republic-healthy-holidays\/","title":{"rendered":"Medicinsk spa"},"content":{"rendered":"<p>[vc_row row_type=&#8221;row&#8221; use_row_as_full_screen_section=&#8221;no&#8221; type=&#8221;grid&#8221; text_align=&#8221;left&#8221; css_animation=&#8221;element_from_top&#8221; box_shadow_on_row=&#8221;yes&#8221;][vc_column][vc_column_text el_id=&#8221;h1&#8243;]<\/p>\n<h1 style=\"text-align: center;\">Professionel V\u00e5rd<\/h1>\n<p>[\/vc_column_text][vc_text_separator title=&#8221;Uppt\u00e4ck medicinsk spa i Tjeckien&#8221; css_animation=&#8221;fadeInDown&#8221; text_in_box=&#8221;no&#8221; text_position=&#8221;center&#8221; box_padding=&#8221;15&#8243; line_color=&#8221;#31d699&#8243; line_width=&#8221;258&#8243; line_border_style=&#8221;solid&#8221; up=&#8221;12&#8243; down=&#8221;30&#8243; animation=&#8221;animate_width&#8221; line_dots=&#8221;no&#8221; title_color=&#8221;#1cbfa9&#8243;][vc_column_text]Medicinsk spa-infrastruktur i Tjeckien \u00e4r p\u00e5 utm\u00e4rkt niv\u00e5. Kurorterna d\u00e4r spa-anl\u00e4ggningar ligger anst\u00e4ller endast toppklassiga balneologiska experter och h\u00f6gkvalificerad medicinsk personal.\u00a0Sjukv\u00e5rden i Tjeckien har en v\u00e4ldigt h\u00f6g kvalitet, den progressiva l\u00e4kningen och fysioterapeutiska metoder \u00e4r mycket omtyckt och v\u00e4lk\u00e4nd \u00f6ver hela v\u00e4rlden.<\/p>\n<p>Boho Travels hj\u00e4lper dig att hitta den b\u00e4sta kurorten som passar exakt f\u00f6r dina medicinska v\u00e5rdbehov.\u00a0Vi samarbetar med m\u00e5nga professionella spa hotell och orter som erbjuder den b\u00e4sta v\u00e5rden och skr\u00e4ddarsydda program. Ing\u00e5ngskontroll \u00e4r n\u00f6dv\u00e4ndig f\u00f6r att skapa den individuella l\u00e4karplanen. Din l\u00e4kare kommer att s\u00e4tta upp ett s\u00e4rskilt h\u00e4lsosamt\u00a0program som \u00e4r mest passande f\u00f6r dig.[\/vc_column_text][\/vc_column][\/vc_row][vc_row row_type=&#8221;row&#8221; use_row_as_full_screen_section=&#8221;no&#8221; type=&#8221;grid&#8221; text_align=&#8221;center&#8221; background_image=&#8221;25439&#8243; background_color=&#8221;#f2f2f2&#8243; padding_top=&#8221;14&#8243; padding_bottom=&#8221;14&#8243; css_animation=&#8221;element_from_top&#8221; box_shadow_on_row=&#8221;no&#8221;][vc_column][no_elements_holder number_of_columns=&#8221;five_columns&#8221;][no_elements_holder_item item_padding=&#8221;8px 0px 13px 0px&#8221; aligment=&#8221;center&#8221; animation_name=&#8221;fade_in&#8221; advanced_animations=&#8221;no&#8221; elemnts_holder_frame=&#8221;no&#8221;]<div class=\"edgt_counter_holder  center\" style=\"\"><span class=\"counter  zero\" style=\"color: #1d1614;\">100%<\/span><h6 class='counter_title' style='color:#10bc89;'>Tillfredsst\u00e4llelse<\/h6><\/div>[\/no_elements_holder_item][no_elements_holder_item item_padding=&#8221;8px 0px 13px 0px&#8221; aligment=&#8221;center&#8221; advanced_animations=&#8221;no&#8221; elemnts_holder_frame=&#8221;no&#8221;]<div class=\"edgt_counter_holder  center\" style=\"\"><span class=\"counter  zero\" style=\"color: #1d1614;\">120<\/span><h6 class='counter_title' style='color:#33b28c;'>MIneralk\u00e4llor<\/h6><\/div>[\/no_elements_holder_item][no_elements_holder_item item_padding=&#8221;8px 0px 13px 0px&#8221; aligment=&#8221;center&#8221; advanced_animations=&#8221;no&#8221; elemnts_holder_frame=&#8221;no&#8221;]<div class=\"edgt_counter_holder  center\" style=\"\"><span class=\"counter  zero\" style=\"color: #1d1614;\">156<\/span><h6 class='counter_title' style='color:#1fad79;'>Medicinska spabehandlingar<\/h6><\/div>[\/no_elements_holder_item][no_elements_holder_item item_padding=&#8221;8px 0px 13px 0px&#8221; aligment=&#8221;center&#8221; advanced_animations=&#8221;no&#8221; elemnts_holder_frame=&#8221;no&#8221;]<div class=\"edgt_counter_holder  center\" style=\"\"><span class=\"counter  zero\" style=\"color: #1d1614;\">2<\/span><h6 class='counter_title' style='color:#1eb596;'>Kurorter<\/h6><\/div>[\/no_elements_holder_item][no_elements_holder_item item_padding=&#8221;8px 0px 13px 0px&#8221; aligment=&#8221;center&#8221; advanced_animations=&#8221;no&#8221; elemnts_holder_frame=&#8221;no&#8221;]<div class=\"edgt_counter_holder  center\" style=\"\"><span class=\"counter  zero\" style=\"color: #1d1614;\">10<\/span><h6 class='counter_title' style='color:#14bc8f;'>Unika Boho-program<\/h6><\/div>[\/no_elements_holder_item][\/no_elements_holder][\/vc_column][\/vc_row][vc_row row_type=&#8221;row&#8221; use_row_as_full_screen_section=&#8221;no&#8221; type=&#8221;grid&#8221; text_align=&#8221;left&#8221; padding_top=&#8221;73&#8243; padding_bottom=&#8221;37&#8243; box_shadow_on_row=&#8221;yes&#8221;][vc_column css_animation=&#8221;none&#8221; width=&#8221;1\/2&#8243;]<div class=\"edgt_curtain_pattern_holder\" ><div class=\"edgt_curtain_hover default_color\" style=\"background-image: url()\"><div class=\"ech_curtains\"><div class=\"ech_curtain top pulled\"><\/div><div class=\"ech_curtain bottom pulled\"><\/div><div class=\"ech_curtain left pulled\"><\/div><div class=\"ech_curtain right pulled\"><\/div><\/div><div class=\"ech_content\" >[vc_column_text]<\/p>\n<h4><strong>Boho-program kan includera f\u00f6ljande naturliga behandlingar<\/strong><\/h4>\n<p>[\/vc_column_text][vc_separator type=&#8221;small&#8221; position=&#8221;center&#8221; border_style=&#8221;solid&#8221; width=&#8221;60&#8243; thickness=&#8221;2&#8243; up=&#8221;22&#8243; up_style=&#8221;px&#8221; down=&#8221;26&#8243; down_style=&#8221;px&#8221;][vc_column_text]bada i mineralvatten, lera och torv<br \/>\nl\u00e4kande hydro-massage och fysioterapeutiska metoder torv och lera wraps<br \/>\ndricksvatten fr\u00e5n \u00e4kta mineralk\u00e4llor<br \/>\nl\u00e4kande inhalationer och sk\u00f6ljningar<br \/>\ngasinsprutning av koldioxid<br \/>\ntorra koldioxidbad[\/vc_column_text]<\/div><\/div><\/div>[\/vc_column][vc_column css_animation=&#8221;none&#8221; width=&#8221;1\/2&#8243;]<div class=\"edgt_curtain_pattern_holder\" ><div class=\"edgt_curtain_hover default_color\" style=\"background-image: url()\"><div class=\"ech_curtains\"><div class=\"ech_curtain top pulled\"><\/div><div class=\"ech_curtain bottom pulled\"><\/div><div class=\"ech_curtain left pulled\"><\/div><div class=\"ech_curtain right pulled\"><\/div><\/div><div class=\"ech_content\" >[vc_column_text]<\/p>\n<h4><strong>I dem tjeckiska spaorterna behandlas f\u00f6ljande sjukdomar<\/strong><\/h4>\n<p>[\/vc_column_text][vc_separator type=&#8221;small&#8221; position=&#8221;center&#8221; border_style=&#8221;solid&#8221; width=&#8221;60&#8243; thickness=&#8221;2&#8243; up=&#8221;22&#8243; up_style=&#8221;px&#8221; down=&#8221;26&#8243; down_style=&#8221;px&#8221;][vc_column_text]Onkologiska<br \/>\nKardiovaskul\u00e4ra<br \/>\nMatsm\u00e4ltningssystemet, metaboliska st\u00f6rningar och endokrina<br \/>\nAndningproblem, psykisk oh\u00e4lsa och dermatologiska problem<br \/>\nGynekologiska<br \/>\nSjukdomar i r\u00f6relseapparaten<br \/>\nNjur- och urinv\u00e4gssjukdomar[\/vc_column_text]<\/div><\/div><\/div>[\/vc_column][\/vc_row][vc_row row_type=&#8221;row&#8221; use_row_as_full_screen_section=&#8221;no&#8221; type=&#8221;full_width&#8221; text_align=&#8221;left&#8221; box_shadow_on_row=&#8221;no&#8221;][vc_column][vc_text_separator title=&#8221;Kolla in v\u00e5ra naturliga l\u00e4kande behandlingar som testats under \u00e5rhundraden.&#8221; css_animation=&#8221;fadeInDown&#8221; text_in_box=&#8221;no&#8221; text_position=&#8221;center&#8221; box_padding=&#8221;15&#8243; line_color=&#8221;#31d699&#8243; line_width=&#8221;258&#8243; line_border_style=&#8221;solid&#8221; up=&#8221;12&#8243; down=&#8221;30&#8243; animation=&#8221;animate_width&#8221; line_dots=&#8221;no&#8221; title_color=&#8221;#1cbfa9&#8243;][no_elements_holder number_of_columns=&#8221;three_columns&#8221; switch_to_one_column=&#8221;1000&#8243;][no_elements_holder_item background_color=&#8221;#ddc7b5&#8243; item_padding=&#8221;124px 11% 124px 11%&#8221; aligment=&#8221;left&#8221; vertical_alignment=&#8221;top&#8221; animation_name=&#8221;z_rotate&#8221; animation_delay=&#8221;0&#8243; advanced_animations=&#8221;no&#8221; item_padding_1300_1600=&#8221;111px 11% 110px 11%&#8221; item_padding_1000_1300=&#8221;97px 11% 97px 11%&#8221; item_padding_768_1000=&#8221;97px 11% 97px 11%&#8221; item_padding_600_768=&#8221;70px 6% 70px 6%&#8221; item_padding_480_600=&#8221;70px 6% 70px 6%&#8221; item_padding_480=&#8221;70px 6% 70px 6%&#8221; elemnts_holder_frame=&#8221;no&#8221;][vc_column_text]<\/p>\n<h3>Carlsbad spa<\/h3>\n<p>[\/vc_column_text][vc_separator type=&#8221;small&#8221; position=&#8221;left&#8221; border_style=&#8221;solid&#8221; width=&#8221;60&#8243; thickness=&#8221;2&#8243; up=&#8221;22&#8243; up_style=&#8221;px&#8221; down=&#8221;26&#8243; down_style=&#8221;px&#8221;][vc_column_text]Inkarnationen av spa-elegans, imponerande kolonnader, exklusiva spa-byggnader och en underbar layout i hj\u00e4rtat av en skogsmark. Det \u00e4r Carlsbad, plats f\u00f6r professionell sjukv\u00e5rd.[\/vc_column_text]<a href=\"\" target=\"_self\" data-hover-animated-background-color=#b3835e data-hover-color=#ffffff data-icon-hover-color=#ffffff  class=\"qbutton  qbutton_with_icon fill_from_top icon_right\" style=\"color: #ffffff; border-width: 0px; margin: 28px 0 0 0; background-color: #000000;\"><span class=\"text_wrap\">L\u00c4S MER<\/span><span aria-hidden=\"true\" class=\"edgt_icon_font_elegant arrow_right button_icon\" style=\"color: #b3835e;width: inherit; \" ><\/span><span class=\"a_overlay\" style=\"\"><\/span><\/a>[\/no_elements_holder_item][no_elements_holder_item background_image=&#8221;24313&#8243; item_padding=&#8221;416px 0 0 0&#8243; aligment=&#8221;left&#8221; vertical_alignment=&#8221;top&#8221; animation_name=&#8221;z_rotate&#8221; animation_delay=&#8221;150&#8243; advanced_animations=&#8221;yes&#8221; start_position=&#8221;bottom-top&#8221; end_position=&#8221;center&#8221; item_padding_1300_1600=&#8221;389px 0 0 0&#8243; item_padding_1000_1300=&#8221;389px 0 0 0&#8243; item_padding_768_1000=&#8221;416px 0 0 0&#8243; item_padding_600_768=&#8221;416px 0 0 0&#8243; item_padding_480_600=&#8221;416px 0 0 0&#8243; item_padding_480=&#8221;416px 0 0 0&#8243; elemnts_holder_frame=&#8221;no&#8221; frame_pattern_image=&#8221;&#8221;][\/no_elements_holder_item][no_elements_holder_item background_color=&#8221;#17110f&#8221; item_padding=&#8221;124px 11% 124px 11%&#8221; aligment=&#8221;left&#8221; vertical_alignment=&#8221;top&#8221; animation_name=&#8221;z_rotate&#8221; animation_delay=&#8221;300&#8243; advanced_animations=&#8221;no&#8221; item_padding_1300_1600=&#8221;111px 11% 110px 11%&#8221; item_padding_1000_1300=&#8221;97px 11% 97px 11%&#8221; item_padding_768_1000=&#8221;97px 11% 97px 11%&#8221; item_padding_600_768=&#8221;70px 6% 70px 6%&#8221; item_padding_480_600=&#8221;70px 6% 70px 6%&#8221; item_padding_480=&#8221;70px 6% 70px 6%&#8221; elemnts_holder_frame=&#8221;no&#8221;][vc_column_text]<\/p>\n<h3><span style=\"color: #ffffff;\">Marienbad<\/span><\/h3>\n<p>[\/vc_column_text][vc_separator type=&#8221;small&#8221; position=&#8221;left&#8221; border_style=&#8221;solid&#8221; width=&#8221;60&#8243; thickness=&#8221;2&#8243; up=&#8221;22&#8243; up_style=&#8221;px&#8221; down=&#8221;26&#8243; down_style=&#8221;px&#8221;][vc_column_text]Fantastiska spa-byggnader och blomstrande parker d\u00e4r spa-g\u00e4ster sitter och njuter av den k\u00e4nda drickskuren ur sina kannor som \u00e4r fyllda fr\u00e5n n\u00e5gra av stadens k\u00e4nda mineralk\u00e4llor. Denna spa stad \u00e4r k\u00e4nd och omtyckt av m\u00e5nga viktiga statsm\u00e4n och konstn\u00e4rer fr\u00e5n hela v\u00e4rlden.[\/vc_column_text]<a href=\"#\" target=\"_self\" data-hover-animated-background-color=#b3835e data-hover-color=#ffffff data-icon-hover-color=#ffffff  class=\"qbutton  qbutton_with_icon fill_from_top icon_right\" style=\"color: #ffffff; border-width: 0px; margin: 28px 0 0 0; background-color: #000000;\"><span class=\"text_wrap\">L\u00c4S MER<\/span><span aria-hidden=\"true\" class=\"edgt_icon_font_elegant arrow_right button_icon\" style=\"color: #b3835e;width: inherit; \" ><\/span><span class=\"a_overlay\" style=\"\"><\/span><\/a>[\/no_elements_holder_item][\/no_elements_holder][no_elements_holder number_of_columns=&#8221;three_columns&#8221; switch_to_one_column=&#8221;1000&#8243;][no_elements_holder_item background_image=&#8221;24332&#8243; item_padding=&#8221;416px 0 0 0&#8243; aligment=&#8221;left&#8221; vertical_alignment=&#8221;top&#8221; animation_name=&#8221;z_rotate&#8221; animation_delay=&#8221;0&#8243; advanced_animations=&#8221;no&#8221; item_padding_1300_1600=&#8221;389px 0 0 0&#8243; item_padding_1000_1300=&#8221;389px 0 0 0&#8243; item_padding_768_1000=&#8221;416px 0 0 0&#8243; item_padding_600_768=&#8221;416px 0 0 0&#8243; item_padding_480_600=&#8221;416px 0 0 0&#8243; item_padding_480=&#8221;416px 0 0 0&#8243; elemnts_holder_frame=&#8221;no&#8221;][\/no_elements_holder_item][no_elements_holder_item background_color=&#8221;#56ad93&#8243; item_padding=&#8221;95px 11% 95px 11%&#8221; aligment=&#8221;left&#8221; vertical_alignment=&#8221;top&#8221; animation_name=&#8221;z_rotate&#8221; animation_delay=&#8221;150&#8243; advanced_animations=&#8221;no&#8221; item_padding_1300_1600=&#8221;95px 11% 95px 11%&#8221; item_padding_1000_1300=&#8221;82px 11% 81px 11%&#8221; item_padding_768_1000=&#8221;82px 11% 81px 11%&#8221; item_padding_600_768=&#8221;70px 6% 70px 6%&#8221; item_padding_480_600=&#8221;70px 6% 70px 6%&#8221; item_padding_480=&#8221;70px 6% 70px 6%&#8221; elemnts_holder_frame=&#8221;no&#8221;][vc_column_text]<\/p>\n<h3><span style=\"color: #ffffff;\">Beautifully Designed Packages<\/span><\/h3>\n<p>[\/vc_column_text][vc_separator type=&#8221;small&#8221; position=&#8221;left&#8221; border_style=&#8221;solid&#8221; width=&#8221;60&#8243; thickness=&#8221;2&#8243; up=&#8221;22&#8243; up_style=&#8221;px&#8221; down=&#8221;26&#8243; down_style=&#8221;px&#8221;][vc_column_text]<\/p>\n<p class=\"p1\"><span class=\"s1\">Uppt\u00e4ck v\u00e5ra lyxiga Boho-paket f\u00f6r vackra stunder som du kommer att minnas under en l\u00e5ng tid fram\u00f6ver.<\/span><\/p>\n<p>[\/vc_column_text]<a href=\"#\" target=\"_self\" data-hover-animated-background-color=#b3835e data-hover-color=#ffffff data-icon-hover-color=#ffffff  class=\"qbutton  qbutton_with_icon fill_from_top icon_right\" style=\"color: #ffffff; border-width: 0px; margin: 28px 0 0 0; background-color: #000000;\"><span class=\"text_wrap\">L\u00c4S MER<\/span><span aria-hidden=\"true\" class=\"edgt_icon_font_elegant arrow_right button_icon\" style=\"color: #b3835e;width: inherit; \" ><\/span><span class=\"a_overlay\" style=\"\"><\/span><\/a>[\/no_elements_holder_item][no_elements_holder_item background_image=&#8221;24340&#8243; item_padding=&#8221;416px 0 0 0&#8243; aligment=&#8221;left&#8221; vertical_alignment=&#8221;top&#8221; animation_name=&#8221;z_rotate&#8221; animation_delay=&#8221;300&#8243; advanced_animations=&#8221;no&#8221; item_padding_1300_1600=&#8221;389px 0 0 0&#8243; item_padding_1000_1300=&#8221;389px 0 0 0&#8243; item_padding_768_1000=&#8221;416px 0 0 0&#8243; item_padding_600_768=&#8221;416px 0 0 0&#8243; item_padding_480_600=&#8221;416px 0 0 0&#8243; item_padding_480=&#8221;416px 0 0 0&#8243; elemnts_holder_frame=&#8221;no&#8221;][\/no_elements_holder_item][\/no_elements_holder][\/vc_column][\/vc_row][vc_row row_type=&#8221;row&#8221; use_row_as_full_screen_section=&#8221;no&#8221; type=&#8221;grid&#8221; text_align=&#8221;left&#8221; background_color=&#8221;#f2f2f2&#8243; padding_top=&#8221;10&#8243; padding_bottom=&#8221;10&#8243; box_shadow_on_row=&#8221;no&#8221;][vc_column]<div class='edgt_progress_bar'><h2 class='progress_title_holder clearfix' style='color: #505050;font-size: 17px;'><span class='progress_title'>KREATIVA PROGRAM<\/span><span class='progress_number_wrapper floating floating_outside'><span class='progress_number with_mark' style='color: #00ccb0;background-color: rgba(255,255,255,0.01);font-weight: 700;'><span class='percent'>0<\/span><span class='down_arrow' style=\"border-top-color:rgba(255,255,255,0.01);\"><\/span><\/span><\/span><\/h2><div class='progress_content_outer' style='height: 15px;border-radius: 7px;-moz-border-radius: 7px;-webkit-border-radius: 7px;background-color: #c69c6d;'><div data-percentage='100' class='progress_content' style='height: 15px;background-color: #ffffff;background-image: url();background-repeat: repeat;background-position: 0px 0px;border-color: rgba(255,255,255,0.01);'><\/div><\/div><\/div><div class='edgt_progress_bar'><h4 class='progress_title_holder clearfix' style='color: #505050;font-size: 17px;'><span class='progress_title'>SPA BEHANDLINGAR<\/span><span class='progress_number_wrapper floating floating_outside'><span class='progress_number with_mark' style='color: #00ccaa;background-color: rgba(255,255,255,0.01);font-weight: 700;'><span class='percent'>0<\/span><span class='down_arrow' style=\"border-top-color:rgba(255,255,255,0.01);\"><\/span><\/span><\/span><\/h4><div class='progress_content_outer' style='height: 15px;border-radius: 7px;-moz-border-radius: 7px;-webkit-border-radius: 7px;background-color: #c69c6d;'><div data-percentage='60' class='progress_content' style='height: 15px;background-color: #ffffff;background-image: url();background-repeat: repeat;background-position: 0px 0px;border-color: rgba(255,255,255,0.01);'><\/div><\/div><\/div><div class='edgt_progress_bar'><h4 class='progress_title_holder clearfix' style='color: #505050;font-size: 17px;'><span class='progress_title'>KULTUR<\/span><span class='progress_number_wrapper floating floating_outside'><span class='progress_number with_mark' style='color: #00c489;background-color: rgba(255,255,255,0.01);font-weight: 700;'><span class='percent'>0<\/span><span class='down_arrow' style=\"border-top-color:rgba(255,255,255,0.01);\"><\/span><\/span><\/span><\/h4><div class='progress_content_outer' style='height: 15px;border-radius: 7px;-moz-border-radius: 7px;-webkit-border-radius: 7px;background-color: #c69c6d;'><div data-percentage='40' class='progress_content' style='height: 15px;background-color: #ffffff;background-image: url();background-repeat: repeat;background-position: 0px 0px;border-color: rgba(255,255,255,0.01);'><\/div><\/div><\/div><div class='edgt_progress_bar'><h4 class='progress_title_holder clearfix' style='color: #505050;font-size: 17px;'><span class='progress_title'>KUL og KOPPLA<\/span><span class='progress_number_wrapper floating floating_outside'><span class='progress_number with_mark' style='color: #00bc8a;background-color: rgba(255,255,255,0.01);font-weight: 700;'><span class='percent'>0<\/span><span class='down_arrow' style=\"border-top-color:rgba(255,255,255,0.01);\"><\/span><\/span><\/span><\/h4><div class='progress_content_outer' style='height: 15px;border-radius: 7px;-moz-border-radius: 7px;-webkit-border-radius: 7px;background-color: #c69c6d;'><div data-percentage='100' class='progress_content' style='height: 15px;background-color: #ffffff;background-image: url();background-repeat: repeat;background-position: 0px 0px;border-color: rgba(255,255,255,0.01);'><\/div><\/div><\/div>[vc_column_text][\/vc_column_text][\/vc_column][\/vc_row][vc_row row_type=&#8221;row&#8221; use_row_as_full_screen_section=&#8221;no&#8221; type=&#8221;full_width&#8221; text_align=&#8221;left&#8221; box_shadow_on_row=&#8221;no&#8221;][vc_column][\/vc_column][\/vc_row]<\/p>\n","protected":false},"excerpt":{"rendered":"<p>[vc_row row_type=&#8221;row&#8221; use_row_as_full_screen_section=&#8221;no&#8221; type=&#8221;grid&#8221; text_align=&#8221;left&#8221; css_animation=&#8221;element_from_top&#8221; box_shadow_on_row=&#8221;yes&#8221;][vc_column][vc_column_text el_id=&#8221;h1&#8243;] Professionel V\u00e5rd [\/vc_column_text][vc_text_separator title=&#8221;Uppt\u00e4ck medicinsk spa i Tjeckien&#8221; css_animation=&#8221;fadeInDown&#8221; text_in_box=&#8221;no&#8221; text_position=&#8221;center&#8221; box_padding=&#8221;15&#8243; line_color=&#8221;#31d699&#8243; line_width=&#8221;258&#8243; line_border_style=&#8221;solid&#8221; up=&#8221;12&#8243; down=&#8221;30&#8243; animation=&#8221;animate_width&#8221; line_dots=&#8221;no&#8221; title_color=&#8221;#1cbfa9&#8243;][vc_column_text]Medicinsk spa-infrastruktur i Tjeckien \u00e4r p\u00e5 utm\u00e4rkt niv\u00e5. Kurorterna d\u00e4r spa-anl\u00e4ggningar ligger anst\u00e4ller endast toppklassiga balneologiska experter och&#8230;<\/p>\n","protected":false},"author":1,"featured_media":0,"parent":0,"menu_order":0,"comment_status":"open","ping_status":"open","template":"full_width.php","meta":[],"_links":{"self":[{"href":"https:\/\/www.bohotravels.com\/sv\/wp-json\/wp\/v2\/pages\/25907"}],"collection":[{"href":"https:\/\/www.bohotravels.com\/sv\/wp-json\/wp\/v2\/pages"}],"about":[{"href":"https:\/\/www.bohotravels.com\/sv\/wp-json\/wp\/v2\/types\/page"}],"author":[{"embeddable":true,"href":"https:\/\/www.bohotravels.com\/sv\/wp-json\/wp\/v2\/users\/1"}],"replies":[{"embeddable":true,"href":"https:\/\/www.bohotravels.com\/sv\/wp-json\/wp\/v2\/comments?post=25907"}],"version-history":[{"count":5,"href":"https:\/\/www.bohotravels.com\/sv\/wp-json\/wp\/v2\/pages\/25907\/revisions"}],"predecessor-version":[{"id":26364,"href":"https:\/\/www.bohotravels.com\/sv\/wp-json\/wp\/v2\/pages\/25907\/revisions\/26364"}],"wp:attachment":[{"href":"https:\/\/www.bohotravels.com\/sv\/wp-json\/wp\/v2\/media?parent=25907"}],"curies":[{"name":"wp","href":"https:\/\/api.w.org\/{rel}","templated":true}]}}