{"id":25903,"date":"2015-07-27T12:30:57","date_gmt":"2015-07-27T12:30:57","guid":{"rendered":"http:\/\/bohotravels.canarias.com\/wellness-spa-czech-republic\/"},"modified":"2018-05-28T09:58:42","modified_gmt":"2018-05-28T09:58:42","slug":"wellness-spa-czech-republic","status":"publish","type":"page","link":"https:\/\/www.bohotravels.com\/sv\/wellness-spa-czech-republic\/","title":{"rendered":"Wellness Spa"},"content":{"rendered":"<p>[vc_row row_type=&#8221;row&#8221; use_row_as_full_screen_section=&#8221;no&#8221; type=&#8221;grid&#8221; text_align=&#8221;center&#8221; background_color=&#8221;#f2f2f2&#8243; padding_top=&#8221;14&#8243; padding_bottom=&#8221;14&#8243; box_shadow_on_row=&#8221;no&#8221;][vc_column][no_elements_holder number_of_columns=&#8221;five_columns&#8221;][no_elements_holder_item item_padding=&#8221;8px 0px 13px 0px&#8221; aligment=&#8221;center&#8221; advanced_animations=&#8221;no&#8221; elemnts_holder_frame=&#8221;no&#8221;]<div class=\"edgt_counter_holder  center\" style=\"\"><span class=\"counter  zero\" style=\"color: #1d1614;\">100<\/span><h4 class='counter_title' style='color:#b77e4b;'>TILLFREDSST\u00c4LLELSE<\/h4><\/div>[\/no_elements_holder_item][no_elements_holder_item item_padding=&#8221;8px 0px 13px 0px&#8221; aligment=&#8221;center&#8221; advanced_animations=&#8221;no&#8221; elemnts_holder_frame=&#8221;no&#8221;]<div class=\"edgt_counter_holder  center\" style=\"\"><span class=\"counter  zero\" style=\"color: #1d1614;\">120<\/span><h4 class='counter_title' style='color:#b77e4b;'>MINERAL K\u00c4LLOR<\/h4><\/div>[\/no_elements_holder_item][no_elements_holder_item item_padding=&#8221;8px 0px 13px 0px&#8221; aligment=&#8221;center&#8221; advanced_animations=&#8221;no&#8221; elemnts_holder_frame=&#8221;no&#8221;]<div class=\"edgt_counter_holder  center\" style=\"\"><span class=\"counter  zero\" style=\"color: #1d1614;\">25<\/span><h4 class='counter_title' style='color:#b77e4b;'>SPA PROGRAM<\/h4><\/div>[\/no_elements_holder_item][no_elements_holder_item item_padding=&#8221;8px 0px 13px 0px&#8221; aligment=&#8221;center&#8221; advanced_animations=&#8221;no&#8221; elemnts_holder_frame=&#8221;no&#8221;]<div class=\"edgt_counter_holder  center\" style=\"\"><span class=\"counter  zero\" style=\"color: #1d1614;\">2<\/span><h6 class='counter_title' style='color:#b77e4b;'>SPA ST\u00c4DER<\/h6><\/div>[\/no_elements_holder_item][no_elements_holder_item item_padding=&#8221;8px 0px 13px 0px&#8221; aligment=&#8221;center&#8221; advanced_animations=&#8221;no&#8221; elemnts_holder_frame=&#8221;no&#8221;]<div class=\"edgt_counter_holder  center\" style=\"\"><span class=\"counter  zero\" style=\"color: #1d1614;\">10<\/span><h4 class='counter_title' style='color:#b77e4b;'>UNIKA BOHO-AKTIVITETER<\/h4><\/div>[\/no_elements_holder_item][\/no_elements_holder][\/vc_column][\/vc_row][vc_row row_type=&#8221;row&#8221; use_row_as_full_screen_section=&#8221;no&#8221; type=&#8221;grid&#8221; text_align=&#8221;center&#8221; background_image=&#8221;26990&#8243; pattern_background=&#8221;pattern_background&#8221; padding_top=&#8221;68&#8243; padding_bottom=&#8221;75&#8243; box_shadow_on_row=&#8221;no&#8221;][vc_column parallax=&#8221;content-moving-fade&#8221; css_animation=&#8221;none&#8221;][vc_text_separator title=&#8221;Du f\u00f6rtj\u00e4nar att unna dig v\u00e5ra lyxiga Boh\u00f6-Behandlingar&#8221; css_animation=&#8221;none&#8221; text_in_box=&#8221;no&#8221; text_position=&#8221;center&#8221; box_padding=&#8221;15&#8243; line_color=&#8221;#38f7be&#8221; line_width=&#8221;258&#8243; line_border_style=&#8221;solid&#8221; up=&#8221;12&#8243; down=&#8221;30&#8243; animation=&#8221;animate_width&#8221; line_dots=&#8221;no&#8221; title_color=&#8221;#25f7cd&#8221;][vc_column_text el_class=&#8221;color-whitesmoke&#8221;]<\/p>\n<p class=\"p1\"><span class=\"s1\">Unna dig den b\u00e4sta v\u00e5rden och l\u00e4mna bakom vardagens stress. Njut av v\u00e5ra avkopplande bad i helande vatten, en lugnande massage, naturliga inpackningar och andra lyxbehandlingar i en vacker milj\u00f6 i v\u00e5ra tjeckiska wellness-kurorter och hotell, ostentatiska slott och lantg\u00e5rdar som ligger i en underbar historisk stad.<\/span><\/p>\n<p class=\"p1\"><span class=\"s1\">Wellness-spa-program skapas f\u00f6r avkoppling i de helande mineral k\u00e4llorna och andra naturliga terapeutiska resurser i de tjeckiska spa som ligger i den vackra natursk\u00f6na landsbygden. V\u00e5ra kunder f\u00e5r h\u00f6gkvalitativ spav\u00e5rd, h\u00e4lsoprogram, moderna trender och ett brett utbud av andra tj\u00e4nster. Sk\u00e4m bort din kropp och sj\u00e4l i de tjeckiska spa-omr\u00e5dena f\u00f6r att k\u00e4nna dig som nyf\u00f6dd.<\/span><\/p>\n<p class=\"p1\"><span class=\"s1\">Boho Travels hj\u00e4lper dig att hitta den b\u00e4sta spaorten som passar dina medicinska och v\u00e5rdbehov. Vi samarbetar med m\u00e5nga professionella spa hotell och resorts, som erbjuder den b\u00e4sta v\u00e5rden och skr\u00e4ddarsydda program. Inledande medicinsk r\u00e5dgivning \u00e4r n\u00f6dv\u00e4ndig f\u00f6r att skapa den individuella l\u00e4karplanen. Din l\u00e4kare kommer att skapa ett paket och ett s\u00e4rskilt h\u00e4lsoprogram som passar just dig!<\/span><\/p>\n<p>[\/vc_column_text]<div class='edgt_progress_bar'><h3 class='progress_title_holder clearfix' style='color: #c47703;font-size: 20px;'><span class='progress_title'>KULTUR<\/span><span class='progress_number_wrapper floating floating_outside'><span class='progress_number with_mark' style='color: #00c475;background-color: rgba(255,255,255,0.01);font-weight: 700;'><span class='percent'>0<\/span><span class='down_arrow' style=\"border-top-color:rgba(255,255,255,0.01);\"><\/span><\/span><\/span><\/h3><div class='progress_content_outer' style='height: 15px;border-radius: 7px;-moz-border-radius: 7px;-webkit-border-radius: 7px;background-color: #c69c6d;'><div data-percentage='40' class='progress_content' style='height: 15px;background-color: #ffffff;background-image: url();background-repeat: repeat;background-position: 0px 0px;border-color: rgba(255,255,255,0.01);'><\/div><\/div><\/div><div class='edgt_progress_bar'><h2 class='progress_title_holder clearfix' style='color: #c67000;font-size: 20px;'><span class='progress_title'>SPA BEHANDLINGAR<\/span><span class='progress_number_wrapper floating floating_outside'><span class='progress_number with_mark' style='color: #0faa77;background-color: rgba(255,255,255,0.01);font-weight: 700;'><span class='percent'>0<\/span><span class='down_arrow' style=\"border-top-color:rgba(255,255,255,0.01);\"><\/span><\/span><\/span><\/h2><div class='progress_content_outer' style='height: 15px;border-radius: 7px;-moz-border-radius: 7px;-webkit-border-radius: 7px;background-color: #c69c6d;'><div data-percentage='60' class='progress_content' style='height: 15px;background-color: #ffffff;background-image: url();background-repeat: repeat;background-position: 0px 0px;border-color: rgba(255,255,255,0.01);'><\/div><\/div><\/div><div class='edgt_progress_bar'><h2 class='progress_title_holder clearfix' style='color: #bc7d00;font-size: 20px;'><span class='progress_title'>N\u00d6JE og AVKOPPLING<\/span><span class='progress_number_wrapper floating floating_outside'><span class='progress_number with_mark' style='color: #00c67d;background-color: rgba(255,255,255,0.01);font-weight: 700;'><span class='percent'>0<\/span><span class='down_arrow' style=\"border-top-color:rgba(255,255,255,0.01);\"><\/span><\/span><\/span><\/h2><div class='progress_content_outer' style='height: 15px;border-radius: 7px;-moz-border-radius: 7px;-webkit-border-radius: 7px;background-color: #c69c6d;'><div data-percentage='100' class='progress_content' style='height: 15px;background-color: #ffffff;background-image: url();background-repeat: repeat;background-position: 0px 0px;border-color: rgba(255,255,255,0.01);'><\/div><\/div><\/div><div class='edgt_progress_bar'><h2 class='progress_title_holder clearfix' style='color: #b78101;font-size: 20px;'><span class='progress_title'>KREATIVA PROGRAM<\/span><span class='progress_number_wrapper floating floating_outside'><span class='progress_number with_mark' style='color: #08d180;background-color: rgba(255,255,255,0.01);font-weight: 700;'><span class='percent'>0<\/span><span class='down_arrow' style=\"border-top-color:rgba(255,255,255,0.01);\"><\/span><\/span><\/span><\/h2><div class='progress_content_outer' style='height: 15px;border-radius: 7px;-moz-border-radius: 7px;-webkit-border-radius: 7px;background-color: #c69c6d;'><div data-percentage='100' class='progress_content' style='height: 15px;background-color: #ffffff;background-image: url();background-repeat: repeat;background-position: 0px 0px;border-color: rgba(255,255,255,0.01);'><\/div><\/div><\/div>[\/vc_column][\/vc_row][vc_row row_type=&#8221;row&#8221; use_row_as_full_screen_section=&#8221;no&#8221; type=&#8221;full_width&#8221; text_align=&#8221;left&#8221; box_shadow_on_row=&#8221;no&#8221;][vc_column css=&#8221;.vc_custom_1518789979964{padding-top: 25px !important;padding-bottom: 25px !important;padding-left: 63px !important;}&#8221;][vc_column_text css=&#8221;.vc_custom_1524090967619{margin-top: 5px !important;border-radius: 5px !important;}&#8221;]<\/p>\n<h2 style=\"text-align: center;\">Various Boho Prog Olika Boho Program Bara F\u00f6r Dig<\/h2>\n<p>[\/vc_column_text][vc_column_text]<\/p>\n<p class=\"p1\"><span class=\"s1\">Boho Travels \u00e4r h\u00e4r f\u00f6r att ordna en of\u00f6rgl\u00f6mlig upplevelse. Du kan f\u00f6rv\u00e4nta dig spa-tj\u00e4nster som du kommer att njuta av och ett brett utbud av fritidsaktiviteter f\u00f6r att berika din semester i Tjeckien.<\/span><\/p>\n<p>[\/vc_column_text][\/vc_column][\/vc_row][vc_row row_type=&#8221;row&#8221; use_row_as_full_screen_section=&#8221;no&#8221; type=&#8221;full_width&#8221; text_align=&#8221;left&#8221; box_shadow_on_row=&#8221;no&#8221;][vc_column][no_elements_holder number_of_columns=&#8221;three_columns&#8221; switch_to_one_column=&#8221;1000&#8243;][no_elements_holder_item background_color=&#8221;#ddc7b5&#8243; item_padding=&#8221;124px 11% 124px 11%&#8221; aligment=&#8221;left&#8221; vertical_alignment=&#8221;top&#8221; animation_name=&#8221;z_rotate&#8221; animation_delay=&#8221;0&#8243; advanced_animations=&#8221;no&#8221; item_padding_1300_1600=&#8221;111px 11% 110px 11%&#8221; item_padding_1000_1300=&#8221;97px 11% 97px 11%&#8221; item_padding_768_1000=&#8221;97px 11% 97px 11%&#8221; item_padding_600_768=&#8221;70px 6% 70px 6%&#8221; item_padding_480_600=&#8221;70px 6% 70px 6%&#8221; item_padding_480=&#8221;70px 6% 70px 6%&#8221; elemnts_holder_frame=&#8221;no&#8221;][vc_column_text]<\/p>\n<h3>Carlsbad spa<\/h3>\n<p>[\/vc_column_text][vc_separator type=&#8221;small&#8221; position=&#8221;left&#8221; border_style=&#8221;solid&#8221; width=&#8221;60&#8243; thickness=&#8221;2&#8243; up=&#8221;22&#8243; up_style=&#8221;px&#8221; down=&#8221;26&#8243; down_style=&#8221;px&#8221;][vc_column_text]<span class=\"s1\">Upplev sk\u00f6nheten i spa-elegans, imponerande kolonnader, exklusiva spa-byggnader och en underbar layout i hj\u00e4rtat av en skogsmark. Det \u00e4r Carlsbad.<\/span>[\/vc_column_text]<a href=\"#\" target=\"_self\" data-hover-animated-background-color=#b3835e data-hover-color=#ffffff data-icon-hover-color=#ffffff  class=\"qbutton  qbutton_with_icon fill_from_top icon_right\" style=\"color: #ffffff; border-width: 0px; margin: 28px 0 0 0; background-color: #000000;\"><span class=\"text_wrap\">L\u00c4S MER<\/span><span aria-hidden=\"true\" class=\"edgt_icon_font_elegant arrow_right button_icon\" style=\"color: #b3835e;width: inherit; \" ><\/span><span class=\"a_overlay\" style=\"\"><\/span><\/a>[\/no_elements_holder_item][no_elements_holder_item background_image=&#8221;24313&#8243; item_padding=&#8221;416px 0 0 0&#8243; aligment=&#8221;left&#8221; vertical_alignment=&#8221;top&#8221; animation_name=&#8221;z_rotate&#8221; animation_delay=&#8221;150&#8243; advanced_animations=&#8221;yes&#8221; start_position=&#8221;bottom-top&#8221; end_position=&#8221;center&#8221; item_padding_1300_1600=&#8221;389px 0 0 0&#8243; item_padding_1000_1300=&#8221;389px 0 0 0&#8243; item_padding_768_1000=&#8221;416px 0 0 0&#8243; item_padding_600_768=&#8221;416px 0 0 0&#8243; item_padding_480_600=&#8221;416px 0 0 0&#8243; item_padding_480=&#8221;416px 0 0 0&#8243; elemnts_holder_frame=&#8221;no&#8221; frame_pattern_image=&#8221;&#8221;][\/no_elements_holder_item][no_elements_holder_item background_color=&#8221;#17110f&#8221; item_padding=&#8221;124px 11% 124px 11%&#8221; aligment=&#8221;left&#8221; vertical_alignment=&#8221;top&#8221; animation_name=&#8221;z_rotate&#8221; animation_delay=&#8221;300&#8243; advanced_animations=&#8221;no&#8221; item_padding_1300_1600=&#8221;111px 11% 110px 11%&#8221; item_padding_1000_1300=&#8221;97px 11% 97px 11%&#8221; item_padding_768_1000=&#8221;97px 11% 97px 11%&#8221; item_padding_600_768=&#8221;70px 6% 70px 6%&#8221; item_padding_480_600=&#8221;70px 6% 70px 6%&#8221; item_padding_480=&#8221;70px 6% 70px 6%&#8221; elemnts_holder_frame=&#8221;no&#8221;][vc_column_text]<\/p>\n<h3><span style=\"color: #ffffff;\">Marienbad<\/span><\/h3>\n<p>[\/vc_column_text][vc_separator type=&#8221;small&#8221; position=&#8221;left&#8221; border_style=&#8221;solid&#8221; width=&#8221;60&#8243; thickness=&#8221;2&#8243; up=&#8221;22&#8243; up_style=&#8221;px&#8221; down=&#8221;26&#8243; down_style=&#8221;px&#8221;][vc_column_text el_class=&#8221;color-whitesmoke&#8221;]<\/p>\n<p class=\"p1\"><span class=\"s1\">Fantastiska alternativa spa-byggnader med blomstrande parker d\u00e4r spa-g\u00e4ster sitter och smuttar ur sm\u00e5 krukor fyllda med stadens k\u00e4nda k\u00e4llor. Denna spa stad har blivit bes\u00f6kt av de viktigaste statsm\u00e4nnen och artister fr\u00e5n hela v\u00e4rlden.<\/span><\/p>\n<p>[\/vc_column_text]<a href=\"#\" target=\"_self\" data-hover-animated-background-color=#b3835e data-hover-color=#ffffff data-icon-hover-color=#ffffff  class=\"qbutton  qbutton_with_icon fill_from_top icon_right\" style=\"color: #ffffff; border-width: 0px; margin: 28px 0 0 0; background-color: #000000;\"><span class=\"text_wrap\">L\u00c4S MER<\/span><span aria-hidden=\"true\" class=\"edgt_icon_font_elegant arrow_right button_icon\" style=\"color: #b3835e;width: inherit; \" ><\/span><span class=\"a_overlay\" style=\"\"><\/span><\/a>[\/no_elements_holder_item][\/no_elements_holder][no_elements_holder number_of_columns=&#8221;three_columns&#8221; switch_to_one_column=&#8221;1000&#8243;][no_elements_holder_item background_image=&#8221;24332&#8243; item_padding=&#8221;416px 0 0 0&#8243; aligment=&#8221;left&#8221; vertical_alignment=&#8221;top&#8221; animation_name=&#8221;z_rotate&#8221; animation_delay=&#8221;0&#8243; advanced_animations=&#8221;no&#8221; item_padding_1300_1600=&#8221;389px 0 0 0&#8243; item_padding_1000_1300=&#8221;389px 0 0 0&#8243; item_padding_768_1000=&#8221;416px 0 0 0&#8243; item_padding_600_768=&#8221;416px 0 0 0&#8243; item_padding_480_600=&#8221;416px 0 0 0&#8243; item_padding_480=&#8221;416px 0 0 0&#8243; elemnts_holder_frame=&#8221;no&#8221;][\/no_elements_holder_item][no_elements_holder_item background_color=&#8221;#56ad93&#8243; item_padding=&#8221;95px 11% 95px 11%&#8221; aligment=&#8221;left&#8221; vertical_alignment=&#8221;top&#8221; animation_name=&#8221;z_rotate&#8221; animation_delay=&#8221;150&#8243; advanced_animations=&#8221;no&#8221; item_padding_1300_1600=&#8221;95px 11% 95px 11%&#8221; item_padding_1000_1300=&#8221;82px 11% 81px 11%&#8221; item_padding_768_1000=&#8221;82px 11% 81px 11%&#8221; item_padding_600_768=&#8221;70px 6% 70px 6%&#8221; item_padding_480_600=&#8221;70px 6% 70px 6%&#8221; item_padding_480=&#8221;70px 6% 70px 6%&#8221; elemnts_holder_frame=&#8221;no&#8221;][vc_column_text]<\/p>\n<h3><span style=\"color: #ffffff;\">Vackert Utformade Paket<\/span><\/h3>\n<p>[\/vc_column_text][vc_separator type=&#8221;small&#8221; position=&#8221;left&#8221; border_style=&#8221;solid&#8221; width=&#8221;60&#8243; thickness=&#8221;2&#8243; up=&#8221;22&#8243; up_style=&#8221;px&#8221; down=&#8221;26&#8243; down_style=&#8221;px&#8221;][vc_column_text el_class=&#8221;color-whitesmoke&#8221;]<\/p>\n<p class=\"p1\"><span class=\"s1\">Uppt\u00e4ck v\u00e5ra lyxiga Boho-paket f\u00f6r vackra stunder som du kommer att minnas under en l\u00e5ng tid fram\u00f6ver.<\/span><\/p>\n<p>[\/vc_column_text]<a href=\"#\" target=\"_self\" data-hover-animated-background-color=#b3835e data-hover-color=#ffffff data-icon-hover-color=#ffffff  class=\"qbutton  qbutton_with_icon fill_from_top icon_right\" style=\"color: #ffffff; border-width: 0px; margin: 28px 0 0 0; background-color: #000000;\"><span class=\"text_wrap\">L\u00c4S MER<\/span><span aria-hidden=\"true\" class=\"edgt_icon_font_elegant arrow_right button_icon\" style=\"color: #b3835e;width: inherit; \" ><\/span><span class=\"a_overlay\" style=\"\"><\/span><\/a>[\/no_elements_holder_item][no_elements_holder_item background_image=&#8221;24340&#8243; item_padding=&#8221;416px 0 0 0&#8243; aligment=&#8221;left&#8221; vertical_alignment=&#8221;top&#8221; animation_name=&#8221;z_rotate&#8221; animation_delay=&#8221;300&#8243; advanced_animations=&#8221;no&#8221; item_padding_1300_1600=&#8221;389px 0 0 0&#8243; item_padding_1000_1300=&#8221;389px 0 0 0&#8243; item_padding_768_1000=&#8221;416px 0 0 0&#8243; item_padding_600_768=&#8221;416px 0 0 0&#8243; item_padding_480_600=&#8221;416px 0 0 0&#8243; item_padding_480=&#8221;416px 0 0 0&#8243; elemnts_holder_frame=&#8221;no&#8221;][\/no_elements_holder_item][\/no_elements_holder][\/vc_column][\/vc_row]<\/p>\n","protected":false},"excerpt":{"rendered":"<p>[vc_row row_type=&#8221;row&#8221; use_row_as_full_screen_section=&#8221;no&#8221; type=&#8221;grid&#8221; text_align=&#8221;center&#8221; background_color=&#8221;#f2f2f2&#8243; padding_top=&#8221;14&#8243; padding_bottom=&#8221;14&#8243; box_shadow_on_row=&#8221;no&#8221;][vc_column][no_elements_holder number_of_columns=&#8221;five_columns&#8221;][no_elements_holder_item item_padding=&#8221;8px 0px 13px 0px&#8221; aligment=&#8221;center&#8221; advanced_animations=&#8221;no&#8221; elemnts_holder_frame=&#8221;no&#8221;][\/no_elements_holder_item][no_elements_holder_item item_padding=&#8221;8px 0px 13px 0px&#8221; aligment=&#8221;center&#8221; advanced_animations=&#8221;no&#8221; elemnts_holder_frame=&#8221;no&#8221;][\/no_elements_holder_item][no_elements_holder_item item_padding=&#8221;8px 0px 13px 0px&#8221; aligment=&#8221;center&#8221; advanced_animations=&#8221;no&#8221; elemnts_holder_frame=&#8221;no&#8221;][\/no_elements_holder_item][no_elements_holder_item item_padding=&#8221;8px 0px 13px 0px&#8221; aligment=&#8221;center&#8221; advanced_animations=&#8221;no&#8221; elemnts_holder_frame=&#8221;no&#8221;][\/no_elements_holder_item][no_elements_holder_item item_padding=&#8221;8px 0px 13px 0px&#8221; aligment=&#8221;center&#8221; advanced_animations=&#8221;no&#8221; elemnts_holder_frame=&#8221;no&#8221;][\/no_elements_holder_item][\/no_elements_holder][\/vc_column][\/vc_row][vc_row&#8230;<\/p>\n","protected":false},"author":1,"featured_media":0,"parent":0,"menu_order":0,"comment_status":"open","ping_status":"open","template":"full_width.php","meta":[],"_links":{"self":[{"href":"https:\/\/www.bohotravels.com\/sv\/wp-json\/wp\/v2\/pages\/25903"}],"collection":[{"href":"https:\/\/www.bohotravels.com\/sv\/wp-json\/wp\/v2\/pages"}],"about":[{"href":"https:\/\/www.bohotravels.com\/sv\/wp-json\/wp\/v2\/types\/page"}],"author":[{"embeddable":true,"href":"https:\/\/www.bohotravels.com\/sv\/wp-json\/wp\/v2\/users\/1"}],"replies":[{"embeddable":true,"href":"https:\/\/www.bohotravels.com\/sv\/wp-json\/wp\/v2\/comments?post=25903"}],"version-history":[{"count":10,"href":"https:\/\/www.bohotravels.com\/sv\/wp-json\/wp\/v2\/pages\/25903\/revisions"}],"predecessor-version":[{"id":27000,"href":"https:\/\/www.bohotravels.com\/sv\/wp-json\/wp\/v2\/pages\/25903\/revisions\/27000"}],"wp:attachment":[{"href":"https:\/\/www.bohotravels.com\/sv\/wp-json\/wp\/v2\/media?parent=25903"}],"curies":[{"name":"wp","href":"https:\/\/api.w.org\/{rel}","templated":true}]}}