{"id":25882,"date":"2018-04-11T18:59:34","date_gmt":"2018-04-11T18:59:34","guid":{"rendered":"http:\/\/bohotravels.canarias.com\/?page_id=25882"},"modified":"2018-07-24T16:30:03","modified_gmt":"2018-07-24T16:30:03","slug":"wellness-spa-frequently-asked-questions","status":"publish","type":"page","link":"https:\/\/www.bohotravels.com\/sv\/wellness-spa-frequently-asked-questions\/","title":{"rendered":"Wellness Spa FAQ"},"content":{"rendered":"<p>[vc_row row_type=&#8221;row&#8221; use_row_as_full_screen_section=&#8221;no&#8221; type=&#8221;grid&#8221; anchor=&#8221;accordions&#8221; text_align=&#8221;left&#8221; background_image=&#8221;16993&#8243; padding_top=&#8221;69&#8243; padding_bottom=&#8221;49&#8243; box_shadow_on_row=&#8221;no&#8221; oblique_section=&#8221;no&#8221; oblique_section_top_and_bottom=&#8221;both&#8221; oblique_section_position=&#8221;from_left_to_right&#8221; triangle_shape=&#8221;no&#8221; triangle_shape_position=&#8221;both&#8221; floating_direction=&#8221;top-bottom&#8221; floating_speed=&#8221;3&#8243; zigzag=&#8221;yes&#8221; floating_randsize=&#8221;yes&#8221;][vc_column width=&#8221;1\/2&#8243;][vc_accordion active_tab=&#8221;1&#8243; style=&#8221;accordion&#8221; accordion_border_radius=&#8221;3&#8243; hide_icon=&#8221;no&#8221; title_icon_alignment=&#8221;icon_left&#8221;][vc_accordion_tab title=&#8221;L\u00c4S MER F\u00d6R INFORMATION OM BEHANDLINGEN&#8221; border_color=&#8221;rgba(172,173,172,0.26)&#8221; title_tag=&#8221;h6&#8243;][vc_column_text]<\/p>\n<p class=\"p1\"><span class=\"s1\">Kombination av naturliga vattenbehandlingar och moderna medicinska tekniker som bidrar till att f\u00f6rb\u00e4ttra din h\u00e4lsa. Boho Travels har noggrant valt ut de b\u00e4sta proffsen i sitt yrke f\u00f6r att ge dig den b\u00e4sta v\u00e5rden som passar exakt dina behov.<\/span><\/p>\n<p>[\/vc_column_text][\/vc_accordion_tab][vc_accordion_tab title=&#8221;Vad \u00e4r spa?&#8221; title_tag=&#8221;h5&#8243;][vc_column_text]<\/p>\n<p class=\"p1\" style=\"text-align: center;\"><strong><span class=\"s1\">Tjeckisk spa <\/span><\/strong><\/p>\n<p class=\"p1\"><span class=\"s1\">Spa \u2013\u00a0 definieras som h\u00e4lsofr\u00e4mjande anl\u00e4ggningar med naturliga mineralresurser som ger kroppen, sinnet och sj\u00e4len regenerering.<\/span><\/p>\n<p class=\"p1\"><span class=\"s1\">Magiska och gamla naturliga helande behandlingsprogram, h\u00f6gsta kvalitet i h\u00e4lsov\u00e5rd som har testats under \u00e5rhundraden, allt detta kan man hitta i v\u00e5ra tjeckiska kurorter. Kombination av naturliga mineralk\u00e4llor och professionella h\u00e4lsoprogram som skapats av spa-experter ger den b\u00e4sta effekten f\u00f6r din kropp.<\/span><\/p>\n<p class=\"p1\"><span class=\"s1\">Tjeckiska mineralk\u00e4llor anv\u00e4nds f\u00f6r att f\u00f6rebygga sjukdomar och allm\u00e4nt f\u00f6r kroppens v\u00e4lbefinnande.<\/span><\/p>\n<p>[\/vc_column_text][\/vc_accordion_tab][vc_accordion_tab title=&#8221;Vilka \u00e4r de positiva h\u00e4lsosamma effekterna av vistelsen?&#8221; title_tag=&#8221;h5&#8243;][vc_column_text]<\/p>\n<p class=\"p1\" style=\"text-align: center;\"><span class=\"s1\"><b>L\u00e5ngvarig effekt<\/b><br \/>\n<\/span><\/p>\n<p class=\"p1\"><span class=\"s1\">Spa-behandlingar har en bevisbar gynnsam effekt f\u00f6r behandling av m\u00e5nga sjukdomar. Positiva effekter upptr\u00e4der emellertid inte bara under behandlingsperioden, men de kvarst\u00e5r i flera m\u00e5nader efter avslutad behandling. Detta \u00e4r en av anledningarna till att folk \u00e5terkommer till spa-anl\u00e4ggningarna regelbundet.<\/span><\/p>\n<p>[\/vc_column_text][\/vc_accordion_tab][vc_accordion_tab title=&#8221;\u00c4r spa ett bra val f\u00f6r detox?&#8221; title_tag=&#8221;h5&#8243;][vc_column_text]<\/p>\n<p class=\"p1\"><span class=\"s1\"><b>Ja, det \u00e4r en naturlig kur utan kemi!<\/b><br \/>\nExperter har st\u00e4ndigt varnat f\u00f6r \u00f6verdriven anv\u00e4ndning av l\u00e4kemedel med ett antal negativa biverkningar. Lyckligtvis har dagens v\u00e4rld \u00e5terigen b\u00f6rjat \u00e5terg\u00e5 till bepr\u00f6vade naturliga metoder som f\u00f6rs\u00f6ker anv\u00e4nda dess l\u00e4kande effekter av naturligt helande resurser genom vilka vi kan behandla v\u00e5r kropp mycket mer effektivt<span class=\"Apple-converted-space\">\u00a0 <\/span>\u00e4n medicinsk behandling.<\/span><\/p>\n<p>[\/vc_column_text][\/vc_accordion_tab][vc_accordion_tab title=&#8221;Var ligger spa anl\u00e4ggningar?&#8221; title_tag=&#8221;h5&#8243;][vc_column_text]<\/p>\n<p class=\"p1\"><span class=\"s1\">Tjeckien \u00e4r mycket rik p\u00e5 naturliga termiska mineralk\u00e4llor. Boho Travels samarbetar med de \u00e4ldsta historiska spa-st\u00e4derna: Carlsbad och Marienbad. Dessa st\u00e4der ligger i den v\u00e4stra delen av v\u00e5rt vackra land. Du kan njuta av den fantastiska gammal arkitekturen och k\u00e4nna dig som i olika sekel samtidigt som du g\u00e5r p\u00e5 gamla kolonnaden och njuter av naturligt mineralvatten.<\/span><\/p>\n<p>[\/vc_column_text][\/vc_accordion_tab][vc_accordion_tab title=&#8221;Vilka h\u00e4lsoprogram erbjuds?&#8221; title_tag=&#8221;h5&#8243;][vc_column_text]<\/p>\n<p class=\"p1\"><span class=\"s1\">V\u00e5ra erbjudanden p\u00e5 wellness och spa, inkluderar m\u00e5nga olika typer av program. Alltid med en kombination av aktiv semester och avkoppling med fokus p\u00e5 den b\u00e4sta kroppsv\u00e5rden. Mycket popul\u00e4ra \u00e4r detox program, viktminskningsprogram &#8211; dessa program \u00e4r v\u00e4ldigt v\u00e4lbalanserade, eftersom efter ditt h\u00e5rda arbete f\u00f6rtj\u00e4nar du fantastisk v\u00e5rd som massage eller annan trevlig service. Vi hj\u00e4lper dig att n\u00e5 dina m\u00e5l.<\/span><\/p>\n<p class=\"p1\"><span class=\"s1\">L\u00e4karen kommer att skapa en s\u00e4rskild h\u00e4lsoplan med fokus p\u00e5 dina behov och begr\u00e4nsningar. Under ditt program kommer du att vara omh\u00e4ndertagen av<span class=\"Apple-converted-space\">\u00a0 <\/span>ett professionellt team som kommer att ge dig r\u00e5d och hj\u00e4lpa dig under hela vistelsen.<\/span><\/p>\n<p>[\/vc_column_text][\/vc_accordion_tab][vc_accordion_tab title=&#8221;Hur \u00e4r processen p\u00e5 ett spa?&#8221; title_tag=&#8221;h5&#8243;][vc_column_text]<\/p>\n<p class=\"p1\"><span class=\"s1\">En l\u00e4karkontroll \u00e4r n\u00f6dv\u00e4ndig f\u00f6r att skapa den individuella h\u00e4lsoplanen. Din l\u00e4kare kommer att skapa ett paket och ett s\u00e4rskilt h\u00e4lsosamt program som \u00e4r mest l\u00e4mpligt f\u00f6r dig.<\/span><\/p>\n<p>[\/vc_column_text][\/vc_accordion_tab][vc_accordion_tab title=&#8221;Hur l\u00e4nge b\u00f6r vistelsen p\u00e5 ett spa vara?&#8221; title_tag=&#8221;h5&#8243;][vc_column_text]<\/p>\n<p class=\"p1\"><span class=\"s1\">Kortsiktig vistelse f\u00f6resl\u00e5s f\u00f6r avkoppling och \u00e4ven f\u00f6r att l\u00e4ra k\u00e4nna eller testa det naturliga spa-systemet och l\u00e4ra sig mer om den h\u00e4lsosamma livsstilen.<\/span><\/p>\n<p class=\"p1\"><span class=\"s1\">Varje person \u00e4r individuell men i allm\u00e4nhet kan man b\u00f6rja se f\u00f6rsta resultaten redan efter 3 veckor genom att f\u00f6lja det skr\u00e4ddarsydda programmet, just f\u00f6r att f\u00e5 den verkliga effekten att reng\u00f6ra din kropp fr\u00e5n toxinet och ta emot alla bra mineraler.<\/span><\/p>\n<p>[\/vc_column_text][\/vc_accordion_tab][vc_accordion_tab title=&#8221;Kan jag f\u00e5 ers\u00e4ttning f\u00f6r v\u00e5rd utomlands av det statliga h\u00e4lsosystemet i mitt land?&#8221; title_tag=&#8221;h5&#8243;][vc_column_text]<\/p>\n<p class=\"p1\"><span class=\"s1\">F\u00f6r information om ers\u00e4ttning f\u00f6r v\u00e5rd utomlands<span class=\"Apple-converted-space\">\u00a0 <\/span>m\u00e5ste du kontakta f\u00f6rs\u00e4kringskassan. I m\u00e5nga l\u00e4nder inom EU kan du ans\u00f6ka om ers\u00e4ttning f\u00f6r v\u00e5rd f\u00f6re behandlingens b\u00f6rjan eller efter din ankomst hem. Vi kan f\u00f6rbereda<span class=\"Apple-converted-space\">\u00a0 <\/span>all beh\u00f6vande dokumentation f\u00f6r ditt f\u00f6rs\u00e4kringsbolag. V\u00e4nligen informera oss innan din ankomst.<\/span><\/p>\n<p>[\/vc_column_text][\/vc_accordion_tab][vc_accordion_tab title=&#8221;Vem skapar det skr\u00e4ddarsydda h\u00e4lsoprogrammet?&#8221; title_tag=&#8221;h5&#8243;][vc_column_text]<\/p>\n<p class=\"p1\"><span class=\"s1\">L\u00e4karen kommer att skapa en s\u00e4rskild h\u00e4lsosam plan med fokus p\u00e5 din sjukdom och begr\u00e4nsningar. Under din behandling kommer du att vara omh\u00e4ndertagen av ett professionellt team som kommer att r\u00e5dg\u00f6ra och hj\u00e4lpa dig under hela vistelsen.<\/span><\/p>\n<p>[\/vc_column_text][\/vc_accordion_tab][\/vc_accordion][vc_separator type=&#8221;transparent&#8221; up=&#8221;0&#8243; up_style=&#8221;px&#8221; down=&#8221;40&#8243; down_style=&#8221;px&#8221;][\/vc_column][vc_column width=&#8221;1\/2&#8243;][vc_separator type=&#8221;transparent&#8221; up=&#8221;19&#8243; up_style=&#8221;px&#8221; down=&#8221;0&#8243; down_style=&#8221;px&#8221;][vc_separator type=&#8221;transparent&#8221; up=&#8221;15&#8243; up_style=&#8221;px&#8221; down=&#8221;0&#8243; down_style=&#8221;px&#8221;][vc_column_text]<img loading=\"lazy\" class=\"alignnone size-full wp-image-25877\" src=\"http:\/\/bohotravels.canarias.com\/wp-content\/uploads\/2018\/04\/wellness-packages-teaser.jpg\" alt=\"\" width=\"347\" height=\"382\" srcset=\"https:\/\/www.bohotravels.com\/wp-content\/uploads\/2018\/04\/wellness-packages-teaser.jpg 347w, https:\/\/www.bohotravels.com\/wp-content\/uploads\/2018\/04\/wellness-packages-teaser-273x300.jpg 273w\" sizes=\"(max-width: 347px) 100vw, 347px\" \/>[\/vc_column_text][vc_separator type=&#8221;transparent&#8221; up=&#8221;31&#8243; up_style=&#8221;px&#8221; down=&#8221;0&#8243; down_style=&#8221;px&#8221;]<a href=\"\/packages\/medical-spa\/\" target=\"_self\" data-hover-animated-background-color=#150101 data-hover-border-color=#150101 data-hover-color=#cc9d7b data-icon-hover-color=#cc9d7b  class=\"qbutton  qbutton_with_icon fill_diagonal icon_right\" style=\"color: #150101; border-color: #cc9d7b; border-width: 1px; font-size: 12px; font-family: Raleway;line-height: 48px; height: 48px; font-style: normal; font-weight: 600; letter-spacing: 1px; text-transform: uppercase; padding: 0 22px; border-radius: 0px;-moz-border-radius: 0px;-webkit-border-radius: 0px; background-color: rgba(255,255,255,0.01);\"><span class=\"text_wrap\">k\u00f6p nu<\/span><span aria-hidden=\"true\" class=\"edgt_icon_font_elegant arrow_right button_icon\" style=\"color: #cc9d7b;width: inherit; \" ><\/span><span class=\"a_overlay\" style=\"border-radius: 0px;-moz-border-radius: 0px;-webkit-border-radius: 0px; \"><\/span><\/a>[vc_separator type=&#8221;transparent&#8221; up=&#8221;56&#8243; up_style=&#8221;px&#8221; down=&#8221;0&#8243; down_style=&#8221;px&#8221;][vc_column_text]<\/p>\n<h5>kontakta oss<\/h5>\n<p>[\/vc_column_text][vc_separator type=&#8221;transparent&#8221; up=&#8221;12&#8243; up_style=&#8221;px&#8221; down=&#8221;0&#8243; down_style=&#8221;px&#8221;][vc_column_text]Vi finns h\u00e4r f\u00f6r att ge dig den b\u00e4sta v\u00e5rd och vi svarar g\u00e4rna p\u00e5 alla<span class=\"Apple-converted-space\">\u00a0\u00a0<\/span>dina fr\u00e5gor eller funderingar. Tveka inte att kontakta oss f\u00f6r mer information.[\/vc_column_text][vc_separator type=&#8221;transparent&#8221; up=&#8221;16&#8243; up_style=&#8221;px&#8221; down=&#8221;0&#8243; down_style=&#8221;px&#8221;]<a href=\"\/contact-2\/\" target=\"_self\" data-hover-animated-background-color=#150101 data-hover-border-color=#150101 data-hover-color=#cc9d7b data-icon-hover-color=#cc9d7b  class=\"qbutton  qbutton_with_icon fill_diagonal icon_right\" style=\"color: #150101; border-color: #cc9d7b; border-width: 1px; font-size: 12px; font-family: Raleway;line-height: 48px; height: 48px; font-style: normal; font-weight: 600; letter-spacing: 1px; text-transform: uppercase; padding: 0 22px; border-radius: 0px;-moz-border-radius: 0px;-webkit-border-radius: 0px; background-color: rgba(255,255,255,0.01);\"><span class=\"text_wrap\">skriv till oss<\/span><span aria-hidden=\"true\" class=\"edgt_icon_font_elegant arrow_right button_icon\" style=\"color: #cc9d7b;width: inherit; \" ><\/span><span class=\"a_overlay\" style=\"border-radius: 0px;-moz-border-radius: 0px;-webkit-border-radius: 0px; \"><\/span><\/a>[vc_separator type=&#8221;transparent&#8221; up=&#8221;16&#8243; up_style=&#8221;px&#8221; down=&#8221;0&#8243; down_style=&#8221;px&#8221;]<div class='edgt_icon_with_title tiny normal_icon left_from_title' ><div class=\"icon_title_holder\"><div class=\"icon_holder \" style=\"margin: -4px -26px 0px -13px; \"><div class=\"icon_holder_inner\"><span class=\"edgt_icon_stack edgt_tiny_icon \" style=\"font-size: 22px;color: #000000;\"><i class=\"edgt_icon_font_awesome fa fa-phone icon_text_icon edgt_icon_stack_1x\" style=\"font-size: 22px;\" ><\/i><\/span><\/div><\/div><div class=\"icon_title_inner_holder\"><h5 class=\"icon_title \" style=\"color: #b57b5e;font-size: 22px;\">+420 724 571 117<\/h5><\/div><\/div><div class=\"icon_text_holder\"><div class=\"icon_text_inner\"><p style=''><\/p><\/div><\/div><\/div>[\/vc_column][\/vc_row]<\/p>\n","protected":false},"excerpt":{"rendered":"<p>[vc_row row_type=&#8221;row&#8221; use_row_as_full_screen_section=&#8221;no&#8221; type=&#8221;grid&#8221; anchor=&#8221;accordions&#8221; text_align=&#8221;left&#8221; background_image=&#8221;16993&#8243; padding_top=&#8221;69&#8243; padding_bottom=&#8221;49&#8243; box_shadow_on_row=&#8221;no&#8221; oblique_section=&#8221;no&#8221; oblique_section_top_and_bottom=&#8221;both&#8221; oblique_section_position=&#8221;from_left_to_right&#8221; triangle_shape=&#8221;no&#8221; triangle_shape_position=&#8221;both&#8221; floating_direction=&#8221;top-bottom&#8221; floating_speed=&#8221;3&#8243; zigzag=&#8221;yes&#8221; floating_randsize=&#8221;yes&#8221;][vc_column width=&#8221;1\/2&#8243;][vc_accordion active_tab=&#8221;1&#8243; style=&#8221;accordion&#8221; accordion_border_radius=&#8221;3&#8243; hide_icon=&#8221;no&#8221; title_icon_alignment=&#8221;icon_left&#8221;][vc_accordion_tab title=&#8221;L\u00c4S MER F\u00d6R INFORMATION OM BEHANDLINGEN&#8221; border_color=&#8221;rgba(172,173,172,0.26)&#8221; title_tag=&#8221;h6&#8243;][vc_column_text] Kombination av naturliga vattenbehandlingar och moderna medicinska tekniker som bidrar till att&#8230;<\/p>\n","protected":false},"author":1,"featured_media":0,"parent":0,"menu_order":0,"comment_status":"open","ping_status":"open","template":"full_width.php","meta":[],"_links":{"self":[{"href":"https:\/\/www.bohotravels.com\/sv\/wp-json\/wp\/v2\/pages\/25882"}],"collection":[{"href":"https:\/\/www.bohotravels.com\/sv\/wp-json\/wp\/v2\/pages"}],"about":[{"href":"https:\/\/www.bohotravels.com\/sv\/wp-json\/wp\/v2\/types\/page"}],"author":[{"embeddable":true,"href":"https:\/\/www.bohotravels.com\/sv\/wp-json\/wp\/v2\/users\/1"}],"replies":[{"embeddable":true,"href":"https:\/\/www.bohotravels.com\/sv\/wp-json\/wp\/v2\/comments?post=25882"}],"version-history":[{"count":13,"href":"https:\/\/www.bohotravels.com\/sv\/wp-json\/wp\/v2\/pages\/25882\/revisions"}],"predecessor-version":[{"id":27338,"href":"https:\/\/www.bohotravels.com\/sv\/wp-json\/wp\/v2\/pages\/25882\/revisions\/27338"}],"wp:attachment":[{"href":"https:\/\/www.bohotravels.com\/sv\/wp-json\/wp\/v2\/media?parent=25882"}],"curies":[{"name":"wp","href":"https:\/\/api.w.org\/{rel}","templated":true}]}}