{"id":25817,"date":"2018-03-28T09:08:23","date_gmt":"2018-03-28T09:08:23","guid":{"rendered":"http:\/\/bohotravels.canarias.com\/medical-spa-frequently-asked-questions\/"},"modified":"2018-04-18T09:24:56","modified_gmt":"2018-04-18T09:24:56","slug":"medical-spa-frequently-asked-questions","status":"publish","type":"page","link":"https:\/\/www.bohotravels.com\/sv\/medical-spa-frequently-asked-questions\/","title":{"rendered":"Medicinsk Spa FAQ"},"content":{"rendered":"<p>[vc_row row_type=&#8221;row&#8221; use_row_as_full_screen_section=&#8221;no&#8221; type=&#8221;grid&#8221; anchor=&#8221;accordions&#8221; text_align=&#8221;left&#8221; background_image=&#8221;16993&#8243; padding_top=&#8221;69&#8243; padding_bottom=&#8221;49&#8243; box_shadow_on_row=&#8221;no&#8221; oblique_section=&#8221;no&#8221; oblique_section_top_and_bottom=&#8221;both&#8221; oblique_section_position=&#8221;from_left_to_right&#8221; triangle_shape=&#8221;no&#8221; triangle_shape_position=&#8221;both&#8221; floating_direction=&#8221;top-bottom&#8221; floating_speed=&#8221;3&#8243; zigzag=&#8221;yes&#8221; floating_randsize=&#8221;yes&#8221;][vc_column width=&#8221;1\/2&#8243;][vc_accordion active_tab=&#8221;1&#8243; style=&#8221;accordion&#8221; accordion_border_radius=&#8221;3&#8243; hide_icon=&#8221;no&#8221; title_icon_alignment=&#8221;icon_left&#8221;][vc_accordion_tab title=&#8221;L\u00c4R DIG MER OM V\u00c5R\u00c5 FANTASTISKA MEDICINSKA BEHANDLINGAR&#8221; border_color=&#8221;rgba(172,173,172,0.26)&#8221; title_tag=&#8221;h6&#8243;][vc_column_text]Kombination av naturliga vattenbehandlingar och moderna medicinska tekniker som bidrar till att f\u00f6rb\u00e4ttra din h\u00e4lsa. Boho Travels har noggrant valt ut de mest professionella inom sitt yrke som skr\u00e4ddarsyr h\u00e4lsoprogram f\u00f6r dina behov.[\/vc_column_text][\/vc_accordion_tab][vc_accordion_tab title=&#8221;Vad \u00e4r medisinskt spa?&#8221; title_tag=&#8221;h5&#8243;][vc_column_text]<\/p>\n<p class=\"text-center wowload fadeInUp animated\">Tjeckisk spa industry<\/p>\n<p>Medicinskt spa \u00e4r definierat som h\u00e4lsofr\u00e4mjande anl\u00e4ggningar d\u00e4r du f\u00e5r terapeutiska tj\u00e4nster med en kombination av naturliga mineralk\u00e4llor som inriktas p\u00e5 regeneration av kropp, sinne och sj\u00e4l. Dem magiska naturl\u00e4kningsbehandlningarna och topkvalitet inom medicinsk v\u00e5rd som har testats under \u00e5rhundrande, allt detta kan du f\u00e5 i v\u00e5ra Tjeckiska spaorter.<\/p>\n<p>Helande vattenstr\u00f6mmar anv\u00e4nds f\u00f6r \u00e5terh\u00e4mtning efter operationer och i f\u00f6rebyggande syfte f\u00f6r sjukdomar \u00e4ven f\u00f6r generellt v\u00e4lbefinnande.[\/vc_column_text][\/vc_accordion_tab][vc_accordion_tab title=&#8221;Vilka sjukdomar behandlas i Karlsbad?&#8221; title_tag=&#8221;h5&#8243;][vc_column_text]<strong>Indikationer f\u00f6r spa behandlingar i Karlsbad<\/strong><br \/>\nIndikationer f\u00f6r spa behandlingar i Karlsbad<br \/>\nSjukdomar i matsm\u00e4ltningssystemet<br \/>\nVissa sjukdomar i magen, matstrupen och tarmarna-b\u00e5de funktionella och organiska.<br \/>\nInklusive gastroesophagial refluxsjukdom<br \/>\nMags\u00e5r och duodenals\u00e5r<br \/>\nFunktionella tarmbesv\u00e4r- s\u00e5 som t.ex f\u00f6rstoppning eller motsatsen.<br \/>\nTillst\u00e5nd efter tarminfektioner och h\u00e4rdade parasiter<br \/>\nBesv\u00e4r med luftstrupe<br \/>\nIcke-specifik tarminflamation-Crohn\u2019s sjukdom, ulcer\u00f6skolit<br \/>\nTillst\u00e5nd efter tarm, gallbl\u00e5sa och galloperationer<br \/>\nKronisk lever-och gallbl\u00e5sesjukdom<br \/>\nEfter hepatit och f\u00f6rgiftad lever<br \/>\nKroniska pankreas sjukdomar<br \/>\nTillst\u00e5nd vid akut bukspottk\u00f6rtelinflamation<br \/>\ntillst\u00e5nd efter lever och pankreastransplantation<br \/>\nDiabetes<br \/>\n\u00d6vervikt och fetma<br \/>\nSt\u00f6rningar i \u00e4mnesoms\u00e4ttningen<br \/>\nSjukdomar i r\u00f6relseapparaten<br \/>\nDegenerativa st\u00f6rningar i ryggrad och stora leder<br \/>\nFunktionella st\u00f6rningar i ryggraden<br \/>\nTandv\u00e5rdsjukdom: paradontos-tandk\u00f6ttsjukdom[\/vc_column_text][\/vc_accordion_tab][vc_accordion_tab title=&#8221;Vilka sjukdomar behandlas i Marienbad?&#8221; title_tag=&#8221;h5&#8243;][vc_column_text]Onkologiska sjukdomar<br \/>\nSjukdomar i cirkulationssystemet<br \/>\nSjukdomar i matsm\u00e4ltningssystemet<br \/>\nSjukdomar i andningsorganen<br \/>\nSjukdomar i r\u00f6relseapparaten<br \/>\nSjukdomar i urinv\u00e4garna<br \/>\nMetabola sjukdomar och besv\u00e4r med inre uts\u00f6ndringsk\u00f6rtlar<br \/>\nOlika nervsjukdomar<br \/>\nHudsjukdomar<br \/>\nGynekologiska sjukdomar<br \/>\nMentala st\u00f6rningar[\/vc_column_text][\/vc_accordion_tab][vc_accordion_tab title=&#8221;Hur g\u00e5r behandlingen till?&#8221; title_tag=&#8221;h5&#8243;][vc_column_text]Skicka information och dokumentation om din sjukdom. Vi kommer att kontakta v\u00e5rt medicinska team som kommer f\u00f6resl\u00e5 den b\u00e4sta behandlingen till ditt tillst\u00e5nd. V\u00e4lj den b\u00e4sta perioden f\u00f6r din medicinska h\u00e4lsosemester. Inledande under\u00f6kning \u00e4r n\u00f6dv\u00e4ndig f\u00f6r att skapa den individuella l\u00e4karplanen. Din l\u00e4kare kommer att skapa ett paket och ett s\u00e4rskilt h\u00e4lsoprogram som \u00e4r det mest praktiska f\u00f6r dig.[\/vc_column_text][\/vc_accordion_tab][vc_accordion_tab title=&#8221;Vad \u00e4r h\u00e4lsof\u00f6rdelarna med vistelsen?&#8221; title_tag=&#8221;h5&#8243;][vc_column_text]<strong>Behandling utan kemikalier<\/strong><br \/>\nExperter har st\u00e4ndigt varnat f\u00f6r \u00f6verdriven anv\u00e4ndning av l\u00e4kemedel d\u00e5 detta har stora negativa biverkningar. Lyckligtvist b\u00f6rjar dagens v\u00e4rld \u00e5teruppta bepr\u00f6vad naturpraktit d\u00e4r l\u00e4kningseffekten av naturl\u00e4kemedel \u00e4r bevisad under \u00e5rhundrande, p\u00e5 s\u00e5 s\u00e4tt kan vi mycket mer skonsamt behandla v\u00e5r kropp \u00e4n radikal medicinsk behandling.<\/p>\n<p><strong>L\u00e5ngtidseffekt<\/strong><br \/>\nSpabehandlingen har en bevislig f\u00f6rdelaktig effekt vid behandling av m\u00e5nga sjukdomar. Positiva effekter upptr\u00e4der emellertid inte bara under behandlingsperioden, men de kvarst\u00e5r i flera m\u00e5nader efter avslutad behandling. Detta \u00e4r en av anledningarna till att folk \u00e5terkommer till spaet regelbundet.[\/vc_column_text][\/vc_accordion_tab][vc_accordion_tab title=&#8221;Hur l\u00e5ng vistelse rekommenderas?&#8221; title_tag=&#8221;h5&#8243;][vc_column_text]Varje person \u00e4r individuell men generell s\u00e4tt s\u00e5 visas resultat inom ca 3 veckor n\u00e4r man f\u00f6ljer sitt medicinska program.[\/vc_column_text][\/vc_accordion_tab][vc_accordion_tab title=&#8221;Kan jag f\u00e5 ers\u00e4ttning f\u00f6r v\u00e5rden av det statliga h\u00e4lsosystemet i mitt land?&#8221; title_tag=&#8221;h5&#8243;][vc_column_text]F\u00f6r information ang\u00e5ende ers\u00e4ttningen kolla med ditt f\u00f6rs\u00e4kringsbolag.<br \/>\nI m\u00e5nga EU l\u00e4nder kan man ans\u00f6ka f\u00f6r ers\u00e4ttning av v\u00e5rd utomlands.<\/p>\n<p>Du som vill s\u00f6ka planerad v\u00e5rd utomlands kan v\u00e4lja mellan att ans\u00f6ka:<\/p>\n<p>\u25cf om ett f\u00f6rhandstillst\u00e5nd (S2) f\u00f6r att f\u00e5 ett intyg att ta med dig<br \/>\n\u25cf om ett f\u00f6rhandsbesked och sedan ans\u00f6ka om ers\u00e4ttning i efterhand<br \/>\n\u25cf om ers\u00e4ttning i efterhand, utan att ha ett f\u00f6rhandstillst\u00e5nd eller ett f\u00f6rhandsbesked.<\/p>\n<p>Kom ih\u00e5g att ans\u00f6ka i god tid innan du vill ha v\u00e5rden om du vill ha ett f\u00f6rhandsbesked.<\/p>\n<p><a href=\"https:\/\/www.forsakringskassan.se\/privatpers\/resa_arbeta_studera_eller_fa_vard_utomlands\/planerad_vard_utomlands\">F\u00f6rs\u00e4kringskassan-planerad v\u00e5rd utomland<\/a><\/p>\n<p><strong>Vi kan f\u00f6rbereda all beh\u00f6vande dokumentation f\u00f6r ditt f\u00f6rs\u00e4kringsbolag.<\/strong><\/p>\n<p><strong>V\u00e4nligen informera oss innan din ankomst.<\/strong>[\/vc_column_text][\/vc_accordion_tab][vc_accordion_tab title=&#8221;Vem skapar skr\u00e4ddarsydd behandling?&#8221; title_tag=&#8221;h5&#8243;][vc_column_text]L\u00e4karen kommer att skapa en s\u00e4rskild h\u00e4lsoplan med fokus p\u00e5 din desease och begr\u00e4nsningar. Under din behandling du kommer att vara i h\u00e4nderna p\u00e5 ett professionellt team som kommer r\u00e5dgivare och hj\u00e4lpa dig under hela vistelsen.[\/vc_column_text][\/vc_accordion_tab][\/vc_accordion][vc_separator type=&#8221;transparent&#8221; up=&#8221;0&#8243; up_style=&#8221;px&#8221; down=&#8221;40&#8243; down_style=&#8221;px&#8221;][\/vc_column][vc_column width=&#8221;1\/2&#8243;][vc_separator type=&#8221;transparent&#8221; up=&#8221;19&#8243; up_style=&#8221;px&#8221; down=&#8221;0&#8243; down_style=&#8221;px&#8221;][vc_separator type=&#8221;transparent&#8221; up=&#8221;15&#8243; up_style=&#8221;px&#8221; down=&#8221;0&#8243; down_style=&#8221;px&#8221;][vc_column_text]<a href=\"\/?product_cat=medical-spa\"><img loading=\"lazy\" class=\"alignnone wp-image-25723 size-full\" src=\"http:\/\/bohotravels.canarias.com\/wp-content\/uploads\/2018\/03\/spa-packages-teaser.png\" alt=\"\" width=\"347\" height=\"382\" srcset=\"https:\/\/www.bohotravels.com\/wp-content\/uploads\/2018\/03\/spa-packages-teaser.png 347w, https:\/\/www.bohotravels.com\/wp-content\/uploads\/2018\/03\/spa-packages-teaser-273x300.png 273w\" sizes=\"(max-width: 347px) 100vw, 347px\" \/><\/a>[\/vc_column_text][vc_separator type=&#8221;transparent&#8221; up=&#8221;31&#8243; up_style=&#8221;px&#8221; down=&#8221;0&#8243; down_style=&#8221;px&#8221;]<a href=\"\/packages\/medical-spa\/\" target=\"_self\" data-hover-animated-background-color=#150101 data-hover-border-color=#150101 data-hover-color=#cc9d7b data-icon-hover-color=#cc9d7b  class=\"qbutton  qbutton_with_icon fill_diagonal icon_right\" style=\"color: #150101; border-color: #cc9d7b; border-width: 1px; font-size: 12px; font-family: Raleway;line-height: 48px; height: 48px; font-style: normal; font-weight: 600; letter-spacing: 1px; text-transform: uppercase; padding: 0 22px; border-radius: 0px;-moz-border-radius: 0px;-webkit-border-radius: 0px; background-color: rgba(255,255,255,0.01);\"><span class=\"text_wrap\">K\u00d6P NU<\/span><span aria-hidden=\"true\" class=\"edgt_icon_font_elegant arrow_right button_icon\" style=\"color: #cc9d7b;width: inherit; \" ><\/span><span class=\"a_overlay\" style=\"border-radius: 0px;-moz-border-radius: 0px;-webkit-border-radius: 0px; \"><\/span><\/a>[vc_separator type=&#8221;transparent&#8221; up=&#8221;56&#8243; up_style=&#8221;px&#8221; down=&#8221;0&#8243; down_style=&#8221;px&#8221;][vc_column_text]<\/p>\n<h5>kontakta oss<\/h5>\n<p>[\/vc_column_text][vc_separator type=&#8221;transparent&#8221; up=&#8221;12&#8243; up_style=&#8221;px&#8221; down=&#8221;0&#8243; down_style=&#8221;px&#8221;][vc_column_text]Vi \u00e4r h\u00e4r f\u00f6r att ge dig den b\u00e4sta v\u00e5rd och svara p\u00e5 dina fr\u00e5gor. Tveka inte och kontakta oss.[\/vc_column_text][vc_separator type=&#8221;transparent&#8221; up=&#8221;16&#8243; up_style=&#8221;px&#8221; down=&#8221;0&#8243; down_style=&#8221;px&#8221;]<a href=\"\/contact-2\/\" target=\"_self\" data-hover-animated-background-color=#150101 data-hover-border-color=#150101 data-hover-color=#cc9d7b data-icon-hover-color=#cc9d7b  class=\"qbutton  qbutton_with_icon fill_diagonal icon_right\" style=\"color: #150101; border-color: #cc9d7b; border-width: 1px; font-size: 12px; font-family: Raleway;line-height: 48px; height: 48px; font-style: normal; font-weight: 600; letter-spacing: 1px; text-transform: uppercase; padding: 0 22px; border-radius: 0px;-moz-border-radius: 0px;-webkit-border-radius: 0px; background-color: rgba(255,255,255,0.01);\"><span class=\"text_wrap\">skriv till oss<\/span><span aria-hidden=\"true\" class=\"edgt_icon_font_elegant arrow_right button_icon\" style=\"color: #cc9d7b;width: inherit; \" ><\/span><span class=\"a_overlay\" style=\"border-radius: 0px;-moz-border-radius: 0px;-webkit-border-radius: 0px; \"><\/span><\/a>[vc_separator type=&#8221;transparent&#8221; up=&#8221;16&#8243; up_style=&#8221;px&#8221; down=&#8221;0&#8243; down_style=&#8221;px&#8221;]<div class='edgt_icon_with_title tiny normal_icon left_from_title' ><div class=\"icon_title_holder\"><div class=\"icon_holder \" style=\"margin: -4px -26px 0px -13px; \"><div class=\"icon_holder_inner\"><span class=\"edgt_icon_stack edgt_tiny_icon \" style=\"font-size: 22px;color: #000000;\"><i class=\"edgt_icon_font_awesome fa fa-phone icon_text_icon edgt_icon_stack_1x\" style=\"font-size: 22px;\" ><\/i><\/span><\/div><\/div><div class=\"icon_title_inner_holder\"><h5 class=\"icon_title \" style=\"color: #b57b5e;font-size: 22px;\">+420 724 571 117<\/h5><\/div><\/div><div class=\"icon_text_holder\"><div class=\"icon_text_inner\"><p style=''><\/p><\/div><\/div><\/div>[\/vc_column][\/vc_row]<\/p>\n","protected":false},"excerpt":{"rendered":"<p>[vc_row row_type=&#8221;row&#8221; use_row_as_full_screen_section=&#8221;no&#8221; type=&#8221;grid&#8221; anchor=&#8221;accordions&#8221; text_align=&#8221;left&#8221; background_image=&#8221;16993&#8243; padding_top=&#8221;69&#8243; padding_bottom=&#8221;49&#8243; box_shadow_on_row=&#8221;no&#8221; oblique_section=&#8221;no&#8221; oblique_section_top_and_bottom=&#8221;both&#8221; oblique_section_position=&#8221;from_left_to_right&#8221; triangle_shape=&#8221;no&#8221; triangle_shape_position=&#8221;both&#8221; floating_direction=&#8221;top-bottom&#8221; floating_speed=&#8221;3&#8243; zigzag=&#8221;yes&#8221; floating_randsize=&#8221;yes&#8221;][vc_column width=&#8221;1\/2&#8243;][vc_accordion active_tab=&#8221;1&#8243; style=&#8221;accordion&#8221; accordion_border_radius=&#8221;3&#8243; hide_icon=&#8221;no&#8221; title_icon_alignment=&#8221;icon_left&#8221;][vc_accordion_tab title=&#8221;L\u00c4R DIG MER OM V\u00c5R\u00c5 FANTASTISKA MEDICINSKA BEHANDLINGAR&#8221; border_color=&#8221;rgba(172,173,172,0.26)&#8221; title_tag=&#8221;h6&#8243;][vc_column_text]Kombination av naturliga vattenbehandlingar och moderna medicinska tekniker som bidrar till&#8230;<\/p>\n","protected":false},"author":1,"featured_media":0,"parent":0,"menu_order":0,"comment_status":"open","ping_status":"open","template":"full_width.php","meta":[],"_links":{"self":[{"href":"https:\/\/www.bohotravels.com\/sv\/wp-json\/wp\/v2\/pages\/25817"}],"collection":[{"href":"https:\/\/www.bohotravels.com\/sv\/wp-json\/wp\/v2\/pages"}],"about":[{"href":"https:\/\/www.bohotravels.com\/sv\/wp-json\/wp\/v2\/types\/page"}],"author":[{"embeddable":true,"href":"https:\/\/www.bohotravels.com\/sv\/wp-json\/wp\/v2\/users\/1"}],"replies":[{"embeddable":true,"href":"https:\/\/www.bohotravels.com\/sv\/wp-json\/wp\/v2\/comments?post=25817"}],"version-history":[{"count":17,"href":"https:\/\/www.bohotravels.com\/sv\/wp-json\/wp\/v2\/pages\/25817\/revisions"}],"predecessor-version":[{"id":26120,"href":"https:\/\/www.bohotravels.com\/sv\/wp-json\/wp\/v2\/pages\/25817\/revisions\/26120"}],"wp:attachment":[{"href":"https:\/\/www.bohotravels.com\/sv\/wp-json\/wp\/v2\/media?parent=25817"}],"curies":[{"name":"wp","href":"https:\/\/api.w.org\/{rel}","templated":true}]}}