{"id":25354,"date":"2018-02-21T18:29:11","date_gmt":"2018-02-21T18:29:11","guid":{"rendered":"http:\/\/bohotravels.canarias.com\/?page_id=25354"},"modified":"2018-04-30T18:53:45","modified_gmt":"2018-04-30T18:53:45","slug":"om-oss","status":"publish","type":"page","link":"https:\/\/www.bohotravels.com\/sv\/om-oss\/","title":{"rendered":"Om oss"},"content":{"rendered":"<p>[vc_row row_type=&#8221;row&#8221; use_row_as_full_screen_section=&#8221;no&#8221; type=&#8221;full_width&#8221; text_align=&#8221;left&#8221; box_shadow_on_row=&#8221;no&#8221;][vc_column][no_elements_holder number_of_columns=&#8221;two_columns&#8221; switch_to_one_column=&#8221;1000&#8243; alignment_one_column=&#8221;center&#8221;][no_elements_holder_item background_image=&#8221;24293&#8243; aligment=&#8221;left&#8221; animation_name=&#8221;x_rotate&#8221; advanced_animations=&#8221;no&#8221; elemnts_holder_frame=&#8221;no&#8221;][\/no_elements_holder_item][no_elements_holder_item background_color=&#8221;#201a15&#8243; item_padding=&#8221;34px &#8221; aligment=&#8221;center&#8221; animation_name=&#8221;x_rotate&#8221; advanced_animations=&#8221;no&#8221; elemnts_holder_frame=&#8221;no&#8221;][no_bordered_elements_holder animation_type=&#8221;edgt_box_continue_line&#8221; hover_animation=&#8221;edgt_box_scale_in&#8221; border_color=&#8221;rgba(255,255,255,0.56)&#8221; border_width=&#8221;1&#8243; holder_padding=&#8221;26.4% 18% 26.7% 18%&#8221;][vc_column_text]<\/p>\n<h2 style=\"text-align: center;\"><span style=\"color: #ffffff;\">V\u00e5r filosofi<\/span><\/h2>\n<p>[\/vc_column_text][vc_separator type=&#8221;transparent&#8221; up=&#8221;16&#8243; up_style=&#8221;px&#8221; down=&#8221;0&#8243; down_style=&#8221;px&#8221;][vc_column_text]<\/p>\n<h6 style=\"text-align: center;\"><span style=\"color: #d8a97e;\">\u00a0vi bryr oss om din h\u00e4lsa<\/span><\/h6>\n<p>[\/vc_column_text][vc_separator type=&#8221;transparent&#8221; up=&#8221;37&#8243; up_style=&#8221;px&#8221; down=&#8221;0&#8243; down_style=&#8221;px&#8221;][vc_column_text]<\/p>\n<p style=\"text-align: center;\"><span class=\"s1\">Vi specialiserar oss p\u00e5 naturliga medicinska kurbehandlingar, medicinska spabehandlingar med \u00e5terh\u00e4mtningsprogram och avkopplande v\u00e4lbefinnande f\u00f6ljt av perfekta kulturella och roliga aktiviteter.<\/span><\/p>\n<p>&nbsp;<\/p>\n<p style=\"text-align: center;\"><span class=\"s1\">V\u00e5ra unikt skapade program ger dig den b\u00e4sta upplevelsen. Boho Travels ger ett idealiskt tillf\u00e4lle att njuta av en unik upplevelse fr\u00e5n en lokal synvinkel.<\/span><\/p>\n<p>[\/vc_column_text][vc_separator type=&#8221;transparent&#8221; up=&#8221;36&#8243; up_style=&#8221;px&#8221; down=&#8221;0&#8243; down_style=&#8221;px&#8221;][\/no_bordered_elements_holder][\/no_elements_holder_item][\/no_elements_holder][\/vc_column][\/vc_row][vc_row row_type=&#8221;row&#8221; use_row_as_full_screen_section=&#8221;no&#8221; type=&#8221;full_width&#8221; text_align=&#8221;left&#8221; background_color=&#8221;#f8f8f8&#8243; side_padding=&#8221;34px 34px 34px 34px&#8221; box_shadow_on_row=&#8221;no&#8221;][vc_column][no_elements_holder number_of_columns=&#8221;two_columns&#8221;][no_elements_holder_item background_color=&#8221;#f8f8f8&#8243; item_padding=&#8221;34px&#8221; aligment=&#8221;center&#8221; animation_name=&#8221;x_rotate&#8221; advanced_animations=&#8221;no&#8221; elemnts_holder_frame=&#8221;no&#8221;][no_bordered_elements_holder animation_type=&#8221;edgt_box_continue_line&#8221; hover_animation=&#8221;edgt_box_scale_in&#8221; border_color=&#8221;#d8a97e&#8221; border_width=&#8221;1&#8243; holder_padding=&#8221;26.4% 18% 26.7% 18%&#8221;][vc_column_text]<\/p>\n<h2 style=\"text-align: center;\">H\u00f6g kvalitet<\/h2>\n<p>[\/vc_column_text][vc_separator type=&#8221;transparent&#8221; up=&#8221;16&#8243; up_style=&#8221;px&#8221; down=&#8221;0&#8243; down_style=&#8221;px&#8221;][vc_column_text]<\/p>\n<h6 style=\"text-align: center;\"><span style=\"color: #b57d4b;\">\u00a0fokus p\u00e5 individuella behov<\/span><\/h6>\n<p>[\/vc_column_text][vc_separator type=&#8221;transparent&#8221; up=&#8221;37&#8243; up_style=&#8221;px&#8221; down=&#8221;0&#8243; down_style=&#8221;px&#8221;][vc_column_text]<\/p>\n<p class=\"p3\" style=\"text-align: center;\">Boho Travels har noggrant utvalda tj\u00e4nster i h\u00f6g kvalitet, som personligen bevisats av oss. Det \u00e4r viktigt f\u00f6r v\u00e5rt f\u00f6retag att ha det b\u00e4sta ryktet f\u00f6r bra service.<\/p>\n<p>&nbsp;<\/p>\n<p class=\"p3\" style=\"text-align: center;\">Vi har en personlig strategi f\u00f6r v\u00e5ra kunder som tillgodoser individuella behov och \u00f6nskem\u00e5l. V\u00e5rt huvudsyfte \u00e4r att f\u00e5 dig att k\u00e4nna dig bekv\u00e4m och v\u00e4lkommen under hela din vistelse.<\/p>\n<p>[\/vc_column_text][vc_separator type=&#8221;transparent&#8221; up=&#8221;36&#8243; up_style=&#8221;px&#8221; down=&#8221;0&#8243; down_style=&#8221;px&#8221;][\/no_bordered_elements_holder][\/no_elements_holder_item][no_elements_holder_item background_image=&#8221;15871&#8243; aligment=&#8221;left&#8221; animation_name=&#8221;x_rotate&#8221; advanced_animations=&#8221;no&#8221; elemnts_holder_frame=&#8221;no&#8221;][\/no_elements_holder_item][\/no_elements_holder][\/vc_column][\/vc_row]<\/p>\n","protected":false},"excerpt":{"rendered":"<p>[vc_row row_type=&#8221;row&#8221; use_row_as_full_screen_section=&#8221;no&#8221; type=&#8221;full_width&#8221; text_align=&#8221;left&#8221; box_shadow_on_row=&#8221;no&#8221;][vc_column][no_elements_holder number_of_columns=&#8221;two_columns&#8221; switch_to_one_column=&#8221;1000&#8243; alignment_one_column=&#8221;center&#8221;][no_elements_holder_item background_image=&#8221;24293&#8243; aligment=&#8221;left&#8221; animation_name=&#8221;x_rotate&#8221; advanced_animations=&#8221;no&#8221; elemnts_holder_frame=&#8221;no&#8221;][\/no_elements_holder_item][no_elements_holder_item background_color=&#8221;#201a15&#8243; item_padding=&#8221;34px &#8221; aligment=&#8221;center&#8221; animation_name=&#8221;x_rotate&#8221; advanced_animations=&#8221;no&#8221; elemnts_holder_frame=&#8221;no&#8221;][no_bordered_elements_holder animation_type=&#8221;edgt_box_continue_line&#8221; hover_animation=&#8221;edgt_box_scale_in&#8221; border_color=&#8221;rgba(255,255,255,0.56)&#8221; border_width=&#8221;1&#8243; holder_padding=&#8221;26.4% 18% 26.7% 18%&#8221;][vc_column_text] V\u00e5r filosofi [\/vc_column_text][vc_separator type=&#8221;transparent&#8221; up=&#8221;16&#8243; up_style=&#8221;px&#8221; down=&#8221;0&#8243; down_style=&#8221;px&#8221;][vc_column_text] \u00a0vi bryr oss om din h\u00e4lsa [\/vc_column_text][vc_separator type=&#8221;transparent&#8221;&#8230;<\/p>\n","protected":false},"author":1,"featured_media":0,"parent":0,"menu_order":0,"comment_status":"open","ping_status":"closed","template":"full_width.php","meta":[],"_links":{"self":[{"href":"https:\/\/www.bohotravels.com\/sv\/wp-json\/wp\/v2\/pages\/25354"}],"collection":[{"href":"https:\/\/www.bohotravels.com\/sv\/wp-json\/wp\/v2\/pages"}],"about":[{"href":"https:\/\/www.bohotravels.com\/sv\/wp-json\/wp\/v2\/types\/page"}],"author":[{"embeddable":true,"href":"https:\/\/www.bohotravels.com\/sv\/wp-json\/wp\/v2\/users\/1"}],"replies":[{"embeddable":true,"href":"https:\/\/www.bohotravels.com\/sv\/wp-json\/wp\/v2\/comments?post=25354"}],"version-history":[{"count":6,"href":"https:\/\/www.bohotravels.com\/sv\/wp-json\/wp\/v2\/pages\/25354\/revisions"}],"predecessor-version":[{"id":26596,"href":"https:\/\/www.bohotravels.com\/sv\/wp-json\/wp\/v2\/pages\/25354\/revisions\/26596"}],"wp:attachment":[{"href":"https:\/\/www.bohotravels.com\/sv\/wp-json\/wp\/v2\/media?parent=25354"}],"curies":[{"name":"wp","href":"https:\/\/api.w.org\/{rel}","templated":true}]}}