{"id":27095,"date":"2018-06-13T12:03:33","date_gmt":"2018-06-13T12:03:33","guid":{"rendered":"http:\/\/www.bohotravels.com\/package\/detox-week-in-teplice\/"},"modified":"2018-07-27T09:05:02","modified_gmt":"2018-07-27T09:05:02","slug":"detoks-uke-i-teplice","status":"publish","type":"product","link":"https:\/\/www.bohotravels.com\/no\/package\/detoks-uke-i-teplice\/","title":{"rendered":"Detoks-uke i Teplice"},"content":{"rendered":"<p>Opplev 7 dager med profesjonell pleie: tilpasset ern\u00e6ring, hyggelige spa-behandlinger for din velv\u00e6re og fysisk aktivitet i en koselig by som heter <strong>Teplice<\/strong>.\u00a0 Unikt bikarbonat-, sulfat- og natriumholdig termisk vann rikt p\u00e5 mineraler blandet med en terapeutisk mengde radon vil gradvis rense kroppen din for kjemikalier og medisiner. Denne spesielle prosedyren vil hjelpe igang prosessen med automatisk detoksifisering.<\/p>\n<p style=\"text-align: center;\"><strong>Programdetaljer:<\/strong><\/p>\n<p style=\"text-align: center;\">Dette programmet starter alltid p\u00e5 s\u00f8ndag.<\/p>\n<p>Det f\u00f8rste skrittet for \u00e5 lage et skreddersydd program for deg er \u00e5 gjennomf\u00f8re en medisinsk kontroll . Programmet\u00a0 inkluderer spesielle behandlinger for rask detoks, antioksidanter for styrke imunforsvaret og spesifikk ern\u00e6ring for \u00e5 erstatte mikron\u00e6ringsstoffer som mangler,\u00a0 og for \u00e5 \u00f8ke stoffskiftet.<\/p>\n<p>Spa og velv\u00e6re &#8211; du vil glede deg over \u00e5 bade i de unike helbredende varme kildene, ulike typer vannbehandling, behagelig massasje og mye mer.<\/p>\n<p>Etter detoks-uken vil du f\u00f8le deg veldig avslappet, lettere og kroppens metaboliske systemer vil inneholde et lavere niv\u00e5 av uheldige kjemikalier.<\/p>\n","protected":false},"excerpt":{"rendered":"<h5>18 avslappende behandlinger samlet i ett detaljert program for rask detoks av kropp og sjel.<\/h5>\n","protected":false},"featured_media":27009,"template":"","meta":[],"_links":{"self":[{"href":"https:\/\/www.bohotravels.com\/no\/wp-json\/wp\/v2\/product\/27095"}],"collection":[{"href":"https:\/\/www.bohotravels.com\/no\/wp-json\/wp\/v2\/product"}],"about":[{"href":"https:\/\/www.bohotravels.com\/no\/wp-json\/wp\/v2\/types\/product"}],"wp:featuredmedia":[{"embeddable":true,"href":"https:\/\/www.bohotravels.com\/no\/wp-json\/wp\/v2\/media\/27009"}],"wp:attachment":[{"href":"https:\/\/www.bohotravels.com\/no\/wp-json\/wp\/v2\/media?parent=27095"}],"curies":[{"name":"wp","href":"https:\/\/api.w.org\/{rel}","templated":true}]}}