{"id":26390,"date":"2018-04-30T09:00:41","date_gmt":"2018-04-30T09:00:44","guid":{"rendered":"http:\/\/www.bohotravels.com\/?post_type=product&#038;p=26390"},"modified":"2020-12-18T00:00:41","modified_gmt":"2020-12-18T00:00:41","slug":"ansikt-hals","status":"publish","type":"product","link":"https:\/\/www.bohotravels.com\/no\/package\/ansikt-hals\/","title":{"rendered":"Ansikt og hals"},"content":{"rendered":"<h4 style=\"text-align: center;\"><\/h4>\n<h3 style=\"text-align: center;\">Ansiktsforyngelse og en glattere hals<\/h3>\n<p>&nbsp;<\/p>\n<h5 style=\"text-align: center;\">4 ESTETISKE PROSEDYRER FOR EN PRIS<\/h5>\n<p>&nbsp;<\/p>\n<p>Slankere mage, glattere ansikt og halse med bruk av fett som fyllstoff under applikasjon av stamcellerbehandlingen. Velg ett sted du \u00f8nsker \u00e5 benytte de naturlige fyllstoffene. \u00d8nsker du st\u00f8rre lepper eller fylle dype rynker?<\/p>\n<p><strong> Stamceller <\/strong> Anti-aging er den siste medisinske metoden som forynger ansiktet ditt p\u00e5 en 100% naturlig m\u00e5te. Denne utf\u00f8res ved \u00e5 benytte et preparat fra ditt eget biomateriale som injiseres i det midterste laget av huden. Dette vil gjenopprette ikke bare huden, men den generelle strukturen i vevet ditt. Det for\u00e5rsaker ikke arr og krever ikke lang konvalescens. Effekten oppst\u00e5r umiddelbart etter bruk av stamceller. Det faktiske resultatet er allerede synlig i de kommende m\u00e5nedene. Passer for alle aldre.<\/p>\n<p>For \u00e5 glatte huden gir vi en velgj\u00f8rende behandling og s\u00f8rger for videre regenerering av huden din i en enkelt applikasjon.<\/p>\n<p>&nbsp;<\/p>\n<p>VIKTIGE FORPLIKTELSER<br \/>\nF\u00f8r du bestiller denne tjenesten, vennligst send oss \u200b\u200bet faktisk bilde av ditt vakre ansikt og mage (abdominal hudfoldm\u00e5ling) som vi vil videresende til legen v\u00e5r for \u00e5 f\u00e5 tilbakemelding p\u00e5 om du er aktuell for denne behandlingen. hvis du kan bli akseptert for denne behandlingen. Bildedataene dine er konfidensielle og vil kun bli brukt til innsiden<\/p>\n<p>F\u00f8r du bestiller tjenester, vennligst les de generelle betingelsene til pasienten og ogs\u00e5 kravene til deg for \u00e5 kunne bli akseptert til denne behandlingen.<\/p>\n<p>&nbsp;<\/p>\n<p>V\u00e6r oppmerksom p\u00e5 at denne behandlingen krever at du har nok magefett.<\/p>\n<p><strong> Med oss \u200b\u200ber du sikret best mulige behandling og omsorg under hele oppholdet i vakre Praha. <\/strong><\/p>\n","protected":false},"excerpt":{"rendered":"<h5><\/h5>\n<h5>Gj\u00f8r ansiktet og halsen yngre, samt velg et omr\u00e5de for bruk av naturlige fyllstoffer.<\/h5>\n","protected":false},"featured_media":26211,"template":"","meta":[],"_links":{"self":[{"href":"https:\/\/www.bohotravels.com\/no\/wp-json\/wp\/v2\/product\/26390"}],"collection":[{"href":"https:\/\/www.bohotravels.com\/no\/wp-json\/wp\/v2\/product"}],"about":[{"href":"https:\/\/www.bohotravels.com\/no\/wp-json\/wp\/v2\/types\/product"}],"wp:featuredmedia":[{"embeddable":true,"href":"https:\/\/www.bohotravels.com\/no\/wp-json\/wp\/v2\/media\/26211"}],"wp:attachment":[{"href":"https:\/\/www.bohotravels.com\/no\/wp-json\/wp\/v2\/media?parent=26390"}],"curies":[{"name":"wp","href":"https:\/\/api.w.org\/{rel}","templated":true}]}}