{"id":26153,"date":"2018-03-28T13:22:41","date_gmt":"2018-03-28T13:22:41","guid":{"rendered":"http:\/\/bohotravels.canarias.com\/package\/face\/"},"modified":"2018-06-01T19:17:16","modified_gmt":"2018-06-01T19:17:16","slug":"ansikt","status":"publish","type":"product","link":"https:\/\/www.bohotravels.com\/no\/package\/ansikt\/","title":{"rendered":"Ansikt"},"content":{"rendered":"<h3 style=\"text-align: center;\">Glattere hud<\/h3>\n<p style=\"text-align: center;\">3 ESTETISKE PROSEDURER FOR 1 PRIS<\/p>\n<p>Slankere buk, Glatt ansikt og fett fyllstoffer i l\u00f8pet av en anvendelse av stamceller behandling. Velg ett sted for naturlige fyllstoffer: \u00d8nsker du st\u00f8rre lepper eller fyller dypere rynker?<\/p>\n<p>Ansiktshuden er mest utsatt for sollys og ulike negative virkninger i l\u00f8pet av livet. For \u00e5 glatte huden gir vi god behandling og regenerering av huden din i en enkelt applikasjon.<\/p>\n<p>&nbsp;<\/p>\n<p><strong>Stamceller<\/strong> anti-aldring er den siste medisinske m\u00e5ten \u00e5 forynge ansiktet ditt 100% naturlig m\u00e5te at preparatet av ditt eget biomaterial injiseres i det midterste laget av huden. Det vil gjenopprette ikke bare huden, men den generelle strukturen i vevet ditt. Det for\u00e5rsaker ikke arr og krever ikke lang konvalescens. Effekten oppst\u00e5r umiddelbart etter bruk av stamceller. Det faktiske resultatet er allerede synlig i de kommende m\u00e5nedene. Passer for alle aldre.<\/p>\n<p><strong>V\u00e6r oppmerksom: for denne behandlingen er n\u00f8dvendig \u00e5 ha nok mat p\u00e5 magen din!<\/strong><\/p>\n<h5>Med oss \u200b\u200bf\u00e5r du den beste forsiktigheten under ditt opphold i v\u00e5r vakre Praha.<\/h5>\n","protected":false},"excerpt":{"rendered":"<h5><\/h5>\n<p>Gj\u00f8r huden mykere og mer glansfull<\/p>\n","protected":false},"featured_media":26220,"template":"","meta":[],"_links":{"self":[{"href":"https:\/\/www.bohotravels.com\/no\/wp-json\/wp\/v2\/product\/26153"}],"collection":[{"href":"https:\/\/www.bohotravels.com\/no\/wp-json\/wp\/v2\/product"}],"about":[{"href":"https:\/\/www.bohotravels.com\/no\/wp-json\/wp\/v2\/types\/product"}],"wp:featuredmedia":[{"embeddable":true,"href":"https:\/\/www.bohotravels.com\/no\/wp-json\/wp\/v2\/media\/26220"}],"wp:attachment":[{"href":"https:\/\/www.bohotravels.com\/no\/wp-json\/wp\/v2\/media?parent=26153"}],"curies":[{"name":"wp","href":"https:\/\/api.w.org\/{rel}","templated":true}]}}