{"id":26152,"date":"2015-01-05T10:24:17","date_gmt":"2015-01-05T10:24:17","guid":{"rendered":"http:\/\/bohotravels.canarias.com\/package\/medical-spa\/"},"modified":"2018-07-19T11:07:19","modified_gmt":"2018-07-19T11:07:19","slug":"f-x-mayr-detox","status":"publish","type":"product","link":"https:\/\/www.bohotravels.com\/no\/package\/f-x-mayr-detox\/","title":{"rendered":"7-dager med F. X. MAYR DETOKS i Karlsbad"},"content":{"rendered":"<p>F. X. Mayr behandling med oppf\u00f8lging fra spesialiserte spa leger .<\/p>\n<p>F. X. Mayr-programmet fjerner effektivt skadelige eller giftige substanser fra kroppen din og kan ogs\u00e5 bidra til \u00e5 redusere kroppsvekten.<\/p>\n<p>F. X. Mayr behandlingen, oppkalt og utviklet av Dr Franz Xaver Mayr (1875 \u2013 1965), err en kur basert p\u00e5 faste etterfulgt av en individuelt tilpasset diett. Vekt tap er en positiv, hyggelig sekund\u00e6r virkning.<\/p>\n<p>The F. X. Mayr terapi gir rekonstituerer og bevarer kroppens helse p\u00e5 en naturlig m\u00e5te. Du vil f\u00f8le deg friskere, mer energisk og f\u00e5r mer ut av livet.\u00a0 Hvile og avslapping n\u00f8dvendige for \u00e5 oppn\u00e5 god helse.<\/p>\n<p>Minste lengde p\u00e5 opphold: 7 netter<\/p>\n<p>&nbsp;<\/p>\n","protected":false},"excerpt":{"rendered":"<h5>Fullstendig detoks for kroppen din i Karlsbad<\/h5>\n","protected":false},"featured_media":26524,"template":"","meta":[],"_links":{"self":[{"href":"https:\/\/www.bohotravels.com\/no\/wp-json\/wp\/v2\/product\/26152"}],"collection":[{"href":"https:\/\/www.bohotravels.com\/no\/wp-json\/wp\/v2\/product"}],"about":[{"href":"https:\/\/www.bohotravels.com\/no\/wp-json\/wp\/v2\/types\/product"}],"wp:featuredmedia":[{"embeddable":true,"href":"https:\/\/www.bohotravels.com\/no\/wp-json\/wp\/v2\/media\/26524"}],"wp:attachment":[{"href":"https:\/\/www.bohotravels.com\/no\/wp-json\/wp\/v2\/media?parent=26152"}],"curies":[{"name":"wp","href":"https:\/\/api.w.org\/{rel}","templated":true}]}}