{"id":26145,"date":"2017-11-24T11:02:49","date_gmt":"2017-11-24T11:02:49","guid":{"rendered":"http:\/\/bohotravels.canarias.com\/package\/package-1\/"},"modified":"2018-07-19T11:54:47","modified_gmt":"2018-07-19T11:54:47","slug":"pakke-1","status":"publish","type":"product","link":"https:\/\/www.bohotravels.com\/no\/package\/pakke-1\/","title":{"rendered":"Ansikt, hals og hender"},"content":{"rendered":"<p><strong>Denne fordelaktige pakken er en absolutt hit<\/strong><\/p>\n<p><strong>\u00a0<\/strong><\/p>\n<p><strong>spar penger og tid<\/strong><\/p>\n<p><strong>5 ESTETISKE PROSEDYRER FOR EN PRIS<\/strong><\/p>\n<p><strong>Slankere mage, glatt ansikt, hals og hender, fettfyllstoffer i sammen med p\u00e5f\u00f8ring av stamcellerbehandlingen.<\/strong><\/p>\n<p>Huden i ansiktet, halsen og hendene er den som er mest utsatt for sollys og ulike negative virkninger i l\u00f8pet av livet. For \u00e5 glatte huden i disse omr\u00e5dene, tilbyr vi god behandling og regenerering av huden din i en enkelt p\u00e5f\u00f8ring.<\/p>\n<p><strong>Stamcellebasert <\/strong>anti-aging er den nyeste medisinske m\u00e5ten \u00e5 forynge ansiktet ditt, p\u00e5 en 100% naturlig m\u00e5te.\u00a0 Et preparatet av ditt eget biomateriale injiseres i det midterste laget av huden. Det vil gjenopprette, ikke bare huden, men den generelle strukturen i vevet ditt. Dette for\u00e5rsaker ikke arr og krever ikke lang rekonvalesering. Effekten oppst\u00e5r umiddelbart etter bruk av stamceller. Det faktiske resultatet er allerede synlig i de kommende m\u00e5nedene. Passer for alle aldre.<\/p>\n<p>VIKTIGE FORPLIKTELSER<\/p>\n<p>F\u00f8r du bestiller denne tjenesten, vennligst send oss \u200b\u200bet faktisk bilde av ditt vakre ansikt og mage (abdominal hudfoldm\u00e5ling) som vi vil videresende til legen v\u00e5r for \u00e5 f\u00e5 tilbakemelding p\u00e5 om du er aktuell for denne behandlingen. Bildedataene dine er konfidensielle og vil kun bli brukt av til dette form\u00e5let og vil ikke deles med utenforst\u00e5ende.<\/p>\n<p>F\u00f8r du bestiller tjenester, vennligst les de generelle omstendigheter for pasienten og krav for \u00e5 kunne delta p\u00e5 denne prosedyren.<\/p>\n<p>V\u00c6R OPPM\u00c6RKSOM P\u00c5 AT DET ER N\u00d8DVENDIG MED MAGEFETT FOR \u00c5 KUNNE UTF\u00d8RE DENNE PROSEDYREN.<\/p>\n<p><strong>Med oss \u200b\u200bf\u00e5r du den beste omsorgen under ditt opphold i v\u00e5rt vakre Praha.<\/strong><\/p>\n","protected":false},"excerpt":{"rendered":"<h5>En komplett pakke utf\u00f8rt samtidig, spar penger og tid<\/h5>\n","protected":false},"featured_media":26889,"template":"","meta":[],"_links":{"self":[{"href":"https:\/\/www.bohotravels.com\/no\/wp-json\/wp\/v2\/product\/26145"}],"collection":[{"href":"https:\/\/www.bohotravels.com\/no\/wp-json\/wp\/v2\/product"}],"about":[{"href":"https:\/\/www.bohotravels.com\/no\/wp-json\/wp\/v2\/types\/product"}],"wp:featuredmedia":[{"embeddable":true,"href":"https:\/\/www.bohotravels.com\/no\/wp-json\/wp\/v2\/media\/26889"}],"wp:attachment":[{"href":"https:\/\/www.bohotravels.com\/no\/wp-json\/wp\/v2\/media?parent=26145"}],"curies":[{"name":"wp","href":"https:\/\/api.w.org\/{rel}","templated":true}]}}