{"id":26004,"date":"2015-07-27T12:30:57","date_gmt":"2015-07-27T12:30:57","guid":{"rendered":"http:\/\/bohotravels.canarias.com\/wellness-spa-czech-republic\/"},"modified":"2018-05-28T09:57:56","modified_gmt":"2018-05-28T09:57:56","slug":"wellness-spa-tsjekkia","status":"publish","type":"page","link":"https:\/\/www.bohotravels.com\/no\/wellness-spa-tsjekkia\/","title":{"rendered":"Wellness Spa"},"content":{"rendered":"<p>[vc_row row_type=&raquo;row&raquo; use_row_as_full_screen_section=&raquo;no&raquo; type=&raquo;grid&raquo; text_align=&raquo;center&raquo; background_color=&raquo;#f2f2f2&#8243; padding_top=&raquo;14&#8243; padding_bottom=&raquo;14&#8243; box_shadow_on_row=&raquo;no&raquo;][vc_column][no_elements_holder number_of_columns=&raquo;five_columns&raquo;][no_elements_holder_item item_padding=&raquo;8px 0px 13px 0px&raquo; aligment=&raquo;center&raquo; advanced_animations=&raquo;no&raquo; elemnts_holder_frame=&raquo;no&raquo;]<div class=\"edgt_counter_holder  center\" style=\"\"><span class=\"counter  zero\" style=\"color: #1d1614;\">100<\/span><h4 class='counter_title' style='color:#b77e4b;'>TILFREDSHET<\/h4><\/div>[\/no_elements_holder_item][no_elements_holder_item item_padding=&raquo;8px 0px 13px 0px&raquo; aligment=&raquo;center&raquo; advanced_animations=&raquo;no&raquo; elemnts_holder_frame=&raquo;no&raquo;]<div class=\"edgt_counter_holder  center\" style=\"\"><span class=\"counter  zero\" style=\"color: #1d1614;\">120<\/span><h4 class='counter_title' style='color:#b77e4b;'>MINERALSTR\u00d8MMER<\/h4><\/div>[\/no_elements_holder_item][no_elements_holder_item item_padding=&raquo;8px 0px 13px 0px&raquo; aligment=&raquo;center&raquo; advanced_animations=&raquo;no&raquo; elemnts_holder_frame=&raquo;no&raquo;]<div class=\"edgt_counter_holder  center\" style=\"\"><span class=\"counter  zero\" style=\"color: #1d1614;\">25<\/span><h4 class='counter_title' style='color:#b77e4b;'>SPA PROGRAM<\/h4><\/div>[\/no_elements_holder_item][no_elements_holder_item item_padding=&raquo;8px 0px 13px 0px&raquo; aligment=&raquo;center&raquo; advanced_animations=&raquo;no&raquo; elemnts_holder_frame=&raquo;no&raquo;]<div class=\"edgt_counter_holder  center\" style=\"\"><span class=\"counter  zero\" style=\"color: #1d1614;\">2<\/span><h6 class='counter_title' style='color:#b77e4b;'>SPA BYER<\/h6><\/div>[\/no_elements_holder_item][no_elements_holder_item item_padding=&raquo;8px 0px 13px 0px&raquo; aligment=&raquo;center&raquo; advanced_animations=&raquo;no&raquo; elemnts_holder_frame=&raquo;no&raquo;]<div class=\"edgt_counter_holder  center\" style=\"\"><span class=\"counter  zero\" style=\"color: #1d1614;\">10<\/span><h4 class='counter_title' style='color:#b77e4b;'>UNIKE BOHO AKTIVITETER<\/h4><\/div>[\/no_elements_holder_item][\/no_elements_holder][\/vc_column][\/vc_row][vc_row row_type=&raquo;row&raquo; use_row_as_full_screen_section=&raquo;no&raquo; type=&raquo;grid&raquo; text_align=&raquo;center&raquo; background_image=&raquo;26988&#8243; pattern_background=&raquo;pattern_background&raquo; padding_top=&raquo;68&#8243; padding_bottom=&raquo;75&#8243; box_shadow_on_row=&raquo;no&raquo;][vc_column parallax=&raquo;content-moving-fade&raquo; css_animation=&raquo;none&raquo;][vc_text_separator title=&raquo;Du fortjener v\u00e5re luksuri\u00f8se Boho-behandlinger&raquo; css_animation=&raquo;none&raquo; text_in_box=&raquo;no&raquo; text_position=&raquo;center&raquo; box_padding=&raquo;15&#8243; line_color=&raquo;#39f9c0&#8243; line_width=&raquo;258&#8243; line_border_style=&raquo;solid&raquo; up=&raquo;12&#8243; down=&raquo;30&#8243; animation=&raquo;animate_width&raquo; line_dots=&raquo;no&raquo; title_color=&raquo;#26ffcc&raquo;][vc_column_text el_class=&raquo;color-whitesmoke&raquo;]<\/p>\n<p class=\"p1\">Unn deg den beste pleie og la bak hverdagens stress. Nyt v\u00e5re avslappende bad i helbredende mineralkilder, en beroligende massasje, naturlige wraps og andre luksuri\u00f8se behandlinger i v\u00e5re vakre tsjekkiske spa-hoteller som ligger i fantastiske historiske byene.<\/p>\n<p class=\"p1\">Wellness-spa- programmer er laget for avslapning, de helbredende mineralske kildene og andre naturlige terapeutiske ressurser i de tsjekkiske spaene, som ligger i det vakre naturskj\u00f8nne landskapet. V\u00e5re kunder f\u00e5r h\u00f8y kvalitet spa omsorg, velv\u00e6re programmer, moderne trender og bredt rekkevide av unike tjenester. Skjemme bort kropp og sjel i de tsjekkiske spas for \u00e5 f\u00f8le deg gjenf\u00f8dt.<\/p>\n<p class=\"p1\">Boho Travels hjelper deg med \u00e5 finne det beste spaet til din uforglemmelig opplevelse. Vi samarbeider med mange profesjonelle spa hoteller og feriesteder, som gir de beste omsorg.<\/p>\n<p>[\/vc_column_text]<div class='edgt_progress_bar'><h3 class='progress_title_holder clearfix' style='color: #c47703;font-size: 20px;'><span class='progress_title'>KULTURELLE AKTIVITETER<\/span><span class='progress_number_wrapper floating floating_outside'><span class='progress_number with_mark' style='color: #00c475;background-color: rgba(255,255,255,0.01);font-weight: 700;'><span class='percent'>0<\/span><span class='down_arrow' style=\"border-top-color:rgba(255,255,255,0.01);\"><\/span><\/span><\/span><\/h3><div class='progress_content_outer' style='height: 15px;border-radius: 7px;-moz-border-radius: 7px;-webkit-border-radius: 7px;background-color: #c69c6d;'><div data-percentage='40' class='progress_content' style='height: 15px;background-color: #ffffff;background-image: url();background-repeat: repeat;background-position: 0px 0px;border-color: rgba(255,255,255,0.01);'><\/div><\/div><\/div><div class='edgt_progress_bar'><h2 class='progress_title_holder clearfix' style='color: #c67000;font-size: 20px;'><span class='progress_title'>SPA BEHANDLINGER<\/span><span class='progress_number_wrapper floating floating_outside'><span class='progress_number with_mark' style='color: #0faa77;background-color: rgba(255,255,255,0.01);font-weight: 700;'><span class='percent'>0<\/span><span class='down_arrow' style=\"border-top-color:rgba(255,255,255,0.01);\"><\/span><\/span><\/span><\/h2><div class='progress_content_outer' style='height: 15px;border-radius: 7px;-moz-border-radius: 7px;-webkit-border-radius: 7px;background-color: #c69c6d;'><div data-percentage='60' class='progress_content' style='height: 15px;background-color: #ffffff;background-image: url();background-repeat: repeat;background-position: 0px 0px;border-color: rgba(255,255,255,0.01);'><\/div><\/div><\/div><div class='edgt_progress_bar'><h2 class='progress_title_holder clearfix' style='color: #bc7d00;font-size: 20px;'><span class='progress_title'>MORSOMT og SLAPPE AV<\/span><span class='progress_number_wrapper floating floating_outside'><span class='progress_number with_mark' style='color: #00c67d;background-color: rgba(255,255,255,0.01);font-weight: 700;'><span class='percent'>0<\/span><span class='down_arrow' style=\"border-top-color:rgba(255,255,255,0.01);\"><\/span><\/span><\/span><\/h2><div class='progress_content_outer' style='height: 15px;border-radius: 7px;-moz-border-radius: 7px;-webkit-border-radius: 7px;background-color: #c69c6d;'><div data-percentage='100' class='progress_content' style='height: 15px;background-color: #ffffff;background-image: url();background-repeat: repeat;background-position: 0px 0px;border-color: rgba(255,255,255,0.01);'><\/div><\/div><\/div><div class='edgt_progress_bar'><h2 class='progress_title_holder clearfix' style='color: #b78101;font-size: 20px;'><span class='progress_title'>KREATIVE PROGRAMMMER<\/span><span class='progress_number_wrapper floating floating_outside'><span class='progress_number with_mark' style='color: #08d180;background-color: rgba(255,255,255,0.01);font-weight: 700;'><span class='percent'>0<\/span><span class='down_arrow' style=\"border-top-color:rgba(255,255,255,0.01);\"><\/span><\/span><\/span><\/h2><div class='progress_content_outer' style='height: 15px;border-radius: 7px;-moz-border-radius: 7px;-webkit-border-radius: 7px;background-color: #c69c6d;'><div data-percentage='100' class='progress_content' style='height: 15px;background-color: #ffffff;background-image: url();background-repeat: repeat;background-position: 0px 0px;border-color: rgba(255,255,255,0.01);'><\/div><\/div><\/div>[\/vc_column][\/vc_row][vc_row row_type=&raquo;row&raquo; use_row_as_full_screen_section=&raquo;no&raquo; type=&raquo;full_width&raquo; text_align=&raquo;left&raquo; box_shadow_on_row=&raquo;no&raquo;][vc_column css=&raquo;.vc_custom_1518789979964{padding-top: 25px !important;padding-bottom: 25px !important;padding-left: 63px !important;}&raquo;][vc_column_text css=&raquo;.vc_custom_1523571396035{margin-top: 5px !important;border-radius: 5px !important;}&raquo;]<\/p>\n<h2 style=\"text-align: center;\">Ulike Boho-Programmer, Rett for Dig<\/h2>\n<p>[\/vc_column_text][vc_column_text]Boho Travels er her for \u00e5 arrangere en uforglemmelig opplevelse. Forvent spa-tjenester du vil glede deg over og et bredt spekter av fritidsaktiviteter for \u00e5 berike ferien i Tsjekkia.[\/vc_column_text][\/vc_column][\/vc_row][vc_row row_type=&raquo;row&raquo; use_row_as_full_screen_section=&raquo;no&raquo; type=&raquo;full_width&raquo; text_align=&raquo;left&raquo; box_shadow_on_row=&raquo;no&raquo;][vc_column][no_elements_holder number_of_columns=&raquo;three_columns&raquo; switch_to_one_column=&raquo;1000&#8243;][no_elements_holder_item background_color=&raquo;#ddc7b5&#8243; item_padding=&raquo;124px 11% 124px 11%&raquo; aligment=&raquo;left&raquo; vertical_alignment=&raquo;top&raquo; animation_name=&raquo;z_rotate&raquo; animation_delay=&raquo;0&#8243; advanced_animations=&raquo;no&raquo; item_padding_1300_1600=&raquo;111px 11% 110px 11%&raquo; item_padding_1000_1300=&raquo;97px 11% 97px 11%&raquo; item_padding_768_1000=&raquo;97px 11% 97px 11%&raquo; item_padding_600_768=&raquo;70px 6% 70px 6%&raquo; item_padding_480_600=&raquo;70px 6% 70px 6%&raquo; item_padding_480=&raquo;70px 6% 70px 6%&raquo; elemnts_holder_frame=&raquo;no&raquo;][vc_column_text]<\/p>\n<h3>Carlsbad spa<\/h3>\n<p>[\/vc_column_text][vc_separator type=&raquo;small&raquo; position=&raquo;left&raquo; border_style=&raquo;solid&raquo; width=&raquo;60&#8243; thickness=&raquo;2&#8243; up=&raquo;22&#8243; up_style=&raquo;px&raquo; down=&raquo;26&#8243; down_style=&raquo;px&raquo;][vc_column_text]Opplev skj\u00f8nnhet spa eleganse, imponerende colonnades, eksklusive spa bygninger og en flott layout i hjertet av en skogkledd dal. Det er Carlsbad spa![\/vc_column_text]<a href=\"#\" target=\"_self\" data-hover-animated-background-color=#b3835e data-hover-color=#ffffff data-icon-hover-color=#ffffff  class=\"qbutton  qbutton_with_icon fill_from_top icon_right\" style=\"color: #ffffff; border-width: 0px; margin: 28px 0 0 0; background-color: #000000;\"><span class=\"text_wrap\">LES MER<\/span><span aria-hidden=\"true\" class=\"edgt_icon_font_elegant arrow_right button_icon\" style=\"color: #b3835e;width: inherit; \" ><\/span><span class=\"a_overlay\" style=\"\"><\/span><\/a>[\/no_elements_holder_item][no_elements_holder_item background_image=&raquo;24313&#8243; item_padding=&raquo;416px 0 0 0&#8243; aligment=&raquo;left&raquo; vertical_alignment=&raquo;top&raquo; animation_name=&raquo;z_rotate&raquo; animation_delay=&raquo;150&#8243; advanced_animations=&raquo;yes&raquo; start_position=&raquo;bottom-top&raquo; end_position=&raquo;center&raquo; item_padding_1300_1600=&raquo;389px 0 0 0&#8243; item_padding_1000_1300=&raquo;389px 0 0 0&#8243; item_padding_768_1000=&raquo;416px 0 0 0&#8243; item_padding_600_768=&raquo;416px 0 0 0&#8243; item_padding_480_600=&raquo;416px 0 0 0&#8243; item_padding_480=&raquo;416px 0 0 0&#8243; elemnts_holder_frame=&raquo;no&raquo; frame_pattern_image=&raquo;&raquo;][\/no_elements_holder_item][no_elements_holder_item background_color=&raquo;#17110f&raquo; item_padding=&raquo;124px 11% 124px 11%&raquo; aligment=&raquo;left&raquo; vertical_alignment=&raquo;top&raquo; animation_name=&raquo;z_rotate&raquo; animation_delay=&raquo;300&#8243; advanced_animations=&raquo;no&raquo; item_padding_1300_1600=&raquo;111px 11% 110px 11%&raquo; item_padding_1000_1300=&raquo;97px 11% 97px 11%&raquo; item_padding_768_1000=&raquo;97px 11% 97px 11%&raquo; item_padding_600_768=&raquo;70px 6% 70px 6%&raquo; item_padding_480_600=&raquo;70px 6% 70px 6%&raquo; item_padding_480=&raquo;70px 6% 70px 6%&raquo; elemnts_holder_frame=&raquo;no&raquo;][vc_column_text]<\/p>\n<h3><span style=\"color: #ffffff;\">Marienbad<\/span><\/h3>\n<p>[\/vc_column_text][vc_separator type=&raquo;small&raquo; position=&raquo;left&raquo; border_style=&raquo;solid&raquo; width=&raquo;60&#8243; thickness=&raquo;2&#8243; up=&raquo;22&#8243; up_style=&raquo;px&raquo; down=&raquo;26&#8243; down_style=&raquo;px&raquo;][vc_column_text el_class=&raquo;color-whitesmoke&raquo;]Flotte alternative spa-bygninger med blomstrende parker hvor spa-gjester sitter og nipper godt av jugs fylt av byens ber\u00f8mte kilder. Denne spa-byen er vert for de viktigste statsmenn og kunstnere fra hele verden.[\/vc_column_text]<a href=\"#\" target=\"_self\" data-hover-animated-background-color=#b3835e data-hover-color=#ffffff data-icon-hover-color=#ffffff  class=\"qbutton  qbutton_with_icon fill_from_top icon_right\" style=\"color: #ffffff; border-width: 0px; margin: 28px 0 0 0; background-color: #000000;\"><span class=\"text_wrap\">LES MER<\/span><span aria-hidden=\"true\" class=\"edgt_icon_font_elegant arrow_right button_icon\" style=\"color: #b3835e;width: inherit; \" ><\/span><span class=\"a_overlay\" style=\"\"><\/span><\/a>[\/no_elements_holder_item][\/no_elements_holder][no_elements_holder number_of_columns=&raquo;three_columns&raquo; switch_to_one_column=&raquo;1000&#8243;][no_elements_holder_item background_image=&raquo;24332&#8243; item_padding=&raquo;416px 0 0 0&#8243; aligment=&raquo;left&raquo; vertical_alignment=&raquo;top&raquo; animation_name=&raquo;z_rotate&raquo; animation_delay=&raquo;0&#8243; advanced_animations=&raquo;no&raquo; item_padding_1300_1600=&raquo;389px 0 0 0&#8243; item_padding_1000_1300=&raquo;389px 0 0 0&#8243; item_padding_768_1000=&raquo;416px 0 0 0&#8243; item_padding_600_768=&raquo;416px 0 0 0&#8243; item_padding_480_600=&raquo;416px 0 0 0&#8243; item_padding_480=&raquo;416px 0 0 0&#8243; elemnts_holder_frame=&raquo;no&raquo;][\/no_elements_holder_item][no_elements_holder_item background_color=&raquo;#56ad93&#8243; item_padding=&raquo;95px 11% 95px 11%&raquo; aligment=&raquo;left&raquo; vertical_alignment=&raquo;top&raquo; animation_name=&raquo;z_rotate&raquo; animation_delay=&raquo;150&#8243; advanced_animations=&raquo;no&raquo; item_padding_1300_1600=&raquo;95px 11% 95px 11%&raquo; item_padding_1000_1300=&raquo;82px 11% 81px 11%&raquo; item_padding_768_1000=&raquo;82px 11% 81px 11%&raquo; item_padding_600_768=&raquo;70px 6% 70px 6%&raquo; item_padding_480_600=&raquo;70px 6% 70px 6%&raquo; item_padding_480=&raquo;70px 6% 70px 6%&raquo; elemnts_holder_frame=&raquo;no&raquo;][vc_column_text]<\/p>\n<h3><span style=\"color: #ffffff;\">Vakkert utformede pakker<\/span><\/h3>\n<p>[\/vc_column_text][vc_separator type=&raquo;small&raquo; position=&raquo;left&raquo; border_style=&raquo;solid&raquo; width=&raquo;60&#8243; thickness=&raquo;2&#8243; up=&raquo;22&#8243; up_style=&raquo;px&raquo; down=&raquo;26&#8243; down_style=&raquo;px&raquo;][vc_column_text el_class=&raquo;color-whitesmoke&raquo;]Oppdag v\u00e5re luksus Boho-pakker for vakre \u00f8yeblikk du vil huske i lang tid framover.[\/vc_column_text]<a href=\"#\" target=\"_self\" data-hover-animated-background-color=#b3835e data-hover-color=#ffffff data-icon-hover-color=#ffffff  class=\"qbutton  qbutton_with_icon fill_from_top icon_right\" style=\"color: #ffffff; border-width: 0px; margin: 28px 0 0 0; background-color: #000000;\"><span class=\"text_wrap\">LES MER<\/span><span aria-hidden=\"true\" class=\"edgt_icon_font_elegant arrow_right button_icon\" style=\"color: #b3835e;width: inherit; \" ><\/span><span class=\"a_overlay\" style=\"\"><\/span><\/a>[\/no_elements_holder_item][no_elements_holder_item background_image=&raquo;24340&#8243; item_padding=&raquo;416px 0 0 0&#8243; aligment=&raquo;left&raquo; vertical_alignment=&raquo;top&raquo; animation_name=&raquo;z_rotate&raquo; animation_delay=&raquo;300&#8243; advanced_animations=&raquo;no&raquo; item_padding_1300_1600=&raquo;389px 0 0 0&#8243; item_padding_1000_1300=&raquo;389px 0 0 0&#8243; item_padding_768_1000=&raquo;416px 0 0 0&#8243; item_padding_600_768=&raquo;416px 0 0 0&#8243; item_padding_480_600=&raquo;416px 0 0 0&#8243; item_padding_480=&raquo;416px 0 0 0&#8243; elemnts_holder_frame=&raquo;no&raquo;][\/no_elements_holder_item][\/no_elements_holder][\/vc_column][\/vc_row]<\/p>\n","protected":false},"excerpt":{"rendered":"<p>[vc_row row_type=&raquo;row&raquo; use_row_as_full_screen_section=&raquo;no&raquo; type=&raquo;grid&raquo; text_align=&raquo;center&raquo; background_color=&raquo;#f2f2f2&#8243; padding_top=&raquo;14&#8243; padding_bottom=&raquo;14&#8243; box_shadow_on_row=&raquo;no&raquo;][vc_column][no_elements_holder number_of_columns=&raquo;five_columns&raquo;][no_elements_holder_item item_padding=&raquo;8px 0px 13px 0px&raquo; aligment=&raquo;center&raquo; advanced_animations=&raquo;no&raquo; elemnts_holder_frame=&raquo;no&raquo;][\/no_elements_holder_item][no_elements_holder_item item_padding=&raquo;8px 0px 13px 0px&raquo; aligment=&raquo;center&raquo; advanced_animations=&raquo;no&raquo; elemnts_holder_frame=&raquo;no&raquo;][\/no_elements_holder_item][no_elements_holder_item item_padding=&raquo;8px 0px 13px 0px&raquo; aligment=&raquo;center&raquo; advanced_animations=&raquo;no&raquo; elemnts_holder_frame=&raquo;no&raquo;][\/no_elements_holder_item][no_elements_holder_item item_padding=&raquo;8px 0px 13px 0px&raquo; aligment=&raquo;center&raquo; advanced_animations=&raquo;no&raquo; elemnts_holder_frame=&raquo;no&raquo;][\/no_elements_holder_item][no_elements_holder_item item_padding=&raquo;8px 0px 13px 0px&raquo; aligment=&raquo;center&raquo; advanced_animations=&raquo;no&raquo; elemnts_holder_frame=&raquo;no&raquo;][\/no_elements_holder_item][\/no_elements_holder][\/vc_column][\/vc_row][vc_row&#8230;<\/p>\n","protected":false},"author":1,"featured_media":0,"parent":0,"menu_order":0,"comment_status":"open","ping_status":"open","template":"full_width.php","meta":[],"_links":{"self":[{"href":"https:\/\/www.bohotravels.com\/no\/wp-json\/wp\/v2\/pages\/26004"}],"collection":[{"href":"https:\/\/www.bohotravels.com\/no\/wp-json\/wp\/v2\/pages"}],"about":[{"href":"https:\/\/www.bohotravels.com\/no\/wp-json\/wp\/v2\/types\/page"}],"author":[{"embeddable":true,"href":"https:\/\/www.bohotravels.com\/no\/wp-json\/wp\/v2\/users\/1"}],"replies":[{"embeddable":true,"href":"https:\/\/www.bohotravels.com\/no\/wp-json\/wp\/v2\/comments?post=26004"}],"version-history":[{"count":12,"href":"https:\/\/www.bohotravels.com\/no\/wp-json\/wp\/v2\/pages\/26004\/revisions"}],"predecessor-version":[{"id":26999,"href":"https:\/\/www.bohotravels.com\/no\/wp-json\/wp\/v2\/pages\/26004\/revisions\/26999"}],"wp:attachment":[{"href":"https:\/\/www.bohotravels.com\/no\/wp-json\/wp\/v2\/media?parent=26004"}],"curies":[{"name":"wp","href":"https:\/\/api.w.org\/{rel}","templated":true}]}}