{"id":25991,"date":"2018-04-05T14:45:18","date_gmt":"2018-04-05T14:45:18","guid":{"rendered":"http:\/\/bohotravels.canarias.com\/medical-spa-frequently-asked-questions-2\/"},"modified":"2018-06-12T21:06:39","modified_gmt":"2018-06-12T21:06:39","slug":"medical-spa-frequently-asked-questions-2","status":"publish","type":"page","link":"https:\/\/www.bohotravels.com\/no\/medical-spa-frequently-asked-questions-2\/","title":{"rendered":"Wellness Spa FAQ"},"content":{"rendered":"<p>[vc_row row_type=&raquo;row&raquo; use_row_as_full_screen_section=&raquo;no&raquo; type=&raquo;grid&raquo; anchor=&raquo;accordions&raquo; text_align=&raquo;left&raquo; background_image=&raquo;16993&#8243; padding_top=&raquo;69&#8243; padding_bottom=&raquo;49&#8243; box_shadow_on_row=&raquo;no&raquo; oblique_section=&raquo;no&raquo; oblique_section_top_and_bottom=&raquo;both&raquo; oblique_section_position=&raquo;from_left_to_right&raquo; triangle_shape=&raquo;no&raquo; triangle_shape_position=&raquo;both&raquo; floating_direction=&raquo;top-bottom&raquo; floating_speed=&raquo;3&#8243; zigzag=&raquo;yes&raquo; floating_randsize=&raquo;yes&raquo;][vc_column width=&raquo;1\/2&#8243;][vc_accordion active_tab=&raquo;1&#8243; style=&raquo;accordion&raquo; accordion_border_radius=&raquo;3&#8243; hide_icon=&raquo;no&raquo; title_icon_alignment=&raquo;icon_left&raquo;][vc_accordion_tab title=&raquo;L\u00c6R MER OM V\u00c5RE FANTASTISKE VELV\u00c6REPROGRAMMER&raquo; border_color=&raquo;rgba(172,173,172,0.26)&raquo; title_tag=&raquo;h6&#8243;][vc_column_text]<\/p>\n<p class=\"p1\"><span class=\"s1\">Kombinasjonen av naturlige vannbehandlinger og moderne medisinsk teknikk bidrar til \u00e5 forbedre helsen din. Boho Travels har valgt de beste profesjonelle som sikrer deg den behandlingen og omsorgen du trenger for spesielt tilpasset dine behov.<\/span><\/p>\n<p>[\/vc_column_text][\/vc_accordion_tab][vc_accordion_tab title=&raquo;Hva er spa?&raquo; title_tag=&raquo;h5&#8243;][vc_column_text]<\/p>\n<h5 class=\"p1\"><strong><span class=\"s1\">Tsjekkisk spaindustri<\/span><\/strong><\/h5>\n<p class=\"p1\"><span class=\"s1\">Spa &#8211; er definert som helseforbedrende anlegg basert p\u00e5 naturlige mineralressurser rettet mot regenerering av kropp, sinn og \u00e5nd. Magien fra gamle naturlige helbredende behandlinger og toppkvalitets medisinsk omsorg satt p\u00e5 pr\u00f8ve i \u00e5rhundrer finner du i v\u00e5re tsjekkiske spa-resorter. Kombinasjon av naturlige mineralstr\u00f8mmer og profesjonelle sunne programmer satt sammen av spa-eksperter, gir den beste virkningen for kroppen din.<\/span><\/p>\n<p class=\"p1\"><span class=\"s1\">V\u00e5re tsjekkiske mineralvannsstr\u00f8mmer blir brukt til forebygging av sykdom og for generell velv\u00e6re.<\/span><\/p>\n<p>[\/vc_column_text][\/vc_accordion_tab][vc_accordion_tab title=&raquo;Hva er de positive helsebringende virkningene av oppholdet?&raquo; title_tag=&raquo;h5&#8243;][vc_column_text]<\/p>\n<p class=\"p1\"><span class=\"s1\"><b>Langsiktig effekt<\/b><\/span><\/p>\n<p class=\"p1\"><span class=\"s1\">Spabehandling har en p\u00e5viselig gunstig effekt i behandlingen av mange sykdommer. Positive effekter oppst\u00e5r imidlertid ikke bare i behandlingsperioden, men de vedvarer i flere m\u00e5neder etter behandlingens slutt. Dette er en av grunnene til at folk ofte returnerer til spaet med jevne mellomrom.<\/span><\/p>\n<p>[\/vc_column_text][\/vc_accordion_tab][vc_accordion_tab title=&raquo;Er spa et bra sted for en avgifting?&raquo; title_tag=&raquo;h5&#8243;][vc_column_text]<\/p>\n<p class=\"p1\"><span class=\"s1\"><b>Ja, dette er naturlig kur uten kjemi! <\/b><\/span><\/p>\n<p class=\"p1\"><span class=\"s1\">Eksperter har alltid advart om overdreven bruk av rusmidler og andre stoffer og legemidler med en rekke negative bivirkninger. Heldigvis begynner dagens verden igjen \u00e5 g\u00e5 tilbake til velpr\u00f8vde naturlige metoder som benytter metoder med \u00e5rhundrerlange bevis for deres helbredende effekten. <span class=\"Apple-converted-space\">\u00a0 <\/span>Det benyttes naturlige helbredende ressurser som man kan gi hyppigere enn medisinsk behandling, eller radikal irreversibel medisinsk behandling.<\/span><\/p>\n<p>[\/vc_column_text][\/vc_accordion_tab][vc_accordion_tab title=&raquo;Hvor ligger spaene? &raquo; title_tag=&raquo;h5&#8243;][vc_column_text]<\/p>\n<p class=\"p1\"><span class=\"s1\">Tsjekkia er veldig rikt p\u00e5 naturlige varme kilder. Boho Travels samarbeider med de eldste historiske spaomr\u00e5dene: Carlsbad og Marienbad. Disse byene ligger i den vestlige delen av v\u00e5rt vakre land. Du kan nyte fantastisk gammel arkitektur og f\u00f8le deg tatt tilbake til et annet \u00e5rhundre mens du g\u00e5r blandt gamle s\u00f8yler og nipper p\u00e5 naturlig mineralvann.<\/span><\/p>\n<p>[\/vc_column_text][\/vc_accordion_tab][vc_accordion_tab title=&raquo;Hva slags sunnhetsprogrammer tilbys?&raquo; title_tag=&raquo;h5&#8243;][vc_column_text]<\/p>\n<p class=\"p1\"><span class=\"s1\">V\u00e5re tilbud for velv\u00e6re og spa, inkluderer mange typer programmer. Alltid i en kombinasjon av aktive ferier og avslapning med fokus p\u00e5 den beste kroppspleie. To sv\u00e6rt popul\u00e6re program er er avgiftingsprogrammet og vekttapsprogram.<span class=\"Apple-converted-space\">\u00a0 <\/span>Disse programmene er sv\u00e6rt godt balansert, siden du fortjener en fantastisk tjeneste som massasje eller annen hyggelig service etter hardt arbeid. Vi vil hjelpe deg med \u00e5 n\u00e5 dine m\u00e5l.<\/span><\/p>\n<p class=\"p1\"><span class=\"s1\">Legen vil skape en tilpasset sunn plan med fokus p\u00e5 dine behov og begrensninger. Under ditt program vil du v\u00e6re i hendene p\u00e5 et profesjonelt team som er dine r\u00e5dgivere og vil hjelpe deg under hele oppholdet.<\/span><\/p>\n<p>[\/vc_column_text][\/vc_accordion_tab][vc_accordion_tab title=&raquo;Hvordan er prosessen med \u00e5 bruke spa?&raquo; title_tag=&raquo;h5&#8243;][vc_column_text]<\/p>\n<p class=\"p1\"><span class=\"s1\">Lege unders\u00f8kelse er n\u00f8dvendig for opprettelsen av den individuelle sunne planen. Legen din vil sette opp en pakke og spesielt sunn program for \u00e5 v\u00e6re den mest praktiske for deg.<\/span><\/p>\n<p>[\/vc_column_text][\/vc_accordion_tab][vc_accordion_tab title=&raquo;Hva er den foresl\u00e5tte perioden av oppholdet?&raquo; title_tag=&raquo;h5&#8243;][vc_column_text]<\/p>\n<p class=\"p1\"><span class=\"s1\">Korttidsopphold er foresl\u00e5tt for avslapping og ogs\u00e5 pr\u00f8ve-kur for \u00e5 f\u00e5 ideer av naturlige spa-systemet og l\u00e6re mer om sunn livsstil.<\/span><\/p>\n<p class=\"p1\"><span class=\"s1\">Hver person er individuell, men generelt \u00e5 begynne \u00e5 se de f\u00f8rste resultatene er etter 3 uker ved \u00e5 f\u00f8lge skreddersydde programmet. For \u00e5 f\u00e5 den virkelige effekten av \u00e5 rense kroppen din fra giftstoffer og motta alle gode mineraler.<\/span><\/p>\n<p>[\/vc_column_text][\/vc_accordion_tab][vc_accordion_tab title=&raquo;Kan jeg bli refundert av staten helsevesenet i landet mitt?&raquo; title_tag=&raquo;h5&#8243;][vc_column_text]<\/p>\n<p class=\"p1\"><span class=\"s1\">For informasjon om tilbakebetaling m\u00e5 du sjekke helseforsikrings-kontoret. I mange land i EU kan du s\u00f8ke om tilbakebetaling f\u00f8r behandlings-start.<span class=\"Apple-converted-space\">\u00a0<\/span>Etter at du har kommet<span class=\"Apple-converted-space\">\u00a0<\/span>tilbake til ditt land, overleverer du dokumentasjonen som kreves for \u00e5 f\u00e5 tilbakebetaling. Vennligst sjekk med <a href=\"https:\/\/helsenorge.no\/\"><strong>HELFO<\/strong><\/a>. Vi kan forberede deg med all dokumentasjon som beh\u00f8ves ovenfor ditt forsikringsselskap. Vennligst informer oss f\u00f8r ankomst.<\/span><\/p>\n<p>[\/vc_column_text][\/vc_accordion_tab][vc_accordion_tab title=&raquo;Hvem skaper det skreddersydde sunne programmet?&raquo; title_tag=&raquo;h5&#8243;][vc_column_text]<\/p>\n<p class=\"p1\"><span class=\"s1\">Legen vil skape en spesiell sunn plan med fokus p\u00e5 sykdommen og begrensninger. Under behandlingen vil du bli tatt vare p\u00e5 av et profesjonelt team som vil v\u00e6re dine r\u00e5dgivere og hjelpe deg under hele oppholdet.<\/span><\/p>\n<p>[\/vc_column_text][\/vc_accordion_tab][\/vc_accordion][vc_separator type=&raquo;transparent&raquo; up=&raquo;0&#8243; up_style=&raquo;px&raquo; down=&raquo;40&#8243; down_style=&raquo;px&raquo;][\/vc_column][vc_column width=&raquo;1\/2&#8243;][vc_separator type=&raquo;transparent&raquo; up=&raquo;19&#8243; up_style=&raquo;px&raquo; down=&raquo;0&#8243; down_style=&raquo;px&raquo;][vc_separator type=&raquo;transparent&raquo; up=&raquo;15&#8243; up_style=&raquo;px&raquo; down=&raquo;0&#8243; down_style=&raquo;px&raquo;][vc_column_text]<a href=\"http:\/\/bohotravels.canarias.com\/packages\/wellness-spa\/\"><img loading=\"lazy\" class=\"alignnone size-full wp-image-25871\" src=\"http:\/\/bohotravels.canarias.com\/wp-content\/uploads\/2018\/04\/wellness-packages-teaser.jpg\" alt=\"\" width=\"347\" height=\"382\" srcset=\"https:\/\/www.bohotravels.com\/wp-content\/uploads\/2018\/04\/wellness-packages-teaser.jpg 347w, https:\/\/www.bohotravels.com\/wp-content\/uploads\/2018\/04\/wellness-packages-teaser-273x300.jpg 273w\" sizes=\"(max-width: 347px) 100vw, 347px\" \/><\/a>[\/vc_column_text][vc_separator type=&raquo;transparent&raquo; up=&raquo;31&#8243; up_style=&raquo;px&raquo; down=&raquo;0&#8243; down_style=&raquo;px&raquo;]<a href=\"\/packages\/wellness-spa\/\" target=\"_self\" data-hover-animated-background-color=#150101 data-hover-border-color=#150101 data-hover-color=#cc9d7b data-icon-hover-color=#cc9d7b  class=\"qbutton  qbutton_with_icon fill_diagonal icon_right\" style=\"color: #150101; border-color: #cc9d7b; border-width: 1px; font-size: 12px; font-family: Raleway;line-height: 48px; height: 48px; font-style: normal; font-weight: 600; letter-spacing: 1px; text-transform: uppercase; padding: 0 22px; border-radius: 0px;-moz-border-radius: 0px;-webkit-border-radius: 0px; background-color: rgba(255,255,255,0.01);\"><span class=\"text_wrap\">Kj\u00f8p n\u00e5<\/span><span aria-hidden=\"true\" class=\"edgt_icon_font_elegant arrow_right button_icon\" style=\"color: #cc9d7b;width: inherit; \" ><\/span><span class=\"a_overlay\" style=\"border-radius: 0px;-moz-border-radius: 0px;-webkit-border-radius: 0px; \"><\/span><\/a>[vc_separator type=&raquo;transparent&raquo; up=&raquo;56&#8243; up_style=&raquo;px&raquo; down=&raquo;0&#8243; down_style=&raquo;px&raquo;][vc_column_text]<\/p>\n<h5>kontakt oss<\/h5>\n<p>[\/vc_column_text][vc_separator type=&raquo;transparent&raquo; up=&raquo;12&#8243; up_style=&raquo;px&raquo; down=&raquo;0&#8243; down_style=&raquo;px&raquo;][vc_column_text]Vi er her for \u00e5 gi deg den beste service, samt svare p\u00e5 dine sp\u00f8rsm\u00e5l. Ikke n\u00f8l med \u00e5 kontakte oss.[\/vc_column_text][vc_separator type=&raquo;transparent&raquo; up=&raquo;16&#8243; up_style=&raquo;px&raquo; down=&raquo;0&#8243; down_style=&raquo;px&raquo;]<a href=\"\/contact-2\/\" target=\"_self\" data-hover-animated-background-color=#150101 data-hover-border-color=#150101 data-hover-color=#cc9d7b data-icon-hover-color=#cc9d7b  class=\"qbutton  qbutton_with_icon fill_diagonal icon_right\" style=\"color: #150101; border-color: #cc9d7b; border-width: 1px; font-size: 12px; font-family: Raleway;line-height: 48px; height: 48px; font-style: normal; font-weight: 600; letter-spacing: 1px; text-transform: uppercase; padding: 0 22px; border-radius: 0px;-moz-border-radius: 0px;-webkit-border-radius: 0px; background-color: rgba(255,255,255,0.01);\"><span class=\"text_wrap\">skriv oss<\/span><span aria-hidden=\"true\" class=\"edgt_icon_font_elegant arrow_right button_icon\" style=\"color: #cc9d7b;width: inherit; \" ><\/span><span class=\"a_overlay\" style=\"border-radius: 0px;-moz-border-radius: 0px;-webkit-border-radius: 0px; \"><\/span><\/a>[vc_separator type=&raquo;transparent&raquo; up=&raquo;16&#8243; up_style=&raquo;px&raquo; down=&raquo;0&#8243; down_style=&raquo;px&raquo;]<div class='edgt_icon_with_title tiny normal_icon left_from_title' ><div class=\"icon_title_holder\"><div class=\"icon_holder \" style=\"margin: -4px -26px 0px -13px; \"><div class=\"icon_holder_inner\"><span class=\"edgt_icon_stack edgt_tiny_icon \" style=\"font-size: 22px;color: #000000;\"><i class=\"edgt_icon_font_awesome fa fa-phone icon_text_icon edgt_icon_stack_1x\" style=\"font-size: 22px;\" ><\/i><\/span><\/div><\/div><div class=\"icon_title_inner_holder\"><h5 class=\"icon_title \" style=\"color: #b57b5e;font-size: 22px;\">+420 724 571 117<\/h5><\/div><\/div><div class=\"icon_text_holder\"><div class=\"icon_text_inner\"><p style=''><\/p><\/div><\/div><\/div>[\/vc_column][\/vc_row]<\/p>\n","protected":false},"excerpt":{"rendered":"<p>[vc_row row_type=&raquo;row&raquo; use_row_as_full_screen_section=&raquo;no&raquo; type=&raquo;grid&raquo; anchor=&raquo;accordions&raquo; text_align=&raquo;left&raquo; background_image=&raquo;16993&#8243; padding_top=&raquo;69&#8243; padding_bottom=&raquo;49&#8243; box_shadow_on_row=&raquo;no&raquo; oblique_section=&raquo;no&raquo; oblique_section_top_and_bottom=&raquo;both&raquo; oblique_section_position=&raquo;from_left_to_right&raquo; triangle_shape=&raquo;no&raquo; triangle_shape_position=&raquo;both&raquo; floating_direction=&raquo;top-bottom&raquo; floating_speed=&raquo;3&#8243; zigzag=&raquo;yes&raquo; floating_randsize=&raquo;yes&raquo;][vc_column width=&raquo;1\/2&#8243;][vc_accordion active_tab=&raquo;1&#8243; style=&raquo;accordion&raquo; accordion_border_radius=&raquo;3&#8243; hide_icon=&raquo;no&raquo; title_icon_alignment=&raquo;icon_left&raquo;][vc_accordion_tab title=&raquo;L\u00c6R MER OM V\u00c5RE FANTASTISKE VELV\u00c6REPROGRAMMER&raquo; border_color=&raquo;rgba(172,173,172,0.26)&raquo; title_tag=&raquo;h6&#8243;][vc_column_text] Kombinasjonen av naturlige vannbehandlinger og moderne medisinsk teknikk bidrar til \u00e5 forbedre&#8230;<\/p>\n","protected":false},"author":1,"featured_media":0,"parent":0,"menu_order":0,"comment_status":"open","ping_status":"open","template":"full_width.php","meta":[],"_links":{"self":[{"href":"https:\/\/www.bohotravels.com\/no\/wp-json\/wp\/v2\/pages\/25991"}],"collection":[{"href":"https:\/\/www.bohotravels.com\/no\/wp-json\/wp\/v2\/pages"}],"about":[{"href":"https:\/\/www.bohotravels.com\/no\/wp-json\/wp\/v2\/types\/page"}],"author":[{"embeddable":true,"href":"https:\/\/www.bohotravels.com\/no\/wp-json\/wp\/v2\/users\/1"}],"replies":[{"embeddable":true,"href":"https:\/\/www.bohotravels.com\/no\/wp-json\/wp\/v2\/comments?post=25991"}],"version-history":[{"count":8,"href":"https:\/\/www.bohotravels.com\/no\/wp-json\/wp\/v2\/pages\/25991\/revisions"}],"predecessor-version":[{"id":27093,"href":"https:\/\/www.bohotravels.com\/no\/wp-json\/wp\/v2\/pages\/25991\/revisions\/27093"}],"wp:attachment":[{"href":"https:\/\/www.bohotravels.com\/no\/wp-json\/wp\/v2\/media?parent=25991"}],"curies":[{"name":"wp","href":"https:\/\/api.w.org\/{rel}","templated":true}]}}