{"id":25988,"date":"2015-07-27T14:06:26","date_gmt":"2015-07-27T14:06:26","guid":{"rendered":"http:\/\/bohotravels.canarias.com\/frequently-asked-questions\/"},"modified":"2018-05-21T15:52:27","modified_gmt":"2018-05-21T15:52:27","slug":"frequently-asked-questions","status":"publish","type":"page","link":"https:\/\/www.bohotravels.com\/no\/frequently-asked-questions\/","title":{"rendered":"Naturlig antiaging FAQ"},"content":{"rendered":"<p>[vc_row row_type=&raquo;row&raquo; use_row_as_full_screen_section=&raquo;no&raquo; type=&raquo;grid&raquo; anchor=&raquo;accordions&raquo; text_align=&raquo;left&raquo; background_image=&raquo;16993&#8243; padding_top=&raquo;69&#8243; padding_bottom=&raquo;49&#8243; box_shadow_on_row=&raquo;no&raquo; oblique_section=&raquo;no&raquo; oblique_section_top_and_bottom=&raquo;both&raquo; oblique_section_position=&raquo;from_left_to_right&raquo; triangle_shape=&raquo;no&raquo; triangle_shape_position=&raquo;both&raquo; floating_direction=&raquo;top-bottom&raquo; floating_speed=&raquo;3&#8243; zigzag=&raquo;yes&raquo; floating_randsize=&raquo;yes&raquo;][vc_column width=&raquo;1\/2&#8243;][vc_accordion active_tab=&raquo;1&#8243; style=&raquo;accordion&raquo; accordion_border_radius=&raquo;3&#8243; hide_icon=&raquo;no&raquo; title_icon_alignment=&raquo;icon_left&raquo;][vc_accordion_tab title=&raquo;LES OM FLERE BEHANDLINGSDETALJER&raquo; border_color=&raquo;rgba(172,173,172,0.26)&raquo; title_tag=&raquo;h6&#8243;][vc_column_text]This very unique and at the same time very effective anti-aging treatment is being offered only by Boho Travels. We are cooperating with Czech scientific laboratories focused on regenerative medicine along with top medical specialists.[\/vc_column_text][\/vc_accordion_tab][vc_accordion_tab title=&raquo;Hva er stamceller?&raquo; title_tag=&raquo;h5&#8243;][vc_column_text]Stamceller er kroppens grunnleggende byggestener. (De er umodne celler som kan utvikle seg til \u00e5 ha en spesiell funksjon.) Disse egenskaper gj\u00f8r dem enest\u00e5ende i forhold til andre celler i kroppen. Stamceller er celler med evnen til \u00e5 dele seg (proliferasjon), og omdannes til en annen type celle som kroppen bruker for \u00e5 reparere skader, en egenskap de vanlige cellene ikke har.[\/vc_column_text][\/vc_accordion_tab][vc_accordion_tab title=&raquo;Hva er effektene av fettvevsfyllinger?&raquo; title_tag=&raquo;h5&#8243;][vc_column_text]Fra ditt eget fettvev, er vi i stand til \u00e5 produsere et biomaterial av h\u00f8y kvalitet inneholdende en h\u00f8y prosentandel veksthormoner, antiinflammatoriske molekyler, elastinfibre, kollagen og en bemerkelsesverdig h\u00f8yere andel av v\u00e5re egne stamceller.<\/p>\n<p>Biomaterialet brukes til \u00e5 modellere ansiktet, samt fylle omr\u00e5der hvor rynker er fremtredende og der huden har falmet. Dette former ansiktet p\u00e5 en naturlig m\u00e5te, og gir et naturlig, ungdommelig utseende. Fettfylling kombinert med veksthormoner gir en umiddelbar foryngelseseffekt.<\/p>\n<p>[\/vc_column_text][\/vc_accordion_tab][vc_accordion_tab title=&raquo;Hva er forskjellen mellom plasma- og stamcellebehandlingen?&raquo; title_tag=&raquo;h5&#8243;][vc_column_text]Plasma hudbehandling m\u00e5 p\u00e5f\u00f8res minst fem ganger i \u00e5ret, og problemet er at effekten ikke er langvarig. Dette fordi plasma regenererer vev, men ikke inneholder en h\u00f8y andel veksthormoner slik som stamcellebehandlingen.<br \/>\nBlod hentes ven\u00f8st i albueleddet, p\u00e5 samme m\u00e5te som normal blodpr\u00f8vetakning. Det behandles videre i plasmaform i en spesiell enhet.<\/p>\n<p>Stamcellebiomaterialet p\u00e5f\u00f8res kun \u00e9n gang (avhenger av din egen genetiske predisposisjon, noe som er forskjellig for hvert individ). Stamceller hentes fra ditt eget fettvev.<br \/>\nFor en maksimal foryngelseseffekt, anbefaler vi en kombinasjon av disse to unike, regenerative metodene. Begge har en naturlig forankring, men regenererer underhudsvevet p\u00e5 hver sin m\u00e5te slik at huden din f\u00e5r et ungdommelig og naturlig utseende.[\/vc_column_text][\/vc_accordion_tab][vc_accordion_tab title=&raquo; N\u00e5r kan jeg se de f\u00f8rste resultatene?&raquo; title_tag=&raquo;h5&#8243;][vc_column_text]Effekten kan observeres etter en uke, men mest merkbart er det etter tre m\u00e5neder. Effekten varer i to \u00e5r eller lenger.[\/vc_column_text][\/vc_accordion_tab][vc_accordion_tab title=&raquo;Hvor lenge varer foryngelseseffekten?&raquo; title_tag=&raquo;h5&#8243;][vc_column_text]Hver person har ulike genetiske forutsetninger. Da det er ditt eget material som p\u00e5f\u00f8res huden, vil resultatet v\u00e6re individuelt. Den resulterende effekten vil, p\u00e5 generelt grunnlag, vare i to \u00e5r eller lenger.[\/vc_column_text][\/vc_accordion_tab][vc_accordion_tab title=&raquo; Er behandlingen for alle?&raquo; title_tag=&raquo;h5&#8243;][vc_column_text]Stamcellebehandling passer for kunder i alle aldre som \u00f8nsker \u00e5 forsinke aldringsprosessen, og gi st\u00f8tte til underhudsvevet. Cellebehandlingsproduktet kan enten p\u00e5f\u00f8res i ansiktet, p\u00e5 hender eller i dekollestasjen. V\u00e6r oppmerksom p\u00e5 at behandlingen krever tilstrekkelig mengde fett i mageomr\u00e5det, vanligvis opp til 200 ml fettvev.<\/p>\n<p><strong>Kunder som ikke m\u00f8ter dette kravet, kan dessverre ikke behandles.<\/strong>[\/vc_column_text][\/vc_accordion_tab][vc_accordion_tab title=&raquo;Hvor lenge varer prosedyren?&raquo; title_tag=&raquo;h5&#8243;][vc_column_text]Den f\u00f8rste dagen har du konsultasjon hos en hudlege, og deretter umiddelbart en minifettsuging. Dette tar omtrent en time. Neste dag p\u00e5f\u00f8res ditt eget biomaterial. Dette tar omtrent en time.[\/vc_column_text][\/vc_accordion_tab][vc_accordion_tab title=&raquo;Er det en risiko for allergiske reaksjoner?&raquo; title_tag=&raquo;h5&#8243;][vc_column_text]Hele behandlingsmetoden er fri for tilsatte kjemikalier, hvilket betyr 100 % naturlig material uten risiko for u\u00f8nskede reaksjoner.[\/vc_column_text][\/vc_accordion_tab][vc_accordion_tab title=&raquo;Hva er begrensningere f\u00f8r og etter behandlingen?&raquo; title_tag=&raquo;h5&#8243;][vc_column_text]Foryngelse av huden gj\u00f8res poliklinisk, og kunden kan g\u00e5 hjem etter p\u00e5f\u00f8ring. V\u00e5r profesjonelle hudlege vil forklare deg alle trinnene i behandlingen, og gi deg tips for hvordan effekten kan maksimeres.<\/p>\n<p><strong>Da dette er en p\u00e5f\u00f8ring av levende celler som innkorporeres i vevet ditt, er det n\u00f8dvendig \u00e5 avst\u00e5 fra alkohol og ikke-steroide smertestillende i seks uker, samt f\u00f8lge hudlegens anbefalinger. <\/strong><\/p>\n<p><strong>Det er ogs\u00e5 n\u00f8dvendig \u00e5 bruke kompresjonsundert\u00f8y i minst fire uker.<\/strong>[\/vc_column_text][\/vc_accordion_tab][vc_accordion_tab title=&raquo;Hvor lenge m\u00e5 jeg bruke kompresjonsundert\u00f8y?&raquo; title_tag=&raquo;h5&#8243;][vc_column_text]Etter minifettsugingen er det n\u00f8dvendig \u00e5 bruke kompresjonsundert\u00f8y i minst fire uker. Undert\u00f8yet f\u00e5es av oss, og er inkludert i pakkeprisen. V\u00e6r vennlig \u00e5 informere oss om din st\u00f8rrelse.[\/vc_column_text][\/vc_accordion_tab][\/vc_accordion][vc_separator type=&raquo;transparent&raquo; up=&raquo;0&#8243; up_style=&raquo;px&raquo; down=&raquo;40&#8243; down_style=&raquo;px&raquo;][\/vc_column][vc_column width=&raquo;1\/2&#8243;][vc_separator type=&raquo;transparent&raquo; up=&raquo;19&#8243; up_style=&raquo;px&raquo; down=&raquo;0&#8243; down_style=&raquo;px&raquo;][vc_separator type=&raquo;transparent&raquo; up=&raquo;15&#8243; up_style=&raquo;px&raquo; down=&raquo;0&#8243; down_style=&raquo;px&raquo;][vc_column_text]<a href=\"http:\/\/bohotravels.canarias.com\/no\/packages\/anti-aging-no\/\"><img loading=\"lazy\" class=\"alignnone wp-image-24715 size-full\" src=\"http:\/\/bohotravels.canarias.com\/wp-content\/uploads\/2018\/01\/stem-cells-teaser-brown-min-1.png\" alt=\"stem cells\" width=\"308\" height=\"343\" srcset=\"https:\/\/www.bohotravels.com\/wp-content\/uploads\/2018\/01\/stem-cells-teaser-brown-min-1.png 308w, https:\/\/www.bohotravels.com\/wp-content\/uploads\/2018\/01\/stem-cells-teaser-brown-min-1-269x300.png 269w\" sizes=\"(max-width: 308px) 100vw, 308px\" \/><\/a>[\/vc_column_text][vc_separator type=&raquo;transparent&raquo; up=&raquo;31&#8243; up_style=&raquo;px&raquo; down=&raquo;0&#8243; down_style=&raquo;px&raquo;]<a href=\"\/packages\/anti-aging\/\" target=\"_self\" data-hover-animated-background-color=#150101 data-hover-border-color=#150101 data-hover-color=#cc9d7b data-icon-hover-color=#cc9d7b  class=\"qbutton  qbutton_with_icon fill_diagonal icon_right\" style=\"color: #150101; border-color: #cc9d7b; border-width: 1px; font-size: 12px; font-family: Raleway;line-height: 48px; height: 48px; font-style: normal; font-weight: 600; letter-spacing: 1px; text-transform: uppercase; padding: 0 22px; border-radius: 0px;-moz-border-radius: 0px;-webkit-border-radius: 0px; background-color: rgba(255,255,255,0.01);\"><span class=\"text_wrap\">Kj\u00f8p n\u00e5<\/span><span aria-hidden=\"true\" class=\"edgt_icon_font_elegant arrow_right button_icon\" style=\"color: #cc9d7b;width: inherit; \" ><\/span><span class=\"a_overlay\" style=\"border-radius: 0px;-moz-border-radius: 0px;-webkit-border-radius: 0px; \"><\/span><\/a>[vc_separator type=&raquo;transparent&raquo; up=&raquo;56&#8243; up_style=&raquo;px&raquo; down=&raquo;0&#8243; down_style=&raquo;px&raquo;][vc_column_text]<\/p>\n<h5>Kontakt oss<\/h5>\n<p>[\/vc_column_text][vc_separator type=&raquo;transparent&raquo; up=&raquo;12&#8243; up_style=&raquo;px&raquo; down=&raquo;0&#8243; down_style=&raquo;px&raquo;][vc_column_text]Vi er her for \u00e5 gi deg den beste service, samt svare p\u00e5 dine sp\u00f8rsm\u00e5l. Ikke n\u00f8l med \u00e5 kontakte oss.[\/vc_column_text][vc_separator type=&raquo;transparent&raquo; up=&raquo;16&#8243; up_style=&raquo;px&raquo; down=&raquo;0&#8243; down_style=&raquo;px&raquo;]<a href=\"\/contact-2\/\" target=\"_self\" data-hover-animated-background-color=#150101 data-hover-border-color=#150101 data-hover-color=#cc9d7b data-icon-hover-color=#cc9d7b  class=\"qbutton  qbutton_with_icon fill_diagonal icon_right\" style=\"color: #150101; border-color: #cc9d7b; border-width: 1px; font-size: 12px; font-family: Raleway;line-height: 48px; height: 48px; font-style: normal; font-weight: 600; letter-spacing: 1px; text-transform: uppercase; padding: 0 22px; border-radius: 0px;-moz-border-radius: 0px;-webkit-border-radius: 0px; background-color: rgba(255,255,255,0.01);\"><span class=\"text_wrap\">skriv oss<\/span><span aria-hidden=\"true\" class=\"edgt_icon_font_elegant arrow_right button_icon\" style=\"color: #cc9d7b;width: inherit; \" ><\/span><span class=\"a_overlay\" style=\"border-radius: 0px;-moz-border-radius: 0px;-webkit-border-radius: 0px; \"><\/span><\/a>[vc_separator type=&raquo;transparent&raquo; up=&raquo;16&#8243; up_style=&raquo;px&raquo; down=&raquo;0&#8243; down_style=&raquo;px&raquo;]<div class='edgt_icon_with_title tiny normal_icon left_from_title' ><div class=\"icon_title_holder\"><div class=\"icon_holder \" style=\"margin: -4px -26px 0px -13px; \"><div class=\"icon_holder_inner\"><span class=\"edgt_icon_stack edgt_tiny_icon \" style=\"font-size: 22px;color: #000000;\"><i class=\"edgt_icon_font_awesome fa fa-phone icon_text_icon edgt_icon_stack_1x\" style=\"font-size: 22px;\" ><\/i><\/span><\/div><\/div><div class=\"icon_title_inner_holder\"><h5 class=\"icon_title \" style=\"color: #b57b5e;font-size: 22px;\">+420 724 571 117<\/h5><\/div><\/div><div class=\"icon_text_holder\"><div class=\"icon_text_inner\"><p style=''><\/p><\/div><\/div><\/div>[\/vc_column][\/vc_row]<\/p>\n","protected":false},"excerpt":{"rendered":"<p>[vc_row row_type=&raquo;row&raquo; use_row_as_full_screen_section=&raquo;no&raquo; type=&raquo;grid&raquo; anchor=&raquo;accordions&raquo; text_align=&raquo;left&raquo; background_image=&raquo;16993&#8243; padding_top=&raquo;69&#8243; padding_bottom=&raquo;49&#8243; box_shadow_on_row=&raquo;no&raquo; oblique_section=&raquo;no&raquo; oblique_section_top_and_bottom=&raquo;both&raquo; oblique_section_position=&raquo;from_left_to_right&raquo; triangle_shape=&raquo;no&raquo; triangle_shape_position=&raquo;both&raquo; floating_direction=&raquo;top-bottom&raquo; floating_speed=&raquo;3&#8243; zigzag=&raquo;yes&raquo; floating_randsize=&raquo;yes&raquo;][vc_column width=&raquo;1\/2&#8243;][vc_accordion active_tab=&raquo;1&#8243; style=&raquo;accordion&raquo; accordion_border_radius=&raquo;3&#8243; hide_icon=&raquo;no&raquo; title_icon_alignment=&raquo;icon_left&raquo;][vc_accordion_tab title=&raquo;LES OM FLERE BEHANDLINGSDETALJER&raquo; border_color=&raquo;rgba(172,173,172,0.26)&raquo; title_tag=&raquo;h6&#8243;][vc_column_text]This very unique and at the same time very effective anti-aging treatment is being offered&#8230;<\/p>\n","protected":false},"author":1,"featured_media":0,"parent":0,"menu_order":0,"comment_status":"open","ping_status":"closed","template":"full_width.php","meta":[],"_links":{"self":[{"href":"https:\/\/www.bohotravels.com\/no\/wp-json\/wp\/v2\/pages\/25988"}],"collection":[{"href":"https:\/\/www.bohotravels.com\/no\/wp-json\/wp\/v2\/pages"}],"about":[{"href":"https:\/\/www.bohotravels.com\/no\/wp-json\/wp\/v2\/types\/page"}],"author":[{"embeddable":true,"href":"https:\/\/www.bohotravels.com\/no\/wp-json\/wp\/v2\/users\/1"}],"replies":[{"embeddable":true,"href":"https:\/\/www.bohotravels.com\/no\/wp-json\/wp\/v2\/comments?post=25988"}],"version-history":[{"count":9,"href":"https:\/\/www.bohotravels.com\/no\/wp-json\/wp\/v2\/pages\/25988\/revisions"}],"predecessor-version":[{"id":26884,"href":"https:\/\/www.bohotravels.com\/no\/wp-json\/wp\/v2\/pages\/25988\/revisions\/26884"}],"wp:attachment":[{"href":"https:\/\/www.bohotravels.com\/no\/wp-json\/wp\/v2\/media?parent=25988"}],"curies":[{"name":"wp","href":"https:\/\/api.w.org\/{rel}","templated":true}]}}