{"id":25985,"date":"2018-03-28T09:08:23","date_gmt":"2018-03-28T09:08:23","guid":{"rendered":"http:\/\/bohotravels.canarias.com\/medical-spa-frequently-asked-questions\/"},"modified":"2018-07-21T23:28:31","modified_gmt":"2018-07-21T23:28:31","slug":"medical-spa-frequently-asked-questions","status":"publish","type":"page","link":"https:\/\/www.bohotravels.com\/no\/medical-spa-frequently-asked-questions\/","title":{"rendered":"Medisinsk Spa"},"content":{"rendered":"<p>[vc_row row_type=&raquo;row&raquo; use_row_as_full_screen_section=&raquo;no&raquo; type=&raquo;grid&raquo; anchor=&raquo;accordions&raquo; text_align=&raquo;left&raquo; background_image=&raquo;16993&#8243; padding_top=&raquo;69&#8243; padding_bottom=&raquo;49&#8243; box_shadow_on_row=&raquo;no&raquo; oblique_section=&raquo;no&raquo; oblique_section_top_and_bottom=&raquo;both&raquo; oblique_section_position=&raquo;from_left_to_right&raquo; triangle_shape=&raquo;no&raquo; triangle_shape_position=&raquo;both&raquo; floating_direction=&raquo;top-bottom&raquo; floating_speed=&raquo;3&#8243; zigzag=&raquo;yes&raquo; floating_randsize=&raquo;yes&raquo;][vc_column width=&raquo;1\/2&#8243;][vc_accordion active_tab=&raquo;1&#8243; style=&raquo;accordion&raquo; accordion_border_radius=&raquo;3&#8243; hide_icon=&raquo;no&raquo; title_icon_alignment=&raquo;icon_left&raquo;][vc_accordion_tab title=&raquo;L\u00c6R MER OM V\u00c5RE FANTASTISKE MEDISINSKE SPA BEHANDLINGER&raquo; border_color=&raquo;rgba(172,173,172,0.26)&raquo; title_tag=&raquo;h6&#8243;][vc_column_text]En kombinasjon av naturlige vannbehandlinger og moderne medisinsk teknikk bidrar til \u00e5 forbedre helsen din. Boho Travels har n\u00f8ye valgt de beste fagfolkene for \u00e5 skreddersy program akkurat etter dine behov.[\/vc_column_text][\/vc_accordion_tab][vc_accordion_tab title=&raquo;Hva er medisinsk spa?&raquo; title_tag=&raquo;h5&#8243;][vc_column_text]<\/p>\n<p class=\"text-center wowload fadeInUp animated\"><span title=\"\">Tsjekkisk spa industri<\/span><\/p>\n<p><span class=\"\" title=\"\">Medisinsk spa &#8211; er definert som helseforbedrende fasiliteter som gir terapeutiske eksperttjenester med en kombinasjon av naturlige mineralressurser som er rettet mot regenerering av kropp, sinn og \u00e5nd.<\/span>\u00a0Magien med g<span class=\"\" title=\"\">amle naturlige helbredende behandlinger og toppkvalitets medisinsk behandling som er blitt testet over \u00e5rhundrer finner du i v\u00e5re tsjekkiske spa-anlegg.\u00a0\u00a0<\/span><span class=\"\" title=\"\">Helbredende vannstr\u00f8mmer blir brukt til helbredelse etter operasjoner, som forebygging av plager og for generell velv\u00e6re.<\/span><\/p>\n<p>[\/vc_column_text][\/vc_accordion_tab][vc_accordion_tab title=&raquo;Hvilke lidelser blir behandlet i Carlsbad?&raquo; title_tag=&raquo;h5&#8243;][vc_column_text]<strong>Indikasjoner for spa behandling i Carlsbad:<\/strong><br \/>\nsykdommer i ford\u00f8yelsessystemet<br \/>\nnoen sykdommer i mage, spiser\u00f8r og tarm &#8211; b\u00e5de funksjonell og organisk, inkludert refluks\u00f8sofageal sykdom<br \/>\nmage og duodenal s\u00e5r sykdom<br \/>\nfunksjonelle tarmlidelser &#8211; som vanlig forstoppelse<br \/>\ntilstander etter tarminfeksjoner og kurerte parasitter<br \/>\nirritasjoner i luftr\u00f8r<br \/>\nikke-spesifikk betennelse i tarmen &#8211; Crohns sykdom, idiopatisk proktokulitt<br \/>\nforhold etter tarm-, tarm-, gallebl\u00e6re og gallekanaloperasjoner<br \/>\nkronisk lever og gallebl\u00e6re sykdom<br \/>\netter hepatitt og giftig leverskade<br \/>\nkronisk bukspyttkjertel sykdom<br \/>\nforhold etter akutt pankreatitt<br \/>\nlever og bukspyttkjertel etter transplantasjon.<br \/>\nForstyrrelser av stoffskifte<br \/>\ndiabetes<br \/>\novervekt og fedme<br \/>\nbevegelseshemning<br \/>\ndegenerative\u00a0 lidelser i ryggraden og store ledd<br \/>\nfunksjonsforstyrrelser i ryggraden<br \/>\ntannkj\u00f8ttsykdom: peridontitt[\/vc_column_text][\/vc_accordion_tab][vc_accordion_tab title=&raquo;Hvilke lidelser blir behandlet i Marienbad?&raquo; title_tag=&raquo;h5&#8243;][vc_column_text]Onkologiske sykdommer<br \/>\nSykdommer i sirkulasjonssystemet<br \/>\nSykdommer i ford\u00f8yelseskanalen<br \/>\nSykdommer i luftveiene<br \/>\nBevegelseshemning<br \/>\nSykdommer i urinveiene<br \/>\nSykdommer i stoffskiftesykdommer og interne sekretkjertler<br \/>\nNervesykdommer<br \/>\nHudsykdom<br \/>\nGynekologiske sykdommer<br \/>\nPsykiske lidelser[\/vc_column_text][\/vc_accordion_tab][vc_accordion_tab title=&raquo;Hvordan foreg\u00e5r behandlingsprosessen?&raquo; title_tag=&raquo;h5&#8243;][vc_column_text]Send oss din informasjon og dokumentasjon om sykdommen din. Vi vil kontakte v\u00e5r medisinske profesjonelle team som igjen vil foresl\u00e5 den beste behandlingen. Velg et bestillingsvindu for din medisinske ferie.<\/p>\n<p>En f\u00f8rste kontroll er n\u00f8dvendig f\u00f8r opprettelsen av en personlig medisinsk plan. Din tilordnede lege vil sette opp en pakke, inkludert et spesielt helseprogram som anses som det mest praktiske for deg.[\/vc_column_text][\/vc_accordion_tab][vc_accordion_tab title=&raquo;Hva er de positive helse effektene av et opphold?&raquo; title_tag=&raquo;h5&#8243;][vc_column_text]<strong>Behandling uten kjemi<\/strong><br \/>\nEksperter har alltid advart om overdreven bruk av medikamenter med en rekke negative bivirkninger. Heldigvis er dagens verden igjen en gang i ferd med \u00e5 vende tilbake til bevist naturlig praksis og fors\u00f8ke \u00e5 bruke de \u00e5rhundrer-bevist helbredende effekten av naturlige helbredende ressurser, der vi kan behandle v\u00e5r kropp mye mer flittig enn medikamentell behandling eller radikal ikke-reversible behandlingsformer.<\/p>\n<p><strong>Langsiktig effekt<\/strong><br \/>\nSpabehandling har en p\u00e5viselig gunstig effekt i behandlingen av mange sykdommer. Positive effekter oppst\u00e5r imidlertid ikke bare i behandlingsperioden, men de vedvarer i flere m\u00e5neder etter behandlingens slutt. Dette er en av grunnene til at folk ofte kommer tilbake til spaet med jevne intervaller.[\/vc_column_text][\/vc_accordion_tab][vc_accordion_tab title=&raquo;Hva er foresl\u00e5tt lengde p\u00e5 et opphold?&raquo; title_tag=&raquo;h5&#8243;][vc_column_text]Hver person er unik, men generelt begynner du \u00e5 se de f\u00f8rste resultatene etter tre uker ved \u00e5 f\u00f8lge det medisinske programmet.[\/vc_column_text][\/vc_accordion_tab][vc_accordion_tab title=&raquo;Kan jeg f\u00e5 refundert kostnadene fra helsemyndighetene i mitt land?&raquo; title_tag=&raquo;h5&#8243;][vc_column_text]For informasjon om tilbakebetaling m\u00e5 du sjekke ditt helseforsikringskontor eller trygdemyndighetene i ditt land. I mange land i EU kan du s\u00f8ke om tilbakebetaling f\u00f8r behandlingsstart og etter din ankomst tilbake til ditt land, gir du dokumentasjonen for \u00e5 f\u00e5 tilbakebetaling. Vi kan forberede deg all dokumentasjon for ditt forsikringsselskap. Vennligst informer oss f\u00f8r ankomst.[\/vc_column_text][\/vc_accordion_tab][vc_accordion_tab title=&raquo;Hvem lager den skreddersydde behandlingsplanen?&raquo; title_tag=&raquo;h5&#8243;][vc_column_text]Legen vil skape en spesiell helsefremmende plan med fokus p\u00e5 din lidelse og spesielle forutsetninger. Under behandlingen vil du bli tatt vare p\u00e5 av et profesjonelt team som vil gi deg r\u00e5d og hjelpe deg under hele oppholdet.[\/vc_column_text][\/vc_accordion_tab][\/vc_accordion][vc_separator type=&raquo;transparent&raquo; up=&raquo;0&#8243; up_style=&raquo;px&raquo; down=&raquo;40&#8243; down_style=&raquo;px&raquo;][\/vc_column][vc_column width=&raquo;1\/2&#8243;][vc_separator type=&raquo;transparent&raquo; up=&raquo;19&#8243; up_style=&raquo;px&raquo; down=&raquo;0&#8243; down_style=&raquo;px&raquo;][vc_separator type=&raquo;transparent&raquo; up=&raquo;15&#8243; up_style=&raquo;px&raquo; down=&raquo;0&#8243; down_style=&raquo;px&raquo;][vc_column_text]<a href=\"http:\/\/bohotravels.canarias.com\/no\/packages\/medical-spa-no\/\"><img loading=\"lazy\" class=\"alignnone wp-image-25723 size-full\" src=\"http:\/\/bohotravels.canarias.com\/wp-content\/uploads\/2018\/03\/spa-packages-teaser.png\" alt=\"\" width=\"347\" height=\"382\" srcset=\"https:\/\/www.bohotravels.com\/wp-content\/uploads\/2018\/03\/spa-packages-teaser.png 347w, https:\/\/www.bohotravels.com\/wp-content\/uploads\/2018\/03\/spa-packages-teaser-273x300.png 273w\" sizes=\"(max-width: 347px) 100vw, 347px\" \/><\/a>[\/vc_column_text][vc_separator type=&raquo;transparent&raquo; up=&raquo;31&#8243; up_style=&raquo;px&raquo; down=&raquo;0&#8243; down_style=&raquo;px&raquo;]<a href=\"\/packages\/medical-spa\/\" target=\"_self\" data-hover-animated-background-color=#150101 data-hover-border-color=#150101 data-hover-color=#cc9d7b data-icon-hover-color=#cc9d7b  class=\"qbutton  qbutton_with_icon fill_diagonal icon_right\" style=\"color: #150101; border-color: #cc9d7b; border-width: 1px; font-size: 12px; font-family: Raleway;line-height: 48px; height: 48px; font-style: normal; font-weight: 600; letter-spacing: 1px; text-transform: uppercase; padding: 0 22px; border-radius: 0px;-moz-border-radius: 0px;-webkit-border-radius: 0px; background-color: rgba(255,255,255,0.01);\"><span class=\"text_wrap\">Purchase now<\/span><span aria-hidden=\"true\" class=\"edgt_icon_font_elegant arrow_right button_icon\" style=\"color: #cc9d7b;width: inherit; \" ><\/span><span class=\"a_overlay\" style=\"border-radius: 0px;-moz-border-radius: 0px;-webkit-border-radius: 0px; \"><\/span><\/a>[vc_separator type=&raquo;transparent&raquo; up=&raquo;56&#8243; up_style=&raquo;px&raquo; down=&raquo;0&#8243; down_style=&raquo;px&raquo;][vc_column_text]<\/p>\n<h5>contact us<\/h5>\n<p>[\/vc_column_text][vc_separator type=&raquo;transparent&raquo; up=&raquo;12&#8243; up_style=&raquo;px&raquo; down=&raquo;0&#8243; down_style=&raquo;px&raquo;][vc_column_text]We are here to provide you the best care and answer your questions. Please do not hesitate and contact us.[\/vc_column_text][vc_separator type=&raquo;transparent&raquo; up=&raquo;16&#8243; up_style=&raquo;px&raquo; down=&raquo;0&#8243; down_style=&raquo;px&raquo;]<a href=\"\/contact-2\/\" target=\"_self\" data-hover-animated-background-color=#150101 data-hover-border-color=#150101 data-hover-color=#cc9d7b data-icon-hover-color=#cc9d7b  class=\"qbutton  qbutton_with_icon fill_diagonal icon_right\" style=\"color: #150101; border-color: #cc9d7b; border-width: 1px; font-size: 12px; font-family: Raleway;line-height: 48px; height: 48px; font-style: normal; font-weight: 600; letter-spacing: 1px; text-transform: uppercase; padding: 0 22px; border-radius: 0px;-moz-border-radius: 0px;-webkit-border-radius: 0px; background-color: rgba(255,255,255,0.01);\"><span class=\"text_wrap\">write to us<\/span><span aria-hidden=\"true\" class=\"edgt_icon_font_elegant arrow_right button_icon\" style=\"color: #cc9d7b;width: inherit; \" ><\/span><span class=\"a_overlay\" style=\"border-radius: 0px;-moz-border-radius: 0px;-webkit-border-radius: 0px; \"><\/span><\/a>[vc_separator type=&raquo;transparent&raquo; up=&raquo;16&#8243; up_style=&raquo;px&raquo; down=&raquo;0&#8243; down_style=&raquo;px&raquo;]<div class='edgt_icon_with_title tiny normal_icon left_from_title' ><div class=\"icon_title_holder\"><div class=\"icon_holder \" style=\"margin: -4px -26px 0px -13px; \"><div class=\"icon_holder_inner\"><span class=\"edgt_icon_stack edgt_tiny_icon \" style=\"font-size: 22px;color: #000000;\"><i class=\"edgt_icon_font_awesome fa fa-phone icon_text_icon edgt_icon_stack_1x\" style=\"font-size: 22px;\" ><\/i><\/span><\/div><\/div><div class=\"icon_title_inner_holder\"><h5 class=\"icon_title \" style=\"color: #b57b5e;font-size: 22px;\">+420 724 571 117<\/h5><\/div><\/div><div class=\"icon_text_holder\"><div class=\"icon_text_inner\"><p style=''><\/p><\/div><\/div><\/div>[\/vc_column][\/vc_row]<\/p>\n","protected":false},"excerpt":{"rendered":"<p>[vc_row row_type=&raquo;row&raquo; use_row_as_full_screen_section=&raquo;no&raquo; type=&raquo;grid&raquo; anchor=&raquo;accordions&raquo; text_align=&raquo;left&raquo; background_image=&raquo;16993&#8243; padding_top=&raquo;69&#8243; padding_bottom=&raquo;49&#8243; box_shadow_on_row=&raquo;no&raquo; oblique_section=&raquo;no&raquo; oblique_section_top_and_bottom=&raquo;both&raquo; oblique_section_position=&raquo;from_left_to_right&raquo; triangle_shape=&raquo;no&raquo; triangle_shape_position=&raquo;both&raquo; floating_direction=&raquo;top-bottom&raquo; floating_speed=&raquo;3&#8243; zigzag=&raquo;yes&raquo; floating_randsize=&raquo;yes&raquo;][vc_column width=&raquo;1\/2&#8243;][vc_accordion active_tab=&raquo;1&#8243; style=&raquo;accordion&raquo; accordion_border_radius=&raquo;3&#8243; hide_icon=&raquo;no&raquo; title_icon_alignment=&raquo;icon_left&raquo;][vc_accordion_tab title=&raquo;L\u00c6R MER OM V\u00c5RE FANTASTISKE MEDISINSKE SPA BEHANDLINGER&raquo; border_color=&raquo;rgba(172,173,172,0.26)&raquo; title_tag=&raquo;h6&#8243;][vc_column_text]En kombinasjon av naturlige vannbehandlinger og moderne medisinsk teknikk bidrar til&#8230;<\/p>\n","protected":false},"author":1,"featured_media":0,"parent":0,"menu_order":0,"comment_status":"open","ping_status":"open","template":"full_width.php","meta":[],"_links":{"self":[{"href":"https:\/\/www.bohotravels.com\/no\/wp-json\/wp\/v2\/pages\/25985"}],"collection":[{"href":"https:\/\/www.bohotravels.com\/no\/wp-json\/wp\/v2\/pages"}],"about":[{"href":"https:\/\/www.bohotravels.com\/no\/wp-json\/wp\/v2\/types\/page"}],"author":[{"embeddable":true,"href":"https:\/\/www.bohotravels.com\/no\/wp-json\/wp\/v2\/users\/1"}],"replies":[{"embeddable":true,"href":"https:\/\/www.bohotravels.com\/no\/wp-json\/wp\/v2\/comments?post=25985"}],"version-history":[{"count":6,"href":"https:\/\/www.bohotravels.com\/no\/wp-json\/wp\/v2\/pages\/25985\/revisions"}],"predecessor-version":[{"id":27322,"href":"https:\/\/www.bohotravels.com\/no\/wp-json\/wp\/v2\/pages\/25985\/revisions\/27322"}],"wp:attachment":[{"href":"https:\/\/www.bohotravels.com\/no\/wp-json\/wp\/v2\/media?parent=25985"}],"curies":[{"name":"wp","href":"https:\/\/api.w.org\/{rel}","templated":true}]}}