{"id":25968,"date":"2017-12-29T12:06:59","date_gmt":"2017-12-29T12:06:59","guid":{"rendered":"http:\/\/bohotravels.canarias.com\/medical-spa-czech-republic-healthy-holidays\/"},"modified":"2018-05-19T22:54:56","modified_gmt":"2018-05-19T22:54:56","slug":"medisinsk-spa","status":"publish","type":"page","link":"https:\/\/www.bohotravels.com\/no\/medisinsk-spa\/","title":{"rendered":"Medisinsk spa"},"content":{"rendered":"<p>[vc_row row_type=&raquo;row&raquo; use_row_as_full_screen_section=&raquo;no&raquo; type=&raquo;grid&raquo; text_align=&raquo;left&raquo; css_animation=&raquo;element_from_top&raquo; box_shadow_on_row=&raquo;yes&raquo;][vc_column][vc_column_text el_id=&raquo;h1&#8243;]<\/p>\n<h1 style=\"text-align: center;\">Profesjonell omsorg<\/h1>\n<p>[\/vc_column_text][vc_text_separator title=&raquo;Oppdag v\u00e5rt tsjekkiske medisinske spa&raquo; css_animation=&raquo;fadeInDown&raquo; text_in_box=&raquo;no&raquo; text_position=&raquo;center&raquo; box_padding=&raquo;15&#8243; line_color=&raquo;#31d699&#8243; line_width=&raquo;258&#8243; line_border_style=&raquo;solid&raquo; up=&raquo;12&#8243; down=&raquo;30&#8243; animation=&raquo;animate_width&raquo; line_dots=&raquo;no&raquo; title_color=&raquo;#1cbfa9&#8243;][vc_column_text]<span class=\"s1\">V\u00e5rt medisinske spa infrastruktur i Tsjekkia er p\u00e5 en utmerket niv\u00e5 og enda viktigere spa ansette f\u00f8rsteklasses helbredende bad eksperter og h\u00f8yt kvalifisert medisinsk leger. Kvalitet p\u00e5 tsjekkisk medisinsk behandling sammen med de progressive fysioterapi-metoder er kjent i hele verden.<\/span><\/p>\n<p class=\"p1\"><span class=\"s1\">Boho Travels hjelper deg \u00e5 finne den beste hoteller og sanatorier passende akkurat til dine medisinske problemer og helse-behov.<\/span><\/p>\n<p class=\"p2\"><span class=\"s1\">Vi samarbeider med mange profesjonelle spa hoteller og resorts som gir optimal behandling skreddersydd for din sykdom, programmer er ledet av kvalifiserte ansatte. En spesialist lege vil etter inngangs-<\/span> <span class=\"s1\">medisinsk unders\u00f8kelse lage pakken og spesielt sunn program bare for deg. <\/span><\/p>\n<p>[\/vc_column_text][\/vc_column][\/vc_row][vc_row row_type=&raquo;row&raquo; use_row_as_full_screen_section=&raquo;no&raquo; type=&raquo;grid&raquo; text_align=&raquo;center&raquo; background_image=&raquo;25439&#8243; background_color=&raquo;#f2f2f2&#8243; padding_top=&raquo;14&#8243; padding_bottom=&raquo;14&#8243; css_animation=&raquo;element_from_top&raquo; box_shadow_on_row=&raquo;no&raquo;][vc_column][no_elements_holder number_of_columns=&raquo;five_columns&raquo;][no_elements_holder_item item_padding=&raquo;8px 0px 13px 0px&raquo; aligment=&raquo;center&raquo; animation_name=&raquo;fade_in&raquo; advanced_animations=&raquo;no&raquo; elemnts_holder_frame=&raquo;no&raquo;]<div class=\"edgt_counter_holder  center\" style=\"\"><span class=\"counter  zero\" style=\"color: #1d1614;\">100%<\/span><h6 class='counter_title' style='color:#10bc89;'>Tilfredshet<\/h6><\/div>[\/no_elements_holder_item][no_elements_holder_item item_padding=&raquo;8px 0px 13px 0px&raquo; aligment=&raquo;center&raquo; advanced_animations=&raquo;no&raquo; elemnts_holder_frame=&raquo;no&raquo;]<div class=\"edgt_counter_holder  center\" style=\"\"><span class=\"counter  zero\" style=\"color: #1d1614;\">120<\/span><h6 class='counter_title' style='color:#33b28c;'>Mineralstr\u00f8mmer<\/h6><\/div>[\/no_elements_holder_item][no_elements_holder_item item_padding=&raquo;8px 0px 13px 0px&raquo; aligment=&raquo;center&raquo; advanced_animations=&raquo;no&raquo; elemnts_holder_frame=&raquo;no&raquo;]<div class=\"edgt_counter_holder  center\" style=\"\"><span class=\"counter  zero\" style=\"color: #1d1614;\">156<\/span><h6 class='counter_title' style='color:#1fad79;'>Medisinske spa behandlinger<\/h6><\/div>[\/no_elements_holder_item][no_elements_holder_item item_padding=&raquo;8px 0px 13px 0px&raquo; aligment=&raquo;center&raquo; advanced_animations=&raquo;no&raquo; elemnts_holder_frame=&raquo;no&raquo;]<div class=\"edgt_counter_holder  center\" style=\"\"><span class=\"counter  zero\" style=\"color: #1d1614;\">2<\/span><h6 class='counter_title' style='color:#1eb596;'>Spa byer<\/h6><\/div>[\/no_elements_holder_item][no_elements_holder_item item_padding=&raquo;8px 0px 13px 0px&raquo; aligment=&raquo;center&raquo; advanced_animations=&raquo;no&raquo; elemnts_holder_frame=&raquo;no&raquo;]<div class=\"edgt_counter_holder  center\" style=\"\"><span class=\"counter  zero\" style=\"color: #1d1614;\">10<\/span><h6 class='counter_title' style='color:#14bc8f;'>Unike Boho aktiviteter<\/h6><\/div>[\/no_elements_holder_item][\/no_elements_holder][\/vc_column][\/vc_row][vc_row row_type=&raquo;row&raquo; use_row_as_full_screen_section=&raquo;no&raquo; type=&raquo;grid&raquo; text_align=&raquo;left&raquo; padding_top=&raquo;73&#8243; padding_bottom=&raquo;37&#8243; box_shadow_on_row=&raquo;yes&raquo;][vc_column css_animation=&raquo;none&raquo; width=&raquo;1\/2&#8243;]<div class=\"edgt_curtain_pattern_holder\" ><div class=\"edgt_curtain_hover default_color\" style=\"background-image: url()\"><div class=\"ech_curtains\"><div class=\"ech_curtain top pulled\"><\/div><div class=\"ech_curtain bottom pulled\"><\/div><div class=\"ech_curtain left pulled\"><\/div><div class=\"ech_curtain right pulled\"><\/div><\/div><div class=\"ech_content\" >[vc_column_text]<\/p>\n<h4><strong>Boho program\u00a0<span class=\"s1\">kan inneholde f\u00f8lgende<\/span><span class=\"s1\">\u00a0helbredelse behandlinger:\u00a0<\/span><\/strong><\/h4>\n<p>[\/vc_column_text][vc_separator type=&raquo;small&raquo; position=&raquo;center&raquo; border_style=&raquo;solid&raquo; width=&raquo;60&#8243; thickness=&raquo;2&#8243; up=&raquo;22&#8243; up_style=&raquo;px&raquo; down=&raquo;26&#8243; down_style=&raquo;px&raquo;][vc_column_text]Helse og fysioterapimetoder<br \/>\nDrikke-mineralvann terapi<br \/>\nMineralvann &#8211; bading<br \/>\nInn\u00e5nding<br \/>\nVanning<br \/>\nHydro-massasje<br \/>\nTorv\u00a0gj\u00f8rme &#8211; innpakninger<br \/>\nGass injeksjoner<br \/>\nT\u00f8rr karbondioksid bad[\/vc_column_text]<\/div><\/div><\/div>[\/vc_column][vc_column css_animation=&raquo;none&raquo; width=&raquo;1\/2&#8243;]<div class=\"edgt_curtain_pattern_holder\" ><div class=\"edgt_curtain_hover default_color\" style=\"background-image: url()\"><div class=\"ech_curtains\"><div class=\"ech_curtain top pulled\"><\/div><div class=\"ech_curtain bottom pulled\"><\/div><div class=\"ech_curtain left pulled\"><\/div><div class=\"ech_curtain right pulled\"><\/div><\/div><div class=\"ech_content\" >[vc_column_text]<\/p>\n<h4><strong>I tsjekkiske bad behandler man f\u00f8lgende sykdommer:<\/strong><\/h4>\n<p>[\/vc_column_text][vc_separator type=&raquo;small&raquo; position=&raquo;center&raquo; border_style=&raquo;solid&raquo; width=&raquo;60&#8243; thickness=&raquo;2&#8243; up=&raquo;22&#8243; up_style=&raquo;px&raquo; down=&raquo;26&#8243; down_style=&raquo;px&raquo;][vc_column_text]Onkologiske sykdommer<br \/>\nHjerte- og karsykdommer<br \/>\nFord\u00f8yelsessystemet sykdommer<br \/>\nMetabolske forstyrrelser og endokrine sykdommer<br \/>\nLuftveissykdommer<br \/>\nSykdommer i nervesystemet<br \/>\nSykdommer i muskel- og skjelettsystemet<br \/>\nNyre og skjelett urinveiene<br \/>\nMentale sykdommer<br \/>\nHudsykdommer<br \/>\nGynekologiske sykdommer[\/vc_column_text]<\/div><\/div><\/div>[\/vc_column][\/vc_row][vc_row row_type=&raquo;row&raquo; use_row_as_full_screen_section=&raquo;no&raquo; type=&raquo;full_width&raquo; text_align=&raquo;left&raquo; box_shadow_on_row=&raquo;no&raquo;][vc_column][vc_text_separator title=&raquo;Sjekk naturlige behandlinger testet gjennom \u00e5rene&raquo; css_animation=&raquo;fadeInDown&raquo; text_in_box=&raquo;no&raquo; text_position=&raquo;center&raquo; box_padding=&raquo;15&#8243; line_color=&raquo;#31d699&#8243; line_width=&raquo;258&#8243; line_border_style=&raquo;solid&raquo; up=&raquo;12&#8243; down=&raquo;30&#8243; animation=&raquo;animate_width&raquo; line_dots=&raquo;no&raquo; title_color=&raquo;#1cbfa9&#8243;][no_elements_holder number_of_columns=&raquo;three_columns&raquo; switch_to_one_column=&raquo;1000&#8243;][no_elements_holder_item background_color=&raquo;#ddc7b5&#8243; item_padding=&raquo;124px 11% 124px 11%&raquo; aligment=&raquo;left&raquo; vertical_alignment=&raquo;top&raquo; animation_name=&raquo;z_rotate&raquo; animation_delay=&raquo;0&#8243; advanced_animations=&raquo;no&raquo; item_padding_1300_1600=&raquo;111px 11% 110px 11%&raquo; item_padding_1000_1300=&raquo;97px 11% 97px 11%&raquo; item_padding_768_1000=&raquo;97px 11% 97px 11%&raquo; item_padding_600_768=&raquo;70px 6% 70px 6%&raquo; item_padding_480_600=&raquo;70px 6% 70px 6%&raquo; item_padding_480=&raquo;70px 6% 70px 6%&raquo; elemnts_holder_frame=&raquo;no&raquo;][vc_column_text]<\/p>\n<h3>Carlsbad spa<\/h3>\n<p>[\/vc_column_text][vc_separator type=&raquo;small&raquo; position=&raquo;left&raquo; border_style=&raquo;solid&raquo; width=&raquo;60&#8243; thickness=&raquo;2&#8243; up=&raquo;22&#8243; up_style=&raquo;px&raquo; down=&raquo;26&#8243; down_style=&raquo;px&raquo;][vc_column_text]<\/p>\n<p class=\"p1\">Opplev skj\u00f8nnhet spa eleganse, imponerende colonnades, eksklusive spa bygninger og en flott layout i hjertet av en skogkledd dal. Det er Carlsbad.<\/p>\n<p>[\/vc_column_text]<a href=\"\" target=\"_self\" data-hover-animated-background-color=#b3835e data-hover-color=#ffffff data-icon-hover-color=#ffffff  class=\"qbutton  qbutton_with_icon fill_from_top icon_right\" style=\"color: #ffffff; border-width: 0px; margin: 28px 0 0 0; background-color: #000000;\"><span class=\"text_wrap\">LES MER<\/span><span aria-hidden=\"true\" class=\"edgt_icon_font_elegant arrow_right button_icon\" style=\"color: #b3835e;width: inherit; \" ><\/span><span class=\"a_overlay\" style=\"\"><\/span><\/a>[\/no_elements_holder_item][no_elements_holder_item background_image=&raquo;24313&#8243; item_padding=&raquo;416px 0 0 0&#8243; aligment=&raquo;left&raquo; vertical_alignment=&raquo;top&raquo; animation_name=&raquo;z_rotate&raquo; animation_delay=&raquo;150&#8243; advanced_animations=&raquo;yes&raquo; start_position=&raquo;bottom-top&raquo; end_position=&raquo;center&raquo; item_padding_1300_1600=&raquo;389px 0 0 0&#8243; item_padding_1000_1300=&raquo;389px 0 0 0&#8243; item_padding_768_1000=&raquo;416px 0 0 0&#8243; item_padding_600_768=&raquo;416px 0 0 0&#8243; item_padding_480_600=&raquo;416px 0 0 0&#8243; item_padding_480=&raquo;416px 0 0 0&#8243; elemnts_holder_frame=&raquo;no&raquo; frame_pattern_image=&raquo;&raquo;][\/no_elements_holder_item][no_elements_holder_item background_color=&raquo;#17110f&raquo; item_padding=&raquo;124px 11% 124px 11%&raquo; aligment=&raquo;left&raquo; vertical_alignment=&raquo;top&raquo; animation_name=&raquo;z_rotate&raquo; animation_delay=&raquo;300&#8243; advanced_animations=&raquo;no&raquo; item_padding_1300_1600=&raquo;111px 11% 110px 11%&raquo; item_padding_1000_1300=&raquo;97px 11% 97px 11%&raquo; item_padding_768_1000=&raquo;97px 11% 97px 11%&raquo; item_padding_600_768=&raquo;70px 6% 70px 6%&raquo; item_padding_480_600=&raquo;70px 6% 70px 6%&raquo; item_padding_480=&raquo;70px 6% 70px 6%&raquo; elemnts_holder_frame=&raquo;no&raquo;][vc_column_text]<\/p>\n<h3><span style=\"color: #ffffff;\">Marienbad<\/span><\/h3>\n<p>[\/vc_column_text][vc_separator type=&raquo;small&raquo; position=&raquo;left&raquo; border_style=&raquo;solid&raquo; width=&raquo;60&#8243; thickness=&raquo;2&#8243; up=&raquo;22&#8243; up_style=&raquo;px&raquo; down=&raquo;26&#8243; down_style=&raquo;px&raquo;][vc_column_text]<\/p>\n<p class=\"p1\">Flotte alternative spa-bygninger med blomstrende parker hvor spa-gjester sitter og nipper godt av jugs fylt av byens ber\u00f8mte kilder. Denne spa-byen er vert for de viktigste statsmenn og kunstnere fra hele verden.<\/p>\n<p>[\/vc_column_text]<a href=\"#\" target=\"_self\" data-hover-animated-background-color=#b3835e data-hover-color=#ffffff data-icon-hover-color=#ffffff  class=\"qbutton  qbutton_with_icon fill_from_top icon_right\" style=\"color: #ffffff; border-width: 0px; margin: 28px 0 0 0; background-color: #000000;\"><span class=\"text_wrap\">LES MER<\/span><span aria-hidden=\"true\" class=\"edgt_icon_font_elegant arrow_right button_icon\" style=\"color: #b3835e;width: inherit; \" ><\/span><span class=\"a_overlay\" style=\"\"><\/span><\/a>[\/no_elements_holder_item][\/no_elements_holder][no_elements_holder number_of_columns=&raquo;three_columns&raquo; switch_to_one_column=&raquo;1000&#8243;][no_elements_holder_item background_image=&raquo;24332&#8243; item_padding=&raquo;416px 0 0 0&#8243; aligment=&raquo;left&raquo; vertical_alignment=&raquo;top&raquo; animation_name=&raquo;z_rotate&raquo; animation_delay=&raquo;0&#8243; advanced_animations=&raquo;no&raquo; item_padding_1300_1600=&raquo;389px 0 0 0&#8243; item_padding_1000_1300=&raquo;389px 0 0 0&#8243; item_padding_768_1000=&raquo;416px 0 0 0&#8243; item_padding_600_768=&raquo;416px 0 0 0&#8243; item_padding_480_600=&raquo;416px 0 0 0&#8243; item_padding_480=&raquo;416px 0 0 0&#8243; elemnts_holder_frame=&raquo;no&raquo;][\/no_elements_holder_item][no_elements_holder_item background_color=&raquo;#56ad93&#8243; item_padding=&raquo;95px 11% 95px 11%&raquo; aligment=&raquo;left&raquo; vertical_alignment=&raquo;top&raquo; animation_name=&raquo;z_rotate&raquo; animation_delay=&raquo;150&#8243; advanced_animations=&raquo;no&raquo; item_padding_1300_1600=&raquo;95px 11% 95px 11%&raquo; item_padding_1000_1300=&raquo;82px 11% 81px 11%&raquo; item_padding_768_1000=&raquo;82px 11% 81px 11%&raquo; item_padding_600_768=&raquo;70px 6% 70px 6%&raquo; item_padding_480_600=&raquo;70px 6% 70px 6%&raquo; item_padding_480=&raquo;70px 6% 70px 6%&raquo; elemnts_holder_frame=&raquo;no&raquo;][vc_column_text]<\/p>\n<h3><span style=\"color: #ffffff;\">Vakkert utformede pakker<\/span><\/h3>\n<p>[\/vc_column_text][vc_separator type=&raquo;small&raquo; position=&raquo;left&raquo; border_style=&raquo;solid&raquo; width=&raquo;60&#8243; thickness=&raquo;2&#8243; up=&raquo;22&#8243; up_style=&raquo;px&raquo; down=&raquo;26&#8243; down_style=&raquo;px&raquo;][vc_column_text]<\/p>\n<p class=\"p1\">Oppdag v\u00e5re luksus Boho-pakker for vakre \u00f8yeblikk du vil huske i lang tid framover.<\/p>\n<p>[\/vc_column_text]<a href=\"#\" target=\"_self\" data-hover-animated-background-color=#b3835e data-hover-color=#ffffff data-icon-hover-color=#ffffff  class=\"qbutton  qbutton_with_icon fill_from_top icon_right\" style=\"color: #ffffff; border-width: 0px; margin: 28px 0 0 0; background-color: #000000;\"><span class=\"text_wrap\">LES MER<\/span><span aria-hidden=\"true\" class=\"edgt_icon_font_elegant arrow_right button_icon\" style=\"color: #b3835e;width: inherit; \" ><\/span><span class=\"a_overlay\" style=\"\"><\/span><\/a>[\/no_elements_holder_item][no_elements_holder_item background_image=&raquo;24340&#8243; item_padding=&raquo;416px 0 0 0&#8243; aligment=&raquo;left&raquo; vertical_alignment=&raquo;top&raquo; animation_name=&raquo;z_rotate&raquo; animation_delay=&raquo;300&#8243; advanced_animations=&raquo;no&raquo; item_padding_1300_1600=&raquo;389px 0 0 0&#8243; item_padding_1000_1300=&raquo;389px 0 0 0&#8243; item_padding_768_1000=&raquo;416px 0 0 0&#8243; item_padding_600_768=&raquo;416px 0 0 0&#8243; item_padding_480_600=&raquo;416px 0 0 0&#8243; item_padding_480=&raquo;416px 0 0 0&#8243; elemnts_holder_frame=&raquo;no&raquo;][\/no_elements_holder_item][\/no_elements_holder][\/vc_column][\/vc_row][vc_row row_type=&raquo;row&raquo; use_row_as_full_screen_section=&raquo;no&raquo; type=&raquo;grid&raquo; text_align=&raquo;left&raquo; background_color=&raquo;#f2f2f2&#8243; padding_top=&raquo;10&#8243; padding_bottom=&raquo;10&#8243; box_shadow_on_row=&raquo;no&raquo;][vc_column]<div class='edgt_progress_bar'><h2 class='progress_title_holder clearfix' style='color: #505050;font-size: 17px;'><span class='progress_title'>KREATIVE PROGRAMMER<\/span><span class='progress_number_wrapper floating floating_outside'><span class='progress_number with_mark' style='color: #00ccb0;background-color: rgba(255,255,255,0.01);font-weight: 700;'><span class='percent'>0<\/span><span class='down_arrow' style=\"border-top-color:rgba(255,255,255,0.01);\"><\/span><\/span><\/span><\/h2><div class='progress_content_outer' style='height: 15px;border-radius: 7px;-moz-border-radius: 7px;-webkit-border-radius: 7px;background-color: #c69c6d;'><div data-percentage='100' class='progress_content' style='height: 15px;background-color: #ffffff;background-image: url();background-repeat: repeat;background-position: 0px 0px;border-color: rgba(255,255,255,0.01);'><\/div><\/div><\/div><div class='edgt_progress_bar'><h4 class='progress_title_holder clearfix' style='color: #505050;font-size: 17px;'><span class='progress_title'>SPA BEHANDLINGER<\/span><span class='progress_number_wrapper floating floating_outside'><span class='progress_number with_mark' style='color: #00ccaa;background-color: rgba(255,255,255,0.01);font-weight: 700;'><span class='percent'>0<\/span><span class='down_arrow' style=\"border-top-color:rgba(255,255,255,0.01);\"><\/span><\/span><\/span><\/h4><div class='progress_content_outer' style='height: 15px;border-radius: 7px;-moz-border-radius: 7px;-webkit-border-radius: 7px;background-color: #c69c6d;'><div data-percentage='60' class='progress_content' style='height: 15px;background-color: #ffffff;background-image: url();background-repeat: repeat;background-position: 0px 0px;border-color: rgba(255,255,255,0.01);'><\/div><\/div><\/div><div class='edgt_progress_bar'><h4 class='progress_title_holder clearfix' style='color: #505050;font-size: 17px;'><span class='progress_title'>KULTURELLE AKTIVITETER<\/span><span class='progress_number_wrapper floating floating_outside'><span class='progress_number with_mark' style='color: #00c489;background-color: rgba(255,255,255,0.01);font-weight: 700;'><span class='percent'>0<\/span><span class='down_arrow' style=\"border-top-color:rgba(255,255,255,0.01);\"><\/span><\/span><\/span><\/h4><div class='progress_content_outer' style='height: 15px;border-radius: 7px;-moz-border-radius: 7px;-webkit-border-radius: 7px;background-color: #c69c6d;'><div data-percentage='40' class='progress_content' style='height: 15px;background-color: #ffffff;background-image: url();background-repeat: repeat;background-position: 0px 0px;border-color: rgba(255,255,255,0.01);'><\/div><\/div><\/div><div class='edgt_progress_bar'><h4 class='progress_title_holder clearfix' style='color: #505050;font-size: 17px;'><span class='progress_title'>MORSOMT og SLAPPE AV<\/span><span class='progress_number_wrapper floating floating_outside'><span class='progress_number with_mark' style='color: #00bc8a;background-color: rgba(255,255,255,0.01);font-weight: 700;'><span class='percent'>0<\/span><span class='down_arrow' style=\"border-top-color:rgba(255,255,255,0.01);\"><\/span><\/span><\/span><\/h4><div class='progress_content_outer' style='height: 15px;border-radius: 7px;-moz-border-radius: 7px;-webkit-border-radius: 7px;background-color: #c69c6d;'><div data-percentage='100' class='progress_content' style='height: 15px;background-color: #ffffff;background-image: url();background-repeat: repeat;background-position: 0px 0px;border-color: rgba(255,255,255,0.01);'><\/div><\/div><\/div>[vc_column_text][\/vc_column_text][\/vc_column][\/vc_row][vc_row row_type=&raquo;row&raquo; use_row_as_full_screen_section=&raquo;no&raquo; type=&raquo;full_width&raquo; text_align=&raquo;left&raquo; box_shadow_on_row=&raquo;no&raquo;][vc_column][\/vc_column][\/vc_row]<\/p>\n","protected":false},"excerpt":{"rendered":"<p>[vc_row row_type=&raquo;row&raquo; use_row_as_full_screen_section=&raquo;no&raquo; type=&raquo;grid&raquo; text_align=&raquo;left&raquo; css_animation=&raquo;element_from_top&raquo; box_shadow_on_row=&raquo;yes&raquo;][vc_column][vc_column_text el_id=&raquo;h1&#8243;] Profesjonell omsorg [\/vc_column_text][vc_text_separator title=&raquo;Oppdag v\u00e5rt tsjekkiske medisinske spa&raquo; css_animation=&raquo;fadeInDown&raquo; text_in_box=&raquo;no&raquo; text_position=&raquo;center&raquo; box_padding=&raquo;15&#8243; line_color=&raquo;#31d699&#8243; line_width=&raquo;258&#8243; line_border_style=&raquo;solid&raquo; up=&raquo;12&#8243; down=&raquo;30&#8243; animation=&raquo;animate_width&raquo; line_dots=&raquo;no&raquo; title_color=&raquo;#1cbfa9&#8243;][vc_column_text]V\u00e5rt medisinske spa infrastruktur i Tsjekkia er p\u00e5 en utmerket niv\u00e5 og enda viktigere spa ansette f\u00f8rsteklasses helbredende&#8230;<\/p>\n","protected":false},"author":1,"featured_media":0,"parent":0,"menu_order":0,"comment_status":"open","ping_status":"open","template":"full_width.php","meta":[],"_links":{"self":[{"href":"https:\/\/www.bohotravels.com\/no\/wp-json\/wp\/v2\/pages\/25968"}],"collection":[{"href":"https:\/\/www.bohotravels.com\/no\/wp-json\/wp\/v2\/pages"}],"about":[{"href":"https:\/\/www.bohotravels.com\/no\/wp-json\/wp\/v2\/types\/page"}],"author":[{"embeddable":true,"href":"https:\/\/www.bohotravels.com\/no\/wp-json\/wp\/v2\/users\/1"}],"replies":[{"embeddable":true,"href":"https:\/\/www.bohotravels.com\/no\/wp-json\/wp\/v2\/comments?post=25968"}],"version-history":[{"count":8,"href":"https:\/\/www.bohotravels.com\/no\/wp-json\/wp\/v2\/pages\/25968\/revisions"}],"predecessor-version":[{"id":26876,"href":"https:\/\/www.bohotravels.com\/no\/wp-json\/wp\/v2\/pages\/25968\/revisions\/26876"}],"wp:attachment":[{"href":"https:\/\/www.bohotravels.com\/no\/wp-json\/wp\/v2\/media?parent=25968"}],"curies":[{"name":"wp","href":"https:\/\/api.w.org\/{rel}","templated":true}]}}