{"id":25964,"date":"2015-07-10T13:49:00","date_gmt":"2015-07-10T13:49:00","guid":{"rendered":"http:\/\/bohotravels.canarias.com\/shop-2\/"},"modified":"2018-07-24T10:06:50","modified_gmt":"2018-07-24T10:06:50","slug":"boho-shop","status":"publish","type":"page","link":"https:\/\/www.bohotravels.com\/no\/boho-shop\/","title":{"rendered":"boho shop"},"content":{"rendered":"<p>[vc_row row_type=&raquo;row&raquo; use_row_as_full_screen_section=&raquo;no&raquo; type=&raquo;full_width&raquo; text_align=&raquo;center&raquo; padding_top=&raquo;68&#8243; padding_bottom=&raquo;48&#8243; box_shadow_on_row=&raquo;no&raquo; floating_direction=&raquo;top-bottom&raquo; floating_speed=&raquo;3&#8243; zigzag=&raquo;yes&raquo; floating_randsize=&raquo;yes&raquo;][vc_column][vc_column_text]<\/p>\n<h2><span style=\"background: white;\">SE P\u00c5\u00a0<\/span><\/h2>\n<p>[\/vc_column_text][vc_text_separator title=&raquo;V\u00e5re spesielle pakketilbud&raquo; css_animation=&raquo;none&raquo; text_in_box=&raquo;no&raquo; text_position=&raquo;center&raquo; box_padding=&raquo;15&#8243; line_width=&raquo;258&#8243; line_thickness=&raquo;1&#8243; line_border_style=&raquo;solid&raquo; up=&raquo;12&#8243; animation=&raquo;animate_width&raquo; line_dots=&raquo;no&raquo;][\/vc_column][\/vc_row][vc_row row_type=&raquo;row&raquo; use_row_as_full_screen_section=&raquo;no&raquo; type=&raquo;grid&raquo; text_align=&raquo;left&raquo; padding_bottom=&raquo;25&#8243; css_animation=&raquo;none&raquo; box_shadow_on_row=&raquo;no&raquo; floating_direction=&raquo;top-bottom&raquo; floating_speed=&raquo;3&#8243; zigzag=&raquo;yes&raquo; floating_randsize=&raquo;yes&raquo;][vc_column css_animation=&raquo;none&raquo; width=&raquo;1\/3&#8243;]<a href=\"\/?p=6142\">[vc_single_image image=&raquo;24140&#8243; img_size=&raquo;full&raquo; add_caption=&raquo;yes&raquo; onclick=&raquo;custom_link&raquo; hover_animation=&raquo;yes&raquo; overlay_image_color=&raquo;rgba(137,137,137,0.5)&raquo; show_border=&raquo;yes&raquo; border_hover_animation=&raquo;edgt_box_continue_line&raquo; animated_border_color=&raquo;#1bc174&#8243; edgt_css_animation=&raquo;none&raquo; el_class=&raquo;check more&raquo;]<\/a>[vc_separator type=&raquo;transparent&raquo; up=&raquo;24&#8243; up_style=&raquo;px&raquo; down=&raquo;0&#8243; down_style=&raquo;px&raquo;][vc_column_text]<\/p>\n<h2 style=\"text-align: center;\"><a href=\"\/?p=6142\">WELLNESS SPA<\/a><\/h2>\n<p>[\/vc_column_text][vc_separator type=&raquo;transparent&raquo; up=&raquo;13&#8243; up_style=&raquo;px&raquo; down=&raquo;0&#8243; down_style=&raquo;px&raquo;][vc_column_text]<\/p>\n<p style=\"text-align: center;\"><a href=\"\/?p=6142\">Se v\u00e5re luksuri\u00f8se og avslappende pakketilbud for velv\u00e6re ved bohemske spa<\/a><\/p>\n<p>[\/vc_column_text][vc_separator type=&raquo;transparent&raquo; up=&raquo;14&#8243; up_style=&raquo;px&raquo; down=&raquo;0&#8243; down_style=&raquo;px&raquo;]<a href=\"\/package\/wellness\/\" target=\"_blank\" data-hover-animated-background-color=rgba(255,255,255,0.01) data-hover-color=#000000  class=\"qbutton  move_icon qbutton_with_icon fill_from_left icon_right\" style=\"color: #c58162; border-width: 0px; font-size: 14px; font-family: Playfair Display;line-height: 20px; height: 20px; font-style: normal; font-weight: 400; letter-spacing: 0px; text-transform: capitalize; padding: 0 0px; background-color: rgba(255,255,255,0.01);\"><span class=\"text_wrap\">Les mer<\/span><span aria-hidden=\"true\" class=\"edgt_icon_font_elegant arrow_right button_icon\" style=\"color: #cc9d7b;width: inherit; \" ><\/span><span class=\"a_overlay\" style=\"\"><\/span><\/a>[vc_separator type=&raquo;transparent&raquo; up=&raquo;50&#8243; up_style=&raquo;px&raquo; down=&raquo;0&#8243; down_style=&raquo;px&raquo;][\/vc_column][vc_column css_animation=&raquo;none&raquo; width=&raquo;1\/3&#8243;]<a href=\"\/?product_cat=anti-aging\">[vc_single_image image=&raquo;24148&#8243; img_size=&raquo;full&raquo; hover_animation=&raquo;yes&raquo; overlay_image_color=&raquo;rgba(160,160,160,0.5)&raquo; show_border=&raquo;yes&raquo; border_hover_animation=&raquo;edgt_box_scale_line&raquo; animated_border_color=&raquo;#1fc68f&raquo; edgt_css_animation=&raquo;none&raquo;]<\/a>[vc_separator type=&raquo;transparent&raquo; up=&raquo;24&#8243; up_style=&raquo;px&raquo; down=&raquo;0&#8243; down_style=&raquo;px&raquo;][vc_column_text]<\/p>\n<h2 style=\"text-align: center;\"><a href=\"\/?product_cat=anti-aging\">ANTI-AGING<\/a><\/h2>\n<p>[\/vc_column_text][vc_separator type=&raquo;transparent&raquo; up=&raquo;13&#8243; up_style=&raquo;px&raquo; down=&raquo;0&#8243; down_style=&raquo;px&raquo;][vc_column_text]<\/p>\n<p style=\"text-align: center;\"><a href=\"\/?product_cat=anti-aging\">\u00a0Naturlig aldringsforhindrende program med en utrolig langvarig effekt<\/a><\/p>\n<p>[\/vc_column_text][vc_separator type=&raquo;transparent&raquo; up=&raquo;14&#8243; up_style=&raquo;px&raquo; down=&raquo;0&#8243; down_style=&raquo;px&raquo;]<a href=\"\/packages\/anti-aging\/\" target=\"_blank\" data-hover-background-color=rgba(255,255,255,0.01) data-hover-color=#000000  class=\"qbutton  move_icon qbutton_with_icon icon_right\" style=\"color: #c58162; border-width: 0px; font-size: 14px; font-family: Playfair Display;line-height: 20px; height: 20px; font-style: normal; font-weight: 400; letter-spacing: 0px; text-transform: capitalize; padding: 0 0px; background-color: rgba(255,255,255,0.01);\">Les mer<span aria-hidden=\"true\" class=\"edgt_icon_font_elegant arrow_right button_icon\" style=\"color: #cc9d7b;width: inherit; \" ><\/span><\/a>[vc_separator type=&raquo;transparent&raquo; up=&raquo;50&#8243; up_style=&raquo;px&raquo; down=&raquo;0&#8243; down_style=&raquo;px&raquo;][\/vc_column][vc_column css_animation=&raquo;none&raquo; width=&raquo;1\/3&#8243;]<a href=\"\/?p=6140\">[vc_single_image image=&raquo;24098&#8243; img_size=&raquo;full&raquo; onclick=&raquo;custom_link&raquo; hover_animation=&raquo;yes&raquo; overlay_image_color=&raquo;rgba(170,170,170,0.5)&raquo; show_border=&raquo;yes&raquo; border_hover_animation=&raquo;edgt_box_scale_line&raquo; animated_border_color=&raquo;#29ce91&#8243; edgt_css_animation=&raquo;none&raquo; el_class=&raquo;hh&raquo;]<\/a>[vc_separator type=&raquo;transparent&raquo; up=&raquo;24&#8243; up_style=&raquo;px&raquo; down=&raquo;0&#8243; down_style=&raquo;px&raquo;][vc_column_text]<\/p>\n<h2 style=\"text-align: center;\"><a href=\"\/?p=6140\">MEDISINSK SPA<\/a><\/h2>\n<p>[\/vc_column_text][vc_separator type=&raquo;transparent&raquo; up=&raquo;13&#8243; up_style=&raquo;px&raquo; down=&raquo;0&#8243; down_style=&raquo;px&raquo;][vc_column_text]<\/p>\n<p style=\"text-align: center;\"><a href=\"\/?p=6140\">V\u00e5re medisinske spa-pakker, skreddersydd n\u00f8yaktig etter dine behov <\/a><\/p>\n<p style=\"text-align: center;\">[\/vc_column_text][vc_separator type=&raquo;transparent&raquo; up=&raquo;14&#8243; up_style=&raquo;px&raquo; down=&raquo;0&#8243; down_style=&raquo;px&raquo;]<a href=\"\/package\/medical-spa\/\" target=\"_blank\" data-hover-background-color=rgba(255,255,255,0.01) data-hover-color=#000000  class=\"qbutton  move_icon qbutton_with_icon icon_right\" style=\"color: #c58162; border-width: 0px; font-size: 14px; font-family: Playfair Display;line-height: 20px; height: 20px; font-style: normal; font-weight: 400; letter-spacing: 0px; text-transform: none; padding: 0 0px; background-color: rgba(255,255,255,0.01);\">Les mer<span aria-hidden=\"true\" class=\"edgt_icon_font_elegant arrow_right button_icon\" style=\"color: #cc9d7b;width: inherit; \" ><\/span><\/a>[vc_separator type=&raquo;transparent&raquo; up=&raquo;50&#8243; up_style=&raquo;px&raquo; down=&raquo;0&#8243; down_style=&raquo;px&raquo;][\/vc_column][\/vc_row]<\/p>\n<p>[vc_text_separator title=&raquo;sjekk v\u00e5re tilbud&raquo; css_animation=&raquo;none&raquo; text_in_box=&raquo;no&raquo; text_position=&raquo;center&raquo; box_padding=&raquo;15&#8243; line_width=&raquo;258&#8243; line_thickness=&raquo;1&#8243; line_border_style=&raquo;solid&raquo; up=&raquo;12&#8243; animation=&raquo;animate_width&raquo; line_dots=&raquo;no&raquo;]<\/p>\n<p>&nbsp;<\/p>\n<p>[vc_row row_type=&raquo;row&raquo; use_row_as_full_screen_section=&raquo;no&raquo; type=&raquo;grid&raquo; text_align=&raquo;left&raquo; padding_bottom=&raquo;24&#8243; box_shadow_on_row=&raquo;no&raquo;][vc_column]<div class=\"woocommerce columns-4 \">\n<ul class=\"products clearfix type1 hover_type1 \">\n\t<li class=\"post-26152 product type-product status-publish has-post-thumbnail hentry product_cat-medisinske-spa-no product_cat-wellness-spa-no\">\n\t\t\t\t\t<div class=\"top-product-section\">\n\t\t\t\t<a href=\"https:\/\/www.bohotravels.com\/no\/package\/f-x-mayr-detox\/\">\n\t\t\t\t\t<span class=\"image-wrapper\">\n\t\t\t\t\t\t\t\t\t\t<\/span>\n\t\t\t\t<\/a>\n\t\t\t\t   <div class=\"product_image_overlay\"><\/div><span class=\"onsale out-of-stock-button\"><span>Tomt p\u00e5 lager<\/span><\/span>\n\t\t\t<\/div>\n\t\t\t<div class=\"product_info_box\">\n\t\t\t\t<span class=\"product-categories\">\n\t\t\t\t\t<a href=\"https:\/\/www.bohotravels.com\/no\/packages\/medisinske-spa-no\/\" rel=\"tag\">Medisinsk Spa<\/a>, <a href=\"https:\/\/www.bohotravels.com\/no\/packages\/wellness-spa-no\/\" rel=\"tag\">Velv\u00e6re og spa<\/a>\t\t\t\t<\/span>\n\t\t\t\t<a href=\"https:\/\/www.bohotravels.com\/no\/package\/f-x-mayr-detox\/\" class=\"product-category\">\n\t\t\t\t\t<span class=\"product-title\">7-dager med F. X. MAYR DETOKS i Karlsbad<\/span>\n\t\t\t\t<\/a>\n\t\t\t\t\t\t\t\t\t<div class=\"separator_holder\"><span class=\"separator medium\"><\/span><\/div>\n\t\t\t\t\t\t\t\t<div class=\"shop_price_lightbox_holder\">\n\t\t\t\t\t\n\t<span class=\"price\"><span class=\"woocommerce-Price-amount amount\"><bdi><span class=\"woocommerce-Price-currencySymbol\">&euro;<\/span>1,200.00<\/bdi><\/span><\/span>\n<p class=\"stock out-of-stock out_of_stock_color\">Tomt p\u00e5 lager<\/p>\t\t\t\t\t\t\t\t\t<\/div>\n\t\t\t<\/div>\n\t\t\t\t<\/li>\n\n\n\t<li class=\"post-26145 product type-product status-publish has-post-thumbnail hentry product_cat-anti-aging-no\">\n\t\t\t\t\t<div class=\"top-product-section\">\n\t\t\t\t<a href=\"https:\/\/www.bohotravels.com\/no\/package\/pakke-1\/\">\n\t\t\t\t\t<span class=\"image-wrapper\">\n\t\t\t\t\t\t\t\t\t\t<\/span>\n\t\t\t\t<\/a>\n\t\t\t\t<div class=\"product_image_overlay\"><\/div><div class=\"add-to-cart-button-outer\"><div class=\"add-to-cart-button-inner\"><div class=\"add-to-cart-button-inner2\"><a class=\"product_link_over\" href=\"https:\/\/www.bohotravels.com\/no\/package\/pakke-1\/\"><\/a><a rel=\"nofollow\" href=\"https:\/\/www.bohotravels.com\/no\/package\/pakke-1\/\" data-quantity=\"1\" data-product_id=\"26145\" data-product_sku=\"pack-1\" class=\"qbutton add-to-cart-button  button product_type_variable add_to_cart_button \">Velg alternativ<\/a><\/div><\/div><\/div>\t\t\t<\/div>\n\t\t\t<div class=\"product_info_box\">\n\t\t\t\t<span class=\"product-categories\">\n\t\t\t\t\t<a href=\"https:\/\/www.bohotravels.com\/no\/packages\/anti-aging-no\/\" rel=\"tag\">Anti-aldring<\/a>\t\t\t\t<\/span>\n\t\t\t\t<a href=\"https:\/\/www.bohotravels.com\/no\/package\/pakke-1\/\" class=\"product-category\">\n\t\t\t\t\t<span class=\"product-title\">Ansikt, hals og hender<\/span>\n\t\t\t\t<\/a>\n\t\t\t\t\t\t\t\t\t<div class=\"separator_holder\"><span class=\"separator medium\"><\/span><\/div>\n\t\t\t\t\t\t\t\t<div class=\"shop_price_lightbox_holder\">\n\t\t\t\t\t\n\t<span class=\"price\"><span class=\"woocommerce-Price-amount amount\"><bdi><span class=\"woocommerce-Price-currencySymbol\">&euro;<\/span>4,000.00<\/bdi><\/span><\/span>\n<p class=\"stock in-stock in_stock_color\">P\u00e5 lager<\/p>\t\t\t\t\t\t\t\t\t<\/div>\n\t\t\t<\/div>\n\t\t\t\t<\/li>\n\n\n\t<li class=\"post-26153 product type-product status-publish has-post-thumbnail hentry product_cat-anti-aging-no\">\n\t\t\t\t\t<div class=\"top-product-section\">\n\t\t\t\t<a href=\"https:\/\/www.bohotravels.com\/no\/package\/ansikt\/\">\n\t\t\t\t\t<span class=\"image-wrapper\">\n\t\t\t\t\t\t\t\t\t\t<\/span>\n\t\t\t\t<\/a>\n\t\t\t\t<div class=\"product_image_overlay\"><\/div><div class=\"add-to-cart-button-outer\"><div class=\"add-to-cart-button-inner\"><div class=\"add-to-cart-button-inner2\"><a class=\"product_link_over\" href=\"https:\/\/www.bohotravels.com\/no\/package\/ansikt\/\"><\/a><a rel=\"nofollow\" href=\"https:\/\/www.bohotravels.com\/no\/package\/ansikt\/\" data-quantity=\"1\" data-product_id=\"26153\" data-product_sku=\"pack-1-1-1\" class=\"qbutton add-to-cart-button  button product_type_variable add_to_cart_button \">Velg alternativ<\/a><\/div><\/div><\/div>\t\t\t<\/div>\n\t\t\t<div class=\"product_info_box\">\n\t\t\t\t<span class=\"product-categories\">\n\t\t\t\t\t<a href=\"https:\/\/www.bohotravels.com\/no\/packages\/anti-aging-no\/\" rel=\"tag\">Anti-aldring<\/a>\t\t\t\t<\/span>\n\t\t\t\t<a href=\"https:\/\/www.bohotravels.com\/no\/package\/ansikt\/\" class=\"product-category\">\n\t\t\t\t\t<span class=\"product-title\">Ansikt<\/span>\n\t\t\t\t<\/a>\n\t\t\t\t\t\t\t\t\t<div class=\"separator_holder\"><span class=\"separator medium\"><\/span><\/div>\n\t\t\t\t\t\t\t\t<div class=\"shop_price_lightbox_holder\">\n\t\t\t\t\t\n\t<span class=\"price\"><span class=\"woocommerce-Price-amount amount\"><bdi><span class=\"woocommerce-Price-currencySymbol\">&euro;<\/span>3,000.00<\/bdi><\/span><\/span>\n<p class=\"stock in-stock in_stock_color\">P\u00e5 lager<\/p>\t\t\t\t\t\t\t\t\t<\/div>\n\t\t\t<\/div>\n\t\t\t            <script>\n                    jQuery(\".product_type_simple[data-product_id='26153']\").remove();\n            <\/script>\n        \t<\/li>\n\n\n\t<li class=\"post-26390 product type-product status-publish has-post-thumbnail hentry product_cat-anti-aging-no\">\n\t\t\t\t\t<div class=\"top-product-section\">\n\t\t\t\t<a href=\"https:\/\/www.bohotravels.com\/no\/package\/ansikt-hals\/\">\n\t\t\t\t\t<span class=\"image-wrapper\">\n\t\t\t\t\t\t\t\t\t\t<\/span>\n\t\t\t\t<\/a>\n\t\t\t\t<div class=\"product_image_overlay\"><\/div><div class=\"add-to-cart-button-outer\"><div class=\"add-to-cart-button-inner\"><div class=\"add-to-cart-button-inner2\"><a class=\"product_link_over\" href=\"https:\/\/www.bohotravels.com\/no\/package\/ansikt-hals\/\"><\/a><a rel=\"nofollow\" href=\"?add-to-cart=26390\" data-quantity=\"1\" data-product_id=\"26390\" data-product_sku=\"pack-1-1-1-1\" class=\"qbutton add-to-cart-button  button product_type_simple add_to_cart_button ajax_add_to_cart \">Kj\u00f8p<\/a><\/div><\/div><\/div>\t\t\t<\/div>\n\t\t\t<div class=\"product_info_box\">\n\t\t\t\t<span class=\"product-categories\">\n\t\t\t\t\t<a href=\"https:\/\/www.bohotravels.com\/no\/packages\/anti-aging-no\/\" rel=\"tag\">Anti-aldring<\/a>\t\t\t\t<\/span>\n\t\t\t\t<a href=\"https:\/\/www.bohotravels.com\/no\/package\/ansikt-hals\/\" class=\"product-category\">\n\t\t\t\t\t<span class=\"product-title\">Ansikt og hals<\/span>\n\t\t\t\t<\/a>\n\t\t\t\t\t\t\t\t\t<div class=\"separator_holder\"><span class=\"separator medium\"><\/span><\/div>\n\t\t\t\t\t\t\t\t<div class=\"shop_price_lightbox_holder\">\n\t\t\t\t\t\n\t<span class=\"price\"><span class=\"woocommerce-Price-amount amount\"><bdi><span class=\"woocommerce-Price-currencySymbol\">&euro;<\/span>3,500.00<\/bdi><\/span><\/span>\n<p class=\"stock in-stock in_stock_color\">P\u00e5 lager<\/p>\t\t\t\t\t\t\t\t\t<\/div>\n\t\t\t<\/div>\n\t\t\t            <script>\n                    jQuery(\".product_type_simple[data-product_id='26390']\").remove();\n            <\/script>\n        \t<\/li>\n\n\n\t<li class=\"post-27301 product type-product status-publish has-post-thumbnail hentry product_cat-medisinske-spa-no\">\n\t\t\t\t\t<div class=\"top-product-section\">\n\t\t\t\t<a href=\"https:\/\/www.bohotravels.com\/no\/package\/medisinks-terapi\/\">\n\t\t\t\t\t<span class=\"image-wrapper\">\n\t\t\t\t\t\t\t\t\t\t<\/span>\n\t\t\t\t<\/a>\n\t\t\t\t<div class=\"product_image_overlay\"><\/div><div class=\"add-to-cart-button-outer\"><div class=\"add-to-cart-button-inner\"><div class=\"add-to-cart-button-inner2\"><a class=\"product_link_over\" href=\"https:\/\/www.bohotravels.com\/no\/package\/medisinks-terapi\/\"><\/a><a rel=\"nofollow\" href=\"?add-to-cart=27301\" data-quantity=\"1\" data-product_id=\"27301\" data-product_sku=\"\" class=\"qbutton add-to-cart-button  button product_type_simple add_to_cart_button ajax_add_to_cart \">Kj\u00f8p<\/a><\/div><\/div><\/div>\t\t\t<\/div>\n\t\t\t<div class=\"product_info_box\">\n\t\t\t\t<span class=\"product-categories\">\n\t\t\t\t\t<a href=\"https:\/\/www.bohotravels.com\/no\/packages\/medisinske-spa-no\/\" rel=\"tag\">Medisinsk Spa<\/a>\t\t\t\t<\/span>\n\t\t\t\t<a href=\"https:\/\/www.bohotravels.com\/no\/package\/medisinks-terapi\/\" class=\"product-category\">\n\t\t\t\t\t<span class=\"product-title\">1 UKES MEDISINSK TERAPI<\/span>\n\t\t\t\t<\/a>\n\t\t\t\t\t\t\t\t\t<div class=\"separator_holder\"><span class=\"separator medium\"><\/span><\/div>\n\t\t\t\t\t\t\t\t<div class=\"shop_price_lightbox_holder\">\n\t\t\t\t\t\n\t<span class=\"price\"><span class=\"woocommerce-Price-amount amount\"><bdi><span class=\"woocommerce-Price-currencySymbol\">&euro;<\/span>1,600.00<\/bdi><\/span><\/span>\n<p class=\"stock in-stock in_stock_color\">P\u00e5 lager<\/p>\t\t\t\t\t\t\t\t\t<\/div>\n\t\t\t<\/div>\n\t\t\t            <script>\n                    jQuery(\".product_type_simple[data-product_id='27301']\").remove();\n            <\/script>\n        \t<\/li>\n\n\n\t<li class=\"post-27095 product type-product status-publish has-post-thumbnail hentry product_cat-medisinske-spa-no product_cat-wellness-spa-no\">\n\t\t\t\t\t<div class=\"top-product-section\">\n\t\t\t\t<a href=\"https:\/\/www.bohotravels.com\/no\/package\/detoks-uke-i-teplice\/\">\n\t\t\t\t\t<span class=\"image-wrapper\">\n\t\t\t\t\t\t\t\t\t\t<\/span>\n\t\t\t\t<\/a>\n\t\t\t\t<div class=\"product_image_overlay\"><\/div><div class=\"add-to-cart-button-outer\"><div class=\"add-to-cart-button-inner\"><div class=\"add-to-cart-button-inner2\"><a class=\"product_link_over\" href=\"https:\/\/www.bohotravels.com\/no\/package\/detoks-uke-i-teplice\/\"><\/a><a rel=\"nofollow\" href=\"?add-to-cart=27095\" data-quantity=\"1\" data-product_id=\"27095\" data-product_sku=\"1\" class=\"qbutton add-to-cart-button  button product_type_simple add_to_cart_button ajax_add_to_cart \">Kj\u00f8p<\/a><\/div><\/div><\/div>\t\t\t<\/div>\n\t\t\t<div class=\"product_info_box\">\n\t\t\t\t<span class=\"product-categories\">\n\t\t\t\t\t<a href=\"https:\/\/www.bohotravels.com\/no\/packages\/medisinske-spa-no\/\" rel=\"tag\">Medisinsk Spa<\/a>, <a href=\"https:\/\/www.bohotravels.com\/no\/packages\/wellness-spa-no\/\" rel=\"tag\">Velv\u00e6re og spa<\/a>\t\t\t\t<\/span>\n\t\t\t\t<a href=\"https:\/\/www.bohotravels.com\/no\/package\/detoks-uke-i-teplice\/\" class=\"product-category\">\n\t\t\t\t\t<span class=\"product-title\">Detoks-uke i Teplice<\/span>\n\t\t\t\t<\/a>\n\t\t\t\t\t\t\t\t\t<div class=\"separator_holder\"><span class=\"separator medium\"><\/span><\/div>\n\t\t\t\t\t\t\t\t<div class=\"shop_price_lightbox_holder\">\n\t\t\t\t\t\n\t<span class=\"price\"><span class=\"woocommerce-Price-amount amount\"><bdi><span class=\"woocommerce-Price-currencySymbol\">&euro;<\/span>1,250.00<\/bdi><\/span><\/span>\n<p class=\"stock in-stock in_stock_color\">P\u00e5 lager<\/p>\t\t\t\t\t\t\t\t\t<\/div>\n\t\t\t<\/div>\n\t\t\t            <script>\n                    jQuery(\".product_type_simple[data-product_id='27095']\").remove();\n            <\/script>\n        \t<\/li>\n\n<\/ul>\n<\/div>[\/vc_column][\/vc_row]<\/p>\n<p>&nbsp;<\/p>\n","protected":false},"excerpt":{"rendered":"<p>[vc_row row_type=&raquo;row&raquo; use_row_as_full_screen_section=&raquo;no&raquo; type=&raquo;full_width&raquo; text_align=&raquo;center&raquo; padding_top=&raquo;68&#8243; padding_bottom=&raquo;48&#8243; box_shadow_on_row=&raquo;no&raquo; floating_direction=&raquo;top-bottom&raquo; floating_speed=&raquo;3&#8243; zigzag=&raquo;yes&raquo; floating_randsize=&raquo;yes&raquo;][vc_column][vc_column_text] SE P\u00c5\u00a0 [\/vc_column_text][vc_text_separator title=&raquo;V\u00e5re spesielle pakketilbud&raquo; css_animation=&raquo;none&raquo; text_in_box=&raquo;no&raquo; text_position=&raquo;center&raquo; box_padding=&raquo;15&#8243; line_width=&raquo;258&#8243; line_thickness=&raquo;1&#8243; line_border_style=&raquo;solid&raquo; up=&raquo;12&#8243; animation=&raquo;animate_width&raquo; line_dots=&raquo;no&raquo;][\/vc_column][\/vc_row][vc_row row_type=&raquo;row&raquo; use_row_as_full_screen_section=&raquo;no&raquo; type=&raquo;grid&raquo; text_align=&raquo;left&raquo; padding_bottom=&raquo;25&#8243; css_animation=&raquo;none&raquo; box_shadow_on_row=&raquo;no&raquo; floating_direction=&raquo;top-bottom&raquo; floating_speed=&raquo;3&#8243; zigzag=&raquo;yes&raquo; floating_randsize=&raquo;yes&raquo;][vc_column css_animation=&raquo;none&raquo; width=&raquo;1\/3&#8243;][vc_single_image image=&raquo;24140&#8243; img_size=&raquo;full&raquo; add_caption=&raquo;yes&raquo; onclick=&raquo;custom_link&raquo;&#8230;<\/p>\n","protected":false},"author":1,"featured_media":0,"parent":0,"menu_order":0,"comment_status":"open","ping_status":"closed","template":"full_width.php","meta":[],"_links":{"self":[{"href":"https:\/\/www.bohotravels.com\/no\/wp-json\/wp\/v2\/pages\/25964"}],"collection":[{"href":"https:\/\/www.bohotravels.com\/no\/wp-json\/wp\/v2\/pages"}],"about":[{"href":"https:\/\/www.bohotravels.com\/no\/wp-json\/wp\/v2\/types\/page"}],"author":[{"embeddable":true,"href":"https:\/\/www.bohotravels.com\/no\/wp-json\/wp\/v2\/users\/1"}],"replies":[{"embeddable":true,"href":"https:\/\/www.bohotravels.com\/no\/wp-json\/wp\/v2\/comments?post=25964"}],"version-history":[{"count":15,"href":"https:\/\/www.bohotravels.com\/no\/wp-json\/wp\/v2\/pages\/25964\/revisions"}],"predecessor-version":[{"id":27327,"href":"https:\/\/www.bohotravels.com\/no\/wp-json\/wp\/v2\/pages\/25964\/revisions\/27327"}],"wp:attachment":[{"href":"https:\/\/www.bohotravels.com\/no\/wp-json\/wp\/v2\/media?parent=25964"}],"curies":[{"name":"wp","href":"https:\/\/api.w.org\/{rel}","templated":true}]}}