{"id":27632,"date":"2015-07-22T14:12:34","date_gmt":"2015-07-22T14:12:34","guid":{"rendered":"http:\/\/www.bohotravels.com\/boho-travels-about-us\/"},"modified":"2018-11-16T11:47:11","modified_gmt":"2018-11-16T11:47:11","slug":"boho-travels-about-us","status":"publish","type":"page","link":"https:\/\/www.bohotravels.com\/de\/boho-travels-about-us\/","title":{"rendered":"\u00dcber uns"},"content":{"rendered":"<p>[vc_row row_type=&#8220;row&#8220; use_row_as_full_screen_section=&#8220;no&#8220; type=&#8220;full_width&#8220; text_align=&#8220;left&#8220; box_shadow_on_row=&#8220;no&#8220;][vc_column][no_elements_holder number_of_columns=&#8220;two_columns&#8220; switch_to_one_column=&#8220;1000&#8243; alignment_one_column=&#8220;center&#8220;][no_elements_holder_item background_image=&#8220;24293&#8243; aligment=&#8220;left&#8220; animation_name=&#8220;x_rotate&#8220; advanced_animations=&#8220;no&#8220; elemnts_holder_frame=&#8220;no&#8220;][\/no_elements_holder_item][no_elements_holder_item background_color=&#8220;#201a15&#8243; item_padding=&#8220;34px &#8220; aligment=&#8220;center&#8220; animation_name=&#8220;x_rotate&#8220; advanced_animations=&#8220;no&#8220; elemnts_holder_frame=&#8220;no&#8220;][no_bordered_elements_holder animation_type=&#8220;edgt_box_continue_line&#8220; hover_animation=&#8220;edgt_box_scale_in&#8220; border_color=&#8220;rgba(255,255,255,0.56)&#8220; border_width=&#8220;1&#8243; holder_padding=&#8220;26.4% 18% 26.7% 18%&#8220;][vc_column_text]<\/p>\n<h2 style=\"text-align: center;\"><span style=\"color: #ffffff;\">Unsere Philosophie<br \/>\n<\/span><\/h2>\n<p>[\/vc_column_text][vc_separator type=&#8220;transparent&#8220; up=&#8220;16&#8243; up_style=&#8220;px&#8220; down=&#8220;0&#8243; down_style=&#8220;px&#8220;][vc_column_text]<\/p>\n<h6 style=\"text-align: center;\"><span style=\"color: #d8a97e;\">\u00a0Wir k\u00fcmmern uns um Ihre Gesundheit<br \/>\n<\/span><\/h6>\n<p>[\/vc_column_text][vc_separator type=&#8220;transparent&#8220; up=&#8220;37&#8243; up_style=&#8220;px&#8220; down=&#8220;0&#8243; down_style=&#8220;px&#8220;][vc_column_text]<\/p>\n<p style=\"text-align: center;\">Wir bieten vorwiegend nat\u00fcrliche Behandlungen, ein medizinisches Spa mit Erholungsprogrammen und entspannenden Wellness-Angeboten, gefolgt von perfekten kulturellen und unterhaltsamen Aktivit\u00e4ten.<\/p>\n<p style=\"text-align: center;\">Unsere urspr\u00fcnglich erstellten Programme bieten Ihnen die beste Erfahrung. Boho Travels bietet eine ideale Gelegenheit, um eine einzigartige Erfahrung aus lokaler Sicht zu genie\u00dfen.<\/p>\n<p>[\/vc_column_text][vc_separator type=&#8220;transparent&#8220; up=&#8220;36&#8243; up_style=&#8220;px&#8220; down=&#8220;0&#8243; down_style=&#8220;px&#8220;][\/no_bordered_elements_holder][\/no_elements_holder_item][\/no_elements_holder][\/vc_column][\/vc_row][vc_row row_type=&#8220;row&#8220; use_row_as_full_screen_section=&#8220;no&#8220; type=&#8220;full_width&#8220; text_align=&#8220;left&#8220; background_color=&#8220;#f8f8f8&#8243; side_padding=&#8220;34px 34px 34px 34px&#8220; box_shadow_on_row=&#8220;no&#8220;][vc_column][no_elements_holder number_of_columns=&#8220;two_columns&#8220;][no_elements_holder_item background_color=&#8220;#f8f8f8&#8243; item_padding=&#8220;34px&#8220; aligment=&#8220;center&#8220; animation_name=&#8220;x_rotate&#8220; advanced_animations=&#8220;no&#8220; elemnts_holder_frame=&#8220;no&#8220;][no_bordered_elements_holder animation_type=&#8220;edgt_box_continue_line&#8220; hover_animation=&#8220;edgt_box_scale_in&#8220; border_color=&#8220;#d8a97e&#8220; border_width=&#8220;1&#8243; holder_padding=&#8220;26.4% 18% 26.7% 18%&#8220;][vc_column_text]<\/p>\n<h2 style=\"text-align: center;\">Hohe Qualit\u00e4t<\/h2>\n<p>[\/vc_column_text][vc_separator type=&#8220;transparent&#8220; up=&#8220;16&#8243; up_style=&#8220;px&#8220; down=&#8220;0&#8243; down_style=&#8220;px&#8220;][vc_column_text]<\/p>\n<h6 style=\"text-align: center;\"><span style=\"color: #b57d4b;\">\u00a0Konzentrieren Sie sich auf Ihre Individuelln Bed\u00fcrfnisse<br \/>\n<\/span><\/h6>\n<p>[\/vc_column_text][vc_separator type=&#8220;transparent&#8220; up=&#8220;37&#8243; up_style=&#8220;px&#8220; down=&#8220;0&#8243; down_style=&#8220;px&#8220;][vc_column_text]<\/p>\n<p class=\"p3\" style=\"text-align: center;\">Boho Travels hat sorgf\u00e4ltig ausgew\u00e4hlte Dienstleistungen mit einer sehr hohen Qualit\u00e4t ausgew\u00e4hlt, die von uns pers\u00f6nlich bewiesen wurden. F\u00fcr unser Gesch\u00e4ft ist es wichtig, den besten Ruf f\u00fcr hervorragende Dienstleistungen zu haben.<\/p>\n<p class=\"p3\" style=\"text-align: center;\">Wir haben eine pers\u00f6nliche Beziehung zu unseren Kunden und gehen auf individuelle Bed\u00fcrfnisse und W\u00fcnsche ein. Unser Hauptziel ist es, dass Sie sich w\u00e4hrend Ihres gesamten Aufenthaltes wohl und willkommen f\u00fchlen.<\/p>\n<p>[\/vc_column_text][vc_separator type=&#8220;transparent&#8220; up=&#8220;36&#8243; up_style=&#8220;px&#8220; down=&#8220;0&#8243; down_style=&#8220;px&#8220;][\/no_bordered_elements_holder][\/no_elements_holder_item][no_elements_holder_item background_image=&#8220;15871&#8243; aligment=&#8220;left&#8220; animation_name=&#8220;x_rotate&#8220; advanced_animations=&#8220;no&#8220; elemnts_holder_frame=&#8220;no&#8220;][\/no_elements_holder_item][\/no_elements_holder][\/vc_column][\/vc_row]<\/p>\n","protected":false},"excerpt":{"rendered":"<p>[vc_row row_type=&#8220;row&#8220; use_row_as_full_screen_section=&#8220;no&#8220; type=&#8220;full_width&#8220; text_align=&#8220;left&#8220; box_shadow_on_row=&#8220;no&#8220;][vc_column][no_elements_holder number_of_columns=&#8220;two_columns&#8220; switch_to_one_column=&#8220;1000&#8243; alignment_one_column=&#8220;center&#8220;][no_elements_holder_item background_image=&#8220;24293&#8243; aligment=&#8220;left&#8220; animation_name=&#8220;x_rotate&#8220; advanced_animations=&#8220;no&#8220; elemnts_holder_frame=&#8220;no&#8220;][\/no_elements_holder_item][no_elements_holder_item background_color=&#8220;#201a15&#8243; item_padding=&#8220;34px &#8220; aligment=&#8220;center&#8220; animation_name=&#8220;x_rotate&#8220; advanced_animations=&#8220;no&#8220; elemnts_holder_frame=&#8220;no&#8220;][no_bordered_elements_holder animation_type=&#8220;edgt_box_continue_line&#8220; hover_animation=&#8220;edgt_box_scale_in&#8220; border_color=&#8220;rgba(255,255,255,0.56)&#8220; border_width=&#8220;1&#8243; holder_padding=&#8220;26.4% 18% 26.7% 18%&#8220;][vc_column_text] Unsere Philosophie [\/vc_column_text][vc_separator type=&#8220;transparent&#8220; up=&#8220;16&#8243; up_style=&#8220;px&#8220; down=&#8220;0&#8243; down_style=&#8220;px&#8220;][vc_column_text] \u00a0Wir k\u00fcmmern uns um Ihre Gesundheit [\/vc_column_text][vc_separator type=&#8220;transparent&#8220;&#8230;<\/p>\n","protected":false},"author":1,"featured_media":0,"parent":0,"menu_order":0,"comment_status":"open","ping_status":"closed","template":"full_width.php","meta":[],"_links":{"self":[{"href":"https:\/\/www.bohotravels.com\/de\/wp-json\/wp\/v2\/pages\/27632"}],"collection":[{"href":"https:\/\/www.bohotravels.com\/de\/wp-json\/wp\/v2\/pages"}],"about":[{"href":"https:\/\/www.bohotravels.com\/de\/wp-json\/wp\/v2\/types\/page"}],"author":[{"embeddable":true,"href":"https:\/\/www.bohotravels.com\/de\/wp-json\/wp\/v2\/users\/1"}],"replies":[{"embeddable":true,"href":"https:\/\/www.bohotravels.com\/de\/wp-json\/wp\/v2\/comments?post=27632"}],"version-history":[{"count":5,"href":"https:\/\/www.bohotravels.com\/de\/wp-json\/wp\/v2\/pages\/27632\/revisions"}],"predecessor-version":[{"id":27723,"href":"https:\/\/www.bohotravels.com\/de\/wp-json\/wp\/v2\/pages\/27632\/revisions\/27723"}],"wp:attachment":[{"href":"https:\/\/www.bohotravels.com\/de\/wp-json\/wp\/v2\/media?parent=27632"}],"curies":[{"name":"wp","href":"https:\/\/api.w.org\/{rel}","templated":true}]}}