{"id":27354,"date":"2015-07-27T12:30:57","date_gmt":"2015-07-27T12:30:57","guid":{"rendered":"http:\/\/www.bohotravels.com\/wellness-spa-czech-republic-2\/"},"modified":"2018-12-15T22:30:44","modified_gmt":"2018-12-15T22:30:44","slug":"wellness-spa-czech-republic-2","status":"publish","type":"page","link":"https:\/\/www.bohotravels.com\/de\/wellness-spa-czech-republic-2\/","title":{"rendered":"Wellness Spa"},"content":{"rendered":"<p>[vc_row row_type=&#8220;row&#8220; use_row_as_full_screen_section=&#8220;no&#8220; type=&#8220;grid&#8220; text_align=&#8220;center&#8220; background_color=&#8220;#f2f2f2&#8243; padding_top=&#8220;14&#8243; padding_bottom=&#8220;14&#8243; box_shadow_on_row=&#8220;no&#8220;][vc_column][no_elements_holder number_of_columns=&#8220;five_columns&#8220;][no_elements_holder_item item_padding=&#8220;8px 0px 13px 0px&#8220; aligment=&#8220;center&#8220; advanced_animations=&#8220;no&#8220; elemnts_holder_frame=&#8220;no&#8220;]<div class=\"edgt_counter_holder  center\" style=\"\"><span class=\"counter  zero\" style=\"color: #1d1614;\">100<\/span><h4 class='counter_title' style='color:#b77e4b;'>BEFRIEDIGUNG<\/h4><\/div>[\/no_elements_holder_item][no_elements_holder_item item_padding=&#8220;8px 0px 13px 0px&#8220; aligment=&#8220;center&#8220; advanced_animations=&#8220;no&#8220; elemnts_holder_frame=&#8220;no&#8220;]<div class=\"edgt_counter_holder  center\" style=\"\"><span class=\"counter  zero\" style=\"color: #1d1614;\">120<\/span><h4 class='counter_title' style='color:#b77e4b;'>MINERALSTR\u00d6ME<\/h4><\/div>[\/no_elements_holder_item][no_elements_holder_item item_padding=&#8220;8px 0px 13px 0px&#8220; aligment=&#8220;center&#8220; advanced_animations=&#8220;no&#8220; elemnts_holder_frame=&#8220;no&#8220;]<div class=\"edgt_counter_holder  center\" style=\"\"><span class=\"counter  zero\" style=\"color: #1d1614;\">25<\/span><h4 class='counter_title' style='color:#b77e4b;'>SPA-PROGRAMME<\/h4><\/div>[\/no_elements_holder_item][no_elements_holder_item item_padding=&#8220;8px 0px 13px 0px&#8220; aligment=&#8220;center&#8220; advanced_animations=&#8220;no&#8220; elemnts_holder_frame=&#8220;no&#8220;]<div class=\"edgt_counter_holder  center\" style=\"\"><span class=\"counter  zero\" style=\"color: #1d1614;\">2<\/span><h6 class='counter_title' style='color:#b77e4b;'>SPA-ST\u00c4DTE <\/h6><\/div>[\/no_elements_holder_item][no_elements_holder_item item_padding=&#8220;8px 0px 13px 0px&#8220; aligment=&#8220;center&#8220; advanced_animations=&#8220;no&#8220; elemnts_holder_frame=&#8220;no&#8220;]<div class=\"edgt_counter_holder  center\" style=\"\"><span class=\"counter  zero\" style=\"color: #1d1614;\">10<\/span><h4 class='counter_title' style='color:#b77e4b;'>EINZIGARTIGE BOHO-PROGRAMME<\/h4><\/div>[\/no_elements_holder_item][\/no_elements_holder][\/vc_column][\/vc_row][vc_row row_type=&#8220;row&#8220; use_row_as_full_screen_section=&#8220;no&#8220; type=&#8220;grid&#8220; text_align=&#8220;center&#8220; background_image=&#8220;26984&#8243; pattern_background=&#8220;pattern_background&#8220; padding_top=&#8220;68&#8243; padding_bottom=&#8220;75&#8243; box_shadow_on_row=&#8220;no&#8220;][vc_column parallax=&#8220;content-moving-fade&#8220; css_animation=&#8220;none&#8220;][vc_text_separator title=&#8220;Du hast dir unsere luxuri\u00f6sen Boho Behandlungen verdient&#8220; css_animation=&#8220;none&#8220; text_in_box=&#8220;no&#8220; text_position=&#8220;center&#8220; box_padding=&#8220;15&#8243; line_color=&#8220;#38f7be&#8220; line_width=&#8220;258&#8243; line_border_style=&#8220;solid&#8220; up=&#8220;12&#8243; down=&#8220;30&#8243; animation=&#8220;animate_width&#8220; line_dots=&#8220;no&#8220; title_color=&#8220;#02ffc8&#8243;][vc_column_text el_class=&#8220;color-whitesmoke&#8220;]<\/p>\n<p class=\"p1\"><span class=\"s1\">Komm und ruh dich aus in heilenden Mineralquellen und weiteren therapeutischen B\u00e4dern. Die Spas befinden sich inmitten von Tschechien, eingebettet in wundersch\u00f6ne Landschaften. <\/span><\/p>\n<p class=\"p1\"><span class=\"s1\">Unsere Kunden erhalten in den Spas eine erstklassige Pflege, Wellness programme, moderne Behandlungsmethoden und vieles mehr. <b>Verw\u00f6hnen Sie Ihren K\u00f6rper und Ihre Seele in einem tschechischen Spa und f\u00fchlen Sie sich wie neu geboren.<\/b><\/span><\/p>\n<p class=\"p1\"><span class=\"s1\">Verw\u00f6hnen Sie sich mit der besten Pflege und lassen Sie den Alltagsstress zur\u00fcck. Geniessen Sie unsere beruhigenden B\u00e4der in Heil-Wasser, entspannenden Massagen, nat\u00fcrliche Wickel oder die luxuri\u00f6sen Behandlungen inmitten einer wundersch\u00f6nen Landschaft unserer tschechischen Wellness-Resorts, die sich in einer wundervollen historischen Stadt befinden. <\/span><\/p>\n<p>Wellness spa programs are created for your general wellbeing &amp; relaxation using the healing mineral springs and other natural therapeutic resources available in the Czech spas, in turn located in the beautiful scenic countryside. Our clients receive high quality spa care, wellness programs, modern trends and wide range of other services. Pamper your body and soul in the Czech spas to feel reborn.<\/p>\n<p>Boho Travels assists you to find the best spa resort suitable for your medical and healthcare needs. We are cooperating with many professional spa hotels and resorts, providing the best care and tailor made programmes. An initial doctor\u2019s consultation is necessary for the creation of the individual medical plan. Your doctor will set up a package and special health programme most suited to you.[\/vc_column_text]<div class='edgt_progress_bar'><h3 class='progress_title_holder clearfix' style='color: #c47703;font-size: 20px;'><span class='progress_title'>KULTURELLE AKTIVIT\u00c4TEN<\/span><span class='progress_number_wrapper floating floating_outside'><span class='progress_number with_mark' style='color: #00c475;background-color: rgba(255,255,255,0.01);font-weight: 700;'><span class='percent'>0<\/span><span class='down_arrow' style=\"border-top-color:rgba(255,255,255,0.01);\"><\/span><\/span><\/span><\/h3><div class='progress_content_outer' style='height: 15px;border-radius: 7px;-moz-border-radius: 7px;-webkit-border-radius: 7px;background-color: #c69c6d;'><div data-percentage='40' class='progress_content' style='height: 15px;background-color: #ffffff;background-image: url();background-repeat: repeat;background-position: 0px 0px;border-color: rgba(255,255,255,0.01);'><\/div><\/div><\/div><div class='edgt_progress_bar'><h2 class='progress_title_holder clearfix' style='color: #c67000;font-size: 20px;'><span class='progress_title'>SPA-BEHANDLUNGEN<\/span><span class='progress_number_wrapper floating floating_outside'><span class='progress_number with_mark' style='color: #0faa77;background-color: rgba(255,255,255,0.01);font-weight: 700;'><span class='percent'>0<\/span><span class='down_arrow' style=\"border-top-color:rgba(255,255,255,0.01);\"><\/span><\/span><\/span><\/h2><div class='progress_content_outer' style='height: 15px;border-radius: 7px;-moz-border-radius: 7px;-webkit-border-radius: 7px;background-color: #c69c6d;'><div data-percentage='60' class='progress_content' style='height: 15px;background-color: #ffffff;background-image: url();background-repeat: repeat;background-position: 0px 0px;border-color: rgba(255,255,255,0.01);'><\/div><\/div><\/div><div class='edgt_progress_bar'><h2 class='progress_title_holder clearfix' style='color: #bc7d00;font-size: 20px;'><span class='progress_title'>FUN und RELAX<\/span><span class='progress_number_wrapper floating floating_outside'><span class='progress_number with_mark' style='color: #00c67d;background-color: rgba(255,255,255,0.01);font-weight: 700;'><span class='percent'>0<\/span><span class='down_arrow' style=\"border-top-color:rgba(255,255,255,0.01);\"><\/span><\/span><\/span><\/h2><div class='progress_content_outer' style='height: 15px;border-radius: 7px;-moz-border-radius: 7px;-webkit-border-radius: 7px;background-color: #c69c6d;'><div data-percentage='100' class='progress_content' style='height: 15px;background-color: #ffffff;background-image: url();background-repeat: repeat;background-position: 0px 0px;border-color: rgba(255,255,255,0.01);'><\/div><\/div><\/div><div class='edgt_progress_bar'><h2 class='progress_title_holder clearfix' style='color: #b78101;font-size: 20px;'><span class='progress_title'>KREATIVE PROGRAMME<\/span><span class='progress_number_wrapper floating floating_outside'><span class='progress_number with_mark' style='color: #08d180;background-color: rgba(255,255,255,0.01);font-weight: 700;'><span class='percent'>0<\/span><span class='down_arrow' style=\"border-top-color:rgba(255,255,255,0.01);\"><\/span><\/span><\/span><\/h2><div class='progress_content_outer' style='height: 15px;border-radius: 7px;-moz-border-radius: 7px;-webkit-border-radius: 7px;background-color: #c69c6d;'><div data-percentage='100' class='progress_content' style='height: 15px;background-color: #ffffff;background-image: url();background-repeat: repeat;background-position: 0px 0px;border-color: rgba(255,255,255,0.01);'><\/div><\/div><\/div>[\/vc_column][\/vc_row][vc_row row_type=&#8220;row&#8220; use_row_as_full_screen_section=&#8220;no&#8220; type=&#8220;full_width&#8220; text_align=&#8220;left&#8220; box_shadow_on_row=&#8220;no&#8220;][vc_column css=&#8220;.vc_custom_1518789979964{padding-top: 25px !important;padding-bottom: 25px !important;padding-left: 63px !important;}&#8220;][vc_column_text css=&#8220;.vc_custom_1544911526309{margin-top: 5px !important;border-radius: 5px !important;}&#8220;]<\/p>\n<h2 style=\"text-align: center;\">Unterschiedliche Boho-Programme &#8211; nur f\u00fcr Sie<\/h2>\n<p>[\/vc_column_text][vc_column_text]Boho Travels bieten Ihnen eine unvergessliche Erfahrung. Freuen Sie sich auf Wellnessangebote sowie ein breites Angebot an Freizeitaktivit\u00e4ten, welche Ihren Urlaub in der Tschechischen Republik bereichern werden.[\/vc_column_text][\/vc_column][\/vc_row][vc_row row_type=&#8220;row&#8220; use_row_as_full_screen_section=&#8220;no&#8220; type=&#8220;full_width&#8220; text_align=&#8220;left&#8220; box_shadow_on_row=&#8220;no&#8220;][vc_column][no_elements_holder number_of_columns=&#8220;three_columns&#8220; switch_to_one_column=&#8220;1000&#8243;][no_elements_holder_item background_color=&#8220;#ddc7b5&#8243; item_padding=&#8220;124px 11% 124px 11%&#8220; aligment=&#8220;left&#8220; vertical_alignment=&#8220;top&#8220; animation_name=&#8220;z_rotate&#8220; animation_delay=&#8220;0&#8243; advanced_animations=&#8220;no&#8220; item_padding_1300_1600=&#8220;111px 11% 110px 11%&#8220; item_padding_1000_1300=&#8220;97px 11% 97px 11%&#8220; item_padding_768_1000=&#8220;97px 11% 97px 11%&#8220; item_padding_600_768=&#8220;70px 6% 70px 6%&#8220; item_padding_480_600=&#8220;70px 6% 70px 6%&#8220; item_padding_480=&#8220;70px 6% 70px 6%&#8220; elemnts_holder_frame=&#8220;no&#8220;][vc_column_text]<\/p>\n<h3>Karlsbad<\/h3>\n<p>[\/vc_column_text][vc_separator type=&#8220;small&#8220; position=&#8220;left&#8220; border_style=&#8220;solid&#8220; width=&#8220;60&#8243; thickness=&#8220;2&#8243; up=&#8220;22&#8243; up_style=&#8220;px&#8220; down=&#8220;26&#8243; down_style=&#8220;px&#8220;][vc_column_text]Erleben Sie die Sch\u00f6nheit der Spa-Eleganz, imposante Kolonnaden, exklusive Spa-Geb\u00e4ude und eine wundersch\u00f6ne Anlage im Herzen eines bewaldeten Tals.<\/p>\n<p>Das ist Karlsbad.[\/vc_column_text]<a href=\"#\" target=\"_self\" data-hover-animated-background-color=#b3835e data-hover-color=#ffffff data-icon-hover-color=#ffffff  class=\"qbutton  qbutton_with_icon fill_from_top icon_right\" style=\"color: #ffffff; border-width: 0px; margin: 28px 0 0 0; background-color: #000000;\"><span class=\"text_wrap\">WEITERLESEN<\/span><span aria-hidden=\"true\" class=\"edgt_icon_font_elegant arrow_right button_icon\" style=\"color: #b3835e;width: inherit; \" ><\/span><span class=\"a_overlay\" style=\"\"><\/span><\/a>[\/no_elements_holder_item][no_elements_holder_item background_image=&#8220;24313&#8243; item_padding=&#8220;416px 0 0 0&#8243; aligment=&#8220;left&#8220; vertical_alignment=&#8220;top&#8220; animation_name=&#8220;z_rotate&#8220; animation_delay=&#8220;150&#8243; advanced_animations=&#8220;yes&#8220; start_position=&#8220;bottom-top&#8220; end_position=&#8220;center&#8220; item_padding_1300_1600=&#8220;389px 0 0 0&#8243; item_padding_1000_1300=&#8220;389px 0 0 0&#8243; item_padding_768_1000=&#8220;416px 0 0 0&#8243; item_padding_600_768=&#8220;416px 0 0 0&#8243; item_padding_480_600=&#8220;416px 0 0 0&#8243; item_padding_480=&#8220;416px 0 0 0&#8243; elemnts_holder_frame=&#8220;no&#8220; frame_pattern_image=&#8220;&#8220;][\/no_elements_holder_item][no_elements_holder_item background_color=&#8220;#17110f&#8220; item_padding=&#8220;124px 11% 124px 11%&#8220; aligment=&#8220;left&#8220; vertical_alignment=&#8220;top&#8220; animation_name=&#8220;z_rotate&#8220; animation_delay=&#8220;300&#8243; advanced_animations=&#8220;no&#8220; item_padding_1300_1600=&#8220;111px 11% 110px 11%&#8220; item_padding_1000_1300=&#8220;97px 11% 97px 11%&#8220; item_padding_768_1000=&#8220;97px 11% 97px 11%&#8220; item_padding_600_768=&#8220;70px 6% 70px 6%&#8220; item_padding_480_600=&#8220;70px 6% 70px 6%&#8220; item_padding_480=&#8220;70px 6% 70px 6%&#8220; elemnts_holder_frame=&#8220;no&#8220;][vc_column_text]<\/p>\n<h3><span style=\"color: #ffffff;\">Marienbad<\/span><\/h3>\n<p>[\/vc_column_text][vc_separator type=&#8220;small&#8220; position=&#8220;left&#8220; border_style=&#8220;solid&#8220; width=&#8220;60&#8243; thickness=&#8220;2&#8243; up=&#8220;22&#8243; up_style=&#8220;px&#8220; down=&#8220;26&#8243; down_style=&#8220;px&#8220;][vc_column_text el_class=&#8220;color-whitesmoke&#8220;]Wundersch\u00f6ne alternative Kurgeb\u00e4ude mit bl\u00fchenden Parks, in denen Kurg\u00e4ste sitzen und zufrieden aus Kr\u00fcgen der ber\u00fchmten Quellen der Stadt trinken. Diese Kurstadt beherbergt die wichtigsten Staatsm\u00e4nner und K\u00fcnstler aus der ganzen Welt.[\/vc_column_text]<a href=\"#\" target=\"_self\" data-hover-animated-background-color=#b3835e data-hover-color=#ffffff data-icon-hover-color=#ffffff  class=\"qbutton  qbutton_with_icon fill_from_top icon_right\" style=\"color: #ffffff; border-width: 0px; margin: 28px 0 0 0; background-color: #000000;\"><span class=\"text_wrap\">WEITERLESEN<\/span><span aria-hidden=\"true\" class=\"edgt_icon_font_elegant arrow_right button_icon\" style=\"color: #b3835e;width: inherit; \" ><\/span><span class=\"a_overlay\" style=\"\"><\/span><\/a>[\/no_elements_holder_item][\/no_elements_holder][no_elements_holder number_of_columns=&#8220;three_columns&#8220; switch_to_one_column=&#8220;1000&#8243;][no_elements_holder_item background_image=&#8220;24332&#8243; item_padding=&#8220;416px 0 0 0&#8243; aligment=&#8220;left&#8220; vertical_alignment=&#8220;top&#8220; animation_name=&#8220;z_rotate&#8220; animation_delay=&#8220;0&#8243; advanced_animations=&#8220;no&#8220; item_padding_1300_1600=&#8220;389px 0 0 0&#8243; item_padding_1000_1300=&#8220;389px 0 0 0&#8243; item_padding_768_1000=&#8220;416px 0 0 0&#8243; item_padding_600_768=&#8220;416px 0 0 0&#8243; item_padding_480_600=&#8220;416px 0 0 0&#8243; item_padding_480=&#8220;416px 0 0 0&#8243; elemnts_holder_frame=&#8220;no&#8220;][\/no_elements_holder_item][no_elements_holder_item background_color=&#8220;#56ad93&#8243; item_padding=&#8220;95px 11% 95px 11%&#8220; aligment=&#8220;left&#8220; vertical_alignment=&#8220;top&#8220; animation_name=&#8220;z_rotate&#8220; animation_delay=&#8220;150&#8243; advanced_animations=&#8220;no&#8220; item_padding_1300_1600=&#8220;95px 11% 95px 11%&#8220; item_padding_1000_1300=&#8220;82px 11% 81px 11%&#8220; item_padding_768_1000=&#8220;82px 11% 81px 11%&#8220; item_padding_600_768=&#8220;70px 6% 70px 6%&#8220; item_padding_480_600=&#8220;70px 6% 70px 6%&#8220; item_padding_480=&#8220;70px 6% 70px 6%&#8220; elemnts_holder_frame=&#8220;no&#8220;][vc_column_text]<\/p>\n<h3><span style=\"color: #ffffff;\">Sch\u00f6ngestaltete Pakete<br \/>\n<\/span><\/h3>\n<p>[\/vc_column_text][vc_separator type=&#8220;small&#8220; position=&#8220;left&#8220; border_style=&#8220;solid&#8220; width=&#8220;60&#8243; thickness=&#8220;2&#8243; up=&#8220;22&#8243; up_style=&#8220;px&#8220; down=&#8220;26&#8243; down_style=&#8220;px&#8220;][vc_column_text el_class=&#8220;color-whitesmoke&#8220;]Entdecken Sie unsere luxuri\u00f6sen Boho-Pakete f\u00fcr sch\u00f6ne Momente, die Sie noch lange sch\u00e4tzen werden.[\/vc_column_text]<a href=\"#\" target=\"_self\" data-hover-animated-background-color=#b3835e data-hover-color=#ffffff data-icon-hover-color=#ffffff  class=\"qbutton  qbutton_with_icon fill_from_top icon_right\" style=\"color: #ffffff; border-width: 0px; margin: 28px 0 0 0; background-color: #000000;\"><span class=\"text_wrap\">WEITERLESEN<\/span><span aria-hidden=\"true\" class=\"edgt_icon_font_elegant arrow_right button_icon\" style=\"color: #b3835e;width: inherit; \" ><\/span><span class=\"a_overlay\" style=\"\"><\/span><\/a>[\/no_elements_holder_item][no_elements_holder_item background_image=&#8220;24340&#8243; item_padding=&#8220;416px 0 0 0&#8243; aligment=&#8220;left&#8220; vertical_alignment=&#8220;top&#8220; animation_name=&#8220;z_rotate&#8220; animation_delay=&#8220;300&#8243; advanced_animations=&#8220;no&#8220; item_padding_1300_1600=&#8220;389px 0 0 0&#8243; item_padding_1000_1300=&#8220;389px 0 0 0&#8243; item_padding_768_1000=&#8220;416px 0 0 0&#8243; item_padding_600_768=&#8220;416px 0 0 0&#8243; item_padding_480_600=&#8220;416px 0 0 0&#8243; item_padding_480=&#8220;416px 0 0 0&#8243; elemnts_holder_frame=&#8220;no&#8220;][\/no_elements_holder_item][\/no_elements_holder][\/vc_column][\/vc_row]<\/p>\n","protected":false},"excerpt":{"rendered":"<p>[vc_row row_type=&#8220;row&#8220; use_row_as_full_screen_section=&#8220;no&#8220; type=&#8220;grid&#8220; text_align=&#8220;center&#8220; background_color=&#8220;#f2f2f2&#8243; padding_top=&#8220;14&#8243; padding_bottom=&#8220;14&#8243; box_shadow_on_row=&#8220;no&#8220;][vc_column][no_elements_holder number_of_columns=&#8220;five_columns&#8220;][no_elements_holder_item item_padding=&#8220;8px 0px 13px 0px&#8220; aligment=&#8220;center&#8220; advanced_animations=&#8220;no&#8220; elemnts_holder_frame=&#8220;no&#8220;][\/no_elements_holder_item][no_elements_holder_item item_padding=&#8220;8px 0px 13px 0px&#8220; aligment=&#8220;center&#8220; advanced_animations=&#8220;no&#8220; elemnts_holder_frame=&#8220;no&#8220;][\/no_elements_holder_item][no_elements_holder_item item_padding=&#8220;8px 0px 13px 0px&#8220; aligment=&#8220;center&#8220; advanced_animations=&#8220;no&#8220; elemnts_holder_frame=&#8220;no&#8220;][\/no_elements_holder_item][no_elements_holder_item item_padding=&#8220;8px 0px 13px 0px&#8220; aligment=&#8220;center&#8220; advanced_animations=&#8220;no&#8220; elemnts_holder_frame=&#8220;no&#8220;][\/no_elements_holder_item][no_elements_holder_item item_padding=&#8220;8px 0px 13px 0px&#8220; aligment=&#8220;center&#8220; advanced_animations=&#8220;no&#8220; elemnts_holder_frame=&#8220;no&#8220;][\/no_elements_holder_item][\/no_elements_holder][\/vc_column][\/vc_row][vc_row&#8230;<\/p>\n","protected":false},"author":1,"featured_media":0,"parent":0,"menu_order":0,"comment_status":"open","ping_status":"open","template":"full_width.php","meta":[],"_links":{"self":[{"href":"https:\/\/www.bohotravels.com\/de\/wp-json\/wp\/v2\/pages\/27354"}],"collection":[{"href":"https:\/\/www.bohotravels.com\/de\/wp-json\/wp\/v2\/pages"}],"about":[{"href":"https:\/\/www.bohotravels.com\/de\/wp-json\/wp\/v2\/types\/page"}],"author":[{"embeddable":true,"href":"https:\/\/www.bohotravels.com\/de\/wp-json\/wp\/v2\/users\/1"}],"replies":[{"embeddable":true,"href":"https:\/\/www.bohotravels.com\/de\/wp-json\/wp\/v2\/comments?post=27354"}],"version-history":[{"count":12,"href":"https:\/\/www.bohotravels.com\/de\/wp-json\/wp\/v2\/pages\/27354\/revisions"}],"predecessor-version":[{"id":27804,"href":"https:\/\/www.bohotravels.com\/de\/wp-json\/wp\/v2\/pages\/27354\/revisions\/27804"}],"wp:attachment":[{"href":"https:\/\/www.bohotravels.com\/de\/wp-json\/wp\/v2\/media?parent=27354"}],"curies":[{"name":"wp","href":"https:\/\/api.w.org\/{rel}","templated":true}]}}